{"id":768747,"date":"2025-08-28T13:31:06","date_gmt":"2025-08-28T10:31:06","guid":{"rendered":"https:\/\/roveyayinevi.com.tr\/index.php\/urun\/sessiz-cumle\/"},"modified":"2026-04-15T03:34:50","modified_gmt":"2026-04-15T00:34:50","slug":"sessiz-cumle","status":"publish","type":"product","link":"https:\/\/roveyayinevi.com.tr\/index.php\/urun\/sessiz-cumle\/","title":{"rendered":"Sessiz C\u00fcmle"},"content":{"rendered":"<p>The Washington Post\u2019un ifadesiyle \u201cher sayfas\u0131nda e\u011flenceli, \u015f\u0131k ya da d\u00e2hiyane bir \u015feyler bulabilece\u011finiz, bu\u0308tu\u0308n gu\u0308n okuyabilece\u011finiz yazarlardan biri\u201d olan David Lodge, Atlantik\u2019in her iki yakas\u0131nda da \u00f6vgu\u0308 toplam\u0131\u015ft\u0131r. Lodge\u2019un, on d\u00f6rdu\u0308ncu\u0308 kurmaca eseri olan Sessiz Cu\u0308mle, esprili, \u00f6zgu\u0308n ve su\u0308ru\u0308kleyici&#8230;   Sa\u011f\u0131rl\u0131k komiktir ama k\u00f6rlu\u0308k trajiktir. \u00d6rne\u011fin Oedipus\u2019u ele alal\u0131m: Diyelim ki g\u00f6zlerini oymak yerine kulak zar\u0131n\u0131 patlatt\u0131. Asl\u0131nda daha mant\u0131kl\u0131 olurdu, \u00e7u\u0308nku\u0308 ge\u00e7mi\u015fine dair o korkun\u00e7 ger\u00e7e\u011fi kulaklar\u0131yla \u00f6\u011frenmi\u015fti, ama bu ayn\u0131 katartik etkiye sahip olmazd\u0131. Belki ac\u0131ma duygusu uyand\u0131rabilirdi ama deh\u015fet uyand\u0131rmazd\u0131.   Sessiz Cu\u0308mle tam bir David Lodge klasi\u011fi; bir insan\u0131n sa\u011f\u0131rl\u0131k ve \u00f6lu\u0308mle, ya\u015flanma ve \u00f6lu\u0308mlu\u0308lu\u0308kle, insan hayat\u0131n\u0131n komedisi ve trajedisiyle y\u00fczle\u015fme \u00e7abas\u0131n\u0131n komik ve dokunakl\u0131 bir anlat\u0131m\u0131. <\/p>\n","protected":false},"excerpt":{"rendered":"<p>The Washington Post\u2019un ifadesiyle \u201cher sayfas\u0131nda e\u011flenceli, \u015f\u0131k ya da d\u00e2hiyane bir \u015feyler bulabilece\u011finiz, bu\u0308tu\u0308n gu\u0308n okuyabilece\u011finiz yazarlardan biri\u201d olan David Lodge, Atlantik\u2019in her iki yakas\u0131nda<span class=\"excerpt-hellip\"> [\u2026]<\/span><\/p>\n","protected":false},"featured_media":0,"template":"","meta":{"_monsterinsights_skip_tracking":false,"_monsterinsights_sitenote_active":false,"_monsterinsights_sitenote_note":"","_monsterinsights_sitenote_category":0},"product_brand":[],"product_cat":[18545,12291],"product_tag":[],"class_list":{"0":"post-768747","1":"product","2":"type-product","3":"status-publish","5":"product_cat-anlati","6":"product_cat-edebiyat","7":"pa_cilt-ciltsiz","8":"pa_tur-kitap","9":"pa_yayinevi-ayrinti-yayinlari","10":"pa_yazar-david-lodge","12":"first","13":"instock","14":"sale","15":"shipping-taxable","16":"purchasable","17":"product-type-simple"},"_links":{"self":[{"href":"https:\/\/roveyayinevi.com.tr\/index.php\/wp-json\/wp\/v2\/product\/768747","targetHints":{"allow":["GET"]}}],"collection":[{"href":"https:\/\/roveyayinevi.com.tr\/index.php\/wp-json\/wp\/v2\/product"}],"about":[{"href":"https:\/\/roveyayinevi.com.tr\/index.php\/wp-json\/wp\/v2\/types\/product"}],"wp:attachment":[{"href":"https:\/\/roveyayinevi.com.tr\/index.php\/wp-json\/wp\/v2\/media?parent=768747"}],"wp:term":[{"taxonomy":"product_brand","embeddable":true,"href":"https:\/\/roveyayinevi.com.tr\/index.php\/wp-json\/wp\/v2\/product_brand?post=768747"},{"taxonomy":"product_cat","embeddable":true,"href":"https:\/\/roveyayinevi.com.tr\/index.php\/wp-json\/wp\/v2\/product_cat?post=768747"},{"taxonomy":"product_tag","embeddable":true,"href":"https:\/\/roveyayinevi.com.tr\/index.php\/wp-json\/wp\/v2\/product_tag?post=768747"}],"curies":[{"name":"wp","href":"https:\/\/api.w.org\/{rel}","templated":true}]}}