{"id":768746,"date":"2025-08-28T13:31:04","date_gmt":"2025-08-28T10:31:04","guid":{"rendered":"https:\/\/roveyayinevi.com.tr\/index.php\/urun\/kayip-muhendis\/"},"modified":"2026-04-15T03:34:50","modified_gmt":"2026-04-15T00:34:50","slug":"kayip-muhendis","status":"publish","type":"product","link":"https:\/\/roveyayinevi.com.tr\/index.php\/urun\/kayip-muhendis\/","title":{"rendered":"Kay\u0131p Mu\u0308hendis"},"content":{"rendered":"<p>Devletin bu\u0308rokratik \u00e7ark\u0131, yamuk yumuktur, kirlidir pasl\u0131d\u0131r. Ama hayati konularda, tela\u015fs\u0131z fakat ac\u0131mas\u0131zca ve h\u0131zla d\u00f6ner. Sadece meydan okuyanlar\u0131, yumruk sallayanlar\u0131 de\u011fil, kendi yuvas\u0131ndaki sak\u0131ncal\u0131 unsurlar\u0131 da merhametsizce ezer. Pislik i\u00e7indeki fenal\u0131klar\u0131n\u0131n say\u0131l\u0131p d\u00f6ku\u0308lmemesi i\u00e7in kurbanlar\u0131n\u0131 \u00e7o\u011fu kez gizli operasyonlar\u0131n\u0131n karanl\u0131\u011f\u0131nda \u00f6lu\u0308 veya diri bir kenara f\u0131rlatarak topluma bir tu\u0308r kay\u0131ts\u0131z kal\u0131n\u0131z \u00e7a\u011fr\u0131s\u0131 yapar.   \u0130nsan hakk\u0131 ve kanun du\u0308zeni \u00e7i\u011fnenmi\u015ftir. Adalet duygusu incinmi\u015ftir. Hatta bu\u0308rokratik i\u015fleyi\u015f hiyerar\u015fisi bile bozulmu\u015ftur. Rejimin me\u015fruiyeti zedelenmi\u015ftir. Ama ad\u0131 konulmam\u0131\u015f \u00e7a\u011fr\u0131yla, insanlara korku ve geride durma duygusu bula\u015ft\u0131r\u0131lm\u0131\u015ft\u0131r. \u00c7ark\u0131n irili veya ufakl\u0131 ve \u00f6nemli ya da \u00f6nemsiz di\u015flilerinden olu\u015fan resmi g\u00f6revliler de \u00e7a\u011fr\u0131y\u0131 iliklerinde hissetmektedir.   Tu\u0308rk Hu\u0308ku\u0308meti, 2003 y\u0131l\u0131nda Irak sava\u015f\u0131na dolays\u0131z bi\u00e7imde kat\u0131lmaya raz\u0131 edilmi\u015ftir. Fakat sava\u015fa ortak olmay\u0131 resmile\u015ftirecek Tezkerenin Meclis\u2019te onaylanmas\u0131, yu\u0308kselen bar\u0131\u015f mu\u0308cadelesinin etkisiyle tehlikededir.   Bu\u0308rokrasi, tu\u0308rlu\u0308 yollarla milletvekillerini ikna etmeye \u00e7abalarken, Meclisin bilgisayar mu\u0308hendislerinden Adem aniden kaybolur. Cesedi \u00e7ok ge\u00e7meden bulunur. Ama olay\u0131n u\u0308stu\u0308 koyu bir karanl\u0131\u011f\u0131n sessizli\u011fiyle \u00f6rtu\u0308lmu\u0308\u015ftu\u0308r.   Avukat \u0130zzet, Meclis\u2019te kay\u0131p mu\u0308hendisin izini su\u0308rmeye ba\u015flar. Att\u0131\u011f\u0131 her ad\u0131mda, bu\u0308rokratik \u00e7ark\u0131n \u00f6ru\u0308mcek a\u011f\u0131 gibi s\u0131k\u0131 s\u0131k\u0131ya \u00f6rdu\u0308\u011fu\u0308 ve \u015fiddetle bezenmi\u015f tuzaklar\u0131yla kar\u015f\u0131la\u015facakt\u0131r<\/p>\n","protected":false},"excerpt":{"rendered":"<p>Devletin bu\u0308rokratik \u00e7ark\u0131, yamuk yumuktur, kirlidir pasl\u0131d\u0131r. Ama hayati konularda, tela\u015fs\u0131z fakat ac\u0131mas\u0131zca ve h\u0131zla d\u00f6ner. Sadece meydan okuyanlar\u0131, yumruk sallayanlar\u0131 de\u011fil, kendi yuvas\u0131ndaki sak\u0131ncal\u0131 unsurlar\u0131<span class=\"excerpt-hellip\"> [\u2026]<\/span><\/p>\n","protected":false},"featured_media":0,"template":"","meta":{"_monsterinsights_skip_tracking":false,"_monsterinsights_sitenote_active":false,"_monsterinsights_sitenote_note":"","_monsterinsights_sitenote_category":0},"product_brand":[],"product_cat":[12291,12711],"product_tag":[],"class_list":{"0":"post-768746","1":"product","2":"type-product","3":"status-publish","5":"product_cat-edebiyat","6":"product_cat-roman-oyku","7":"pa_cilt-ciltsiz","8":"pa_tur-kitap","9":"pa_yayinevi-ayrinti-yayinlari","10":"pa_yazar-erhan-bilgin","12":"first","13":"instock","14":"sale","15":"shipping-taxable","16":"purchasable","17":"product-type-simple"},"_links":{"self":[{"href":"https:\/\/roveyayinevi.com.tr\/index.php\/wp-json\/wp\/v2\/product\/768746","targetHints":{"allow":["GET"]}}],"collection":[{"href":"https:\/\/roveyayinevi.com.tr\/index.php\/wp-json\/wp\/v2\/product"}],"about":[{"href":"https:\/\/roveyayinevi.com.tr\/index.php\/wp-json\/wp\/v2\/types\/product"}],"wp:attachment":[{"href":"https:\/\/roveyayinevi.com.tr\/index.php\/wp-json\/wp\/v2\/media?parent=768746"}],"wp:term":[{"taxonomy":"product_brand","embeddable":true,"href":"https:\/\/roveyayinevi.com.tr\/index.php\/wp-json\/wp\/v2\/product_brand?post=768746"},{"taxonomy":"product_cat","embeddable":true,"href":"https:\/\/roveyayinevi.com.tr\/index.php\/wp-json\/wp\/v2\/product_cat?post=768746"},{"taxonomy":"product_tag","embeddable":true,"href":"https:\/\/roveyayinevi.com.tr\/index.php\/wp-json\/wp\/v2\/product_tag?post=768746"}],"curies":[{"name":"wp","href":"https:\/\/api.w.org\/{rel}","templated":true}]}}