{"id":768734,"date":"2025-08-28T13:30:41","date_gmt":"2025-08-28T10:30:41","guid":{"rendered":"https:\/\/roveyayinevi.com.tr\/index.php\/urun\/gwendynin-sihirli-tuyu\/"},"modified":"2026-04-15T03:34:50","modified_gmt":"2026-04-15T00:34:50","slug":"gwendynin-sihirli-tuyu","status":"publish","type":"product","link":"https:\/\/roveyayinevi.com.tr\/index.php\/urun\/gwendynin-sihirli-tuyu\/","title":{"rendered":"Gwendy\u2019nin Sihirli T\u00fcy\u00fc"},"content":{"rendered":"<p>Castle Rock\u2019ta k\u00f6t\u00fcl\u00fck kol gezmektedir. Buna bir son vermek i\u00e7in zaman gitgide daralmaktad\u0131r. Gwendy Peterson, Castle Rock caddelerinde ko\u015fan gen\u00e7 bir k\u0131zken ona, Richard Farris ad\u0131ndaki siyah tak\u0131m elbiseli gizemli yabanc\u0131 taraf\u0131ndan ola\u011fan\u00fcst\u00fc \u00f6zelliklere sahip bir d\u00fc\u011fme kutusu emanet edilmi\u015fti. Bu emanet asl\u0131nda lanet de say\u0131labilirdi. \u00d6zel g\u00fc\u00e7lere sahip bu kutu y\u0131llar evvel, Farris geri d\u00f6n\u00fcp bu kutuyu alana kadar ona sahip \u00e7\u0131kmas\u0131 kar\u015f\u0131l\u0131\u011f\u0131nda Gwendy\u2019ye k\u00fc\u00e7\u00fck hediyeler sunmu\u015ftu. Gwendy art\u0131k otuz yedi ya\u015f\u0131ndad\u0131r ve Washington D.C.\u2019de, milletvekili olarak g\u00f6rev yap\u0131yordur. Ancak bir g\u00fcn d\u00fc\u011fme kutusu ve Richard Farris de aniden geri d\u00f6ner. Gwendy bu kutuyla ne yapmas\u0131 gerekti\u011fini bilmiyordur. Kutunun yeniden ortaya \u00e7\u0131k\u0131\u015f\u0131 ve Castle Rock\u2019ta gen\u00e7 k\u0131zlar\u0131n gizemli bir \u015fekilde ortadan kaybolu\u015fu, Gwendy\u2019yi tekrar oraya gitmeye mecbur b\u0131rak\u0131r&#8230; Gwendy kay\u0131p k\u0131zlar\u0131 kurtarmay\u0131 ve bir su\u00e7luyu, daha fazla korkun\u00e7 \u015feyler yapmadan durdurmay\u0131 deneyecektir. <\/p>\n","protected":false},"excerpt":{"rendered":"<p>Castle Rock\u2019ta k\u00f6t\u00fcl\u00fck kol gezmektedir. Buna bir son vermek i\u00e7in zaman gitgide daralmaktad\u0131r. Gwendy Peterson, Castle Rock caddelerinde ko\u015fan gen\u00e7 bir k\u0131zken ona, Richard Farris ad\u0131ndaki<span class=\"excerpt-hellip\"> [\u2026]<\/span><\/p>\n","protected":false},"featured_media":0,"template":"","meta":{"_monsterinsights_skip_tracking":false,"_monsterinsights_sitenote_active":false,"_monsterinsights_sitenote_note":"","_monsterinsights_sitenote_category":0},"product_brand":[],"product_cat":[12291,12711],"product_tag":[],"class_list":{"0":"post-768734","1":"product","2":"type-product","3":"status-publish","5":"product_cat-edebiyat","6":"product_cat-roman-oyku","7":"pa_cilt-ciltsiz","8":"pa_tur-kitap","9":"pa_yayinevi-inkilap-kitabevi","10":"pa_yazar-stephen-king-richard-chizmar","12":"first","13":"instock","14":"sale","15":"shipping-taxable","16":"purchasable","17":"product-type-simple"},"_links":{"self":[{"href":"https:\/\/roveyayinevi.com.tr\/index.php\/wp-json\/wp\/v2\/product\/768734","targetHints":{"allow":["GET"]}}],"collection":[{"href":"https:\/\/roveyayinevi.com.tr\/index.php\/wp-json\/wp\/v2\/product"}],"about":[{"href":"https:\/\/roveyayinevi.com.tr\/index.php\/wp-json\/wp\/v2\/types\/product"}],"wp:attachment":[{"href":"https:\/\/roveyayinevi.com.tr\/index.php\/wp-json\/wp\/v2\/media?parent=768734"}],"wp:term":[{"taxonomy":"product_brand","embeddable":true,"href":"https:\/\/roveyayinevi.com.tr\/index.php\/wp-json\/wp\/v2\/product_brand?post=768734"},{"taxonomy":"product_cat","embeddable":true,"href":"https:\/\/roveyayinevi.com.tr\/index.php\/wp-json\/wp\/v2\/product_cat?post=768734"},{"taxonomy":"product_tag","embeddable":true,"href":"https:\/\/roveyayinevi.com.tr\/index.php\/wp-json\/wp\/v2\/product_tag?post=768734"}],"curies":[{"name":"wp","href":"https:\/\/api.w.org\/{rel}","templated":true}]}}