{"id":768733,"date":"2025-08-28T13:30:39","date_gmt":"2025-08-28T10:30:39","guid":{"rendered":"https:\/\/roveyayinevi.com.tr\/index.php\/urun\/ben-guluyor-muyum\/"},"modified":"2026-04-12T03:26:15","modified_gmt":"2026-04-12T00:26:15","slug":"ben-guluyor-muyum","status":"publish","type":"product","link":"https:\/\/roveyayinevi.com.tr\/index.php\/urun\/ben-guluyor-muyum\/","title":{"rendered":"Ben G\u00fcl\u00fcyor Muyum?"},"content":{"rendered":"<p>D\u00fcnya d\u00f6n\u00fcyor, y\u0131llar ge\u00e7iyor, hayat bildi\u011fi gibi geliyor. Cengiz Bozkurt hayat\u0131 kendi \u00fcslubuyla kar\u015f\u0131l\u0131yor. Biraz ciddi, biraz mizahi ama hep sevdi\u011finiz gibi. Bu d\u00fcnyan\u0131n y\u00fck\u00fc hepimize a\u011f\u0131r fakat onunki iki kat fazla sanki. G\u00fcn oluyor ba\u015fkas\u0131 yerine dertleniyor, g\u00fcn oluyor ba\u015fkas\u0131 yerine utan\u0131yor. Hakl\u0131 ele\u015ftirilerini yaparken \u00f6zele\u015ftirisini vermeyi de ihmal etmiyor. Hayat\u0131n bin penceresi varsa binini de a\u00e7\u0131p bir de oradan bak\u0131yor Cengiz Bozkurt. Hepsinden \u015f\u00f6yle bir hava almas\u0131n\u0131 sa\u011fl\u0131yor okurun. Ben G\u00fcl\u00fcyor muyum dedi\u011fine bakmay\u0131n, sat\u0131r aralar\u0131nda att\u0131\u011f\u0131 kahkahalara e\u015flik etmeyi unutmay\u0131n.   <\/p>\n","protected":false},"excerpt":{"rendered":"<p>D\u00fcnya d\u00f6n\u00fcyor, y\u0131llar ge\u00e7iyor, hayat bildi\u011fi gibi geliyor. Cengiz Bozkurt hayat\u0131 kendi \u00fcslubuyla kar\u015f\u0131l\u0131yor. Biraz ciddi, biraz mizahi ama hep sevdi\u011finiz gibi. Bu d\u00fcnyan\u0131n y\u00fck\u00fc hepimize<span class=\"excerpt-hellip\"> [\u2026]<\/span><\/p>\n","protected":false},"featured_media":0,"template":"","meta":{"_monsterinsights_skip_tracking":false,"_monsterinsights_sitenote_active":false,"_monsterinsights_sitenote_note":"","_monsterinsights_sitenote_category":0},"product_brand":[],"product_cat":[12777,12291],"product_tag":[],"class_list":{"0":"post-768733","1":"product","2":"type-product","3":"status-publish","5":"product_cat-deneme","6":"product_cat-edebiyat","7":"pa_cilt-ciltsiz","8":"pa_tur-kitap","9":"pa_yayinevi-inkilap-kitabevi","10":"pa_yazar-cengiz-bozkurt","12":"first","13":"instock","14":"sale","15":"shipping-taxable","16":"purchasable","17":"product-type-simple"},"_links":{"self":[{"href":"https:\/\/roveyayinevi.com.tr\/index.php\/wp-json\/wp\/v2\/product\/768733","targetHints":{"allow":["GET"]}}],"collection":[{"href":"https:\/\/roveyayinevi.com.tr\/index.php\/wp-json\/wp\/v2\/product"}],"about":[{"href":"https:\/\/roveyayinevi.com.tr\/index.php\/wp-json\/wp\/v2\/types\/product"}],"wp:attachment":[{"href":"https:\/\/roveyayinevi.com.tr\/index.php\/wp-json\/wp\/v2\/media?parent=768733"}],"wp:term":[{"taxonomy":"product_brand","embeddable":true,"href":"https:\/\/roveyayinevi.com.tr\/index.php\/wp-json\/wp\/v2\/product_brand?post=768733"},{"taxonomy":"product_cat","embeddable":true,"href":"https:\/\/roveyayinevi.com.tr\/index.php\/wp-json\/wp\/v2\/product_cat?post=768733"},{"taxonomy":"product_tag","embeddable":true,"href":"https:\/\/roveyayinevi.com.tr\/index.php\/wp-json\/wp\/v2\/product_tag?post=768733"}],"curies":[{"name":"wp","href":"https:\/\/api.w.org\/{rel}","templated":true}]}}