{"id":768732,"date":"2025-08-28T13:30:37","date_gmt":"2025-08-28T10:30:37","guid":{"rendered":"https:\/\/roveyayinevi.com.tr\/index.php\/urun\/eyvah-ekranlar-karardi\/"},"modified":"2026-04-15T03:34:49","modified_gmt":"2026-04-15T00:34:49","slug":"eyvah-ekranlar-karardi","status":"publish","type":"product","link":"https:\/\/roveyayinevi.com.tr\/index.php\/urun\/eyvah-ekranlar-karardi\/","title":{"rendered":"Eyvah Ekranlar Karard\u0131!"},"content":{"rendered":"<p>EKRANLARIN OLMADI\u011eI B\u0130R D\u00dcNYA D\u00dc\u015e\u00dcNEB\u0130L\u0130YOR MUSUNUZ? On ya\u015f\u0131ndaki Stella bir sabah uyand\u0131\u011f\u0131nda b\u00fct\u00fcn ekranlar KARARMI\u015e, t\u00fcm d\u00fcnya kaosa s\u00fcr\u00fcklenmi\u015ftir. Ak\u0131ll\u0131 telefonlar, tabletler, bilgisayarlar, televizyonlar\u2026 hepsi gitmi\u015ftir. Stella ile ailesi, \u00fclkenin \u00f6b\u00fcr ucunda ya\u015fayan b\u00fcy\u00fckannelerini kurtarmak i\u00e7in arabaya atlay\u0131p yola \u00e7\u0131kar. O g\u00fcne kadar navigasyonsuz hi\u00e7bir yere gitmemi\u015flerdir. Haritalar\u0131 yoktur. Paralar\u0131 yoktur. Ama bu onlar\u0131 durdurmaz ve hep birlikte y\u0131llard\u0131r hi\u00e7 yapmad\u0131klar\u0131 bir \u015fey yap\u0131p ailece heyecan ve e\u011flence dolu bir maceraya at\u0131l\u0131rlar. Hem belki ekranlar\u0131n kararmas\u0131 o kadar da k\u00f6t\u00fc bir \u015fey de\u011fildir. D\u00fcnyaca \u00fcnl\u00fc yazar ve komedyen DANNY WALLACE\u2019tan, ba\u011f\u0131ml\u0131s\u0131 oldu\u011fumuz ekranlar\u0131n bir anda hayat\u0131m\u0131zdan \u00e7\u0131kmas\u0131yla birlikte olabileceklere dair, son sayfas\u0131na kadar KAHKAHA DOLU bir macera.<\/p>\n","protected":false},"excerpt":{"rendered":"<p>EKRANLARIN OLMADI\u011eI B\u0130R D\u00dcNYA D\u00dc\u015e\u00dcNEB\u0130L\u0130YOR MUSUNUZ? On ya\u015f\u0131ndaki Stella bir sabah uyand\u0131\u011f\u0131nda b\u00fct\u00fcn ekranlar KARARMI\u015e, t\u00fcm d\u00fcnya kaosa s\u00fcr\u00fcklenmi\u015ftir. Ak\u0131ll\u0131 telefonlar, tabletler, bilgisayarlar, televizyonlar\u2026 hepsi gitmi\u015ftir.<span class=\"excerpt-hellip\"> [\u2026]<\/span><\/p>\n","protected":false},"featured_media":0,"template":"","meta":{"_monsterinsights_skip_tracking":false,"_monsterinsights_sitenote_active":false,"_monsterinsights_sitenote_note":"","_monsterinsights_sitenote_category":0},"product_brand":[],"product_cat":[12274,12284],"product_tag":[],"class_list":{"0":"post-768732","1":"product","2":"type-product","3":"status-publish","5":"product_cat-cocuk-ve-genclik-kitaplari","6":"product_cat-hikayeler","7":"pa_cilt-ciltsiz","8":"pa_tur-kitap","9":"pa_yayinevi-beyaz-balina-yayinlari","10":"pa_yazar-danny-wallace","12":"first","13":"instock","14":"sale","15":"shipping-taxable","16":"purchasable","17":"product-type-simple"},"_links":{"self":[{"href":"https:\/\/roveyayinevi.com.tr\/index.php\/wp-json\/wp\/v2\/product\/768732","targetHints":{"allow":["GET"]}}],"collection":[{"href":"https:\/\/roveyayinevi.com.tr\/index.php\/wp-json\/wp\/v2\/product"}],"about":[{"href":"https:\/\/roveyayinevi.com.tr\/index.php\/wp-json\/wp\/v2\/types\/product"}],"wp:attachment":[{"href":"https:\/\/roveyayinevi.com.tr\/index.php\/wp-json\/wp\/v2\/media?parent=768732"}],"wp:term":[{"taxonomy":"product_brand","embeddable":true,"href":"https:\/\/roveyayinevi.com.tr\/index.php\/wp-json\/wp\/v2\/product_brand?post=768732"},{"taxonomy":"product_cat","embeddable":true,"href":"https:\/\/roveyayinevi.com.tr\/index.php\/wp-json\/wp\/v2\/product_cat?post=768732"},{"taxonomy":"product_tag","embeddable":true,"href":"https:\/\/roveyayinevi.com.tr\/index.php\/wp-json\/wp\/v2\/product_tag?post=768732"}],"curies":[{"name":"wp","href":"https:\/\/api.w.org\/{rel}","templated":true}]}}