{"id":768729,"date":"2025-08-28T13:30:30","date_gmt":"2025-08-28T10:30:30","guid":{"rendered":"https:\/\/roveyayinevi.com.tr\/index.php\/urun\/acayip-komsular\/"},"modified":"2026-04-15T03:34:49","modified_gmt":"2026-04-15T00:34:49","slug":"acayip-komsular","status":"publish","type":"product","link":"https:\/\/roveyayinevi.com.tr\/index.php\/urun\/acayip-komsular\/","title":{"rendered":"Acayip Kom\u015fular"},"content":{"rendered":"<p>\u00c7\u0131nar\u2019\u0131n bug\u00fcn b\u00f6yle olmas\u0131n\u0131n sebebi, asl\u0131nda o g\u00fcne dayan\u0131r. Kar f\u0131rt\u0131nas\u0131 y\u00fcz\u00fcnden annesinin eve d\u00f6nemedi\u011fi ve \u00c7\u0131nar\u2019\u0131n acayip kom\u015fular\u0131 ile bir gece ge\u00e7irmek zorunda kald\u0131\u011f\u0131 g\u00fcne\u2026 O f\u0131rt\u0131nal\u0131 gecede neler olmad\u0131 ki\u2026 E\u011fitimci yazar Tu\u011fba Akg\u00fcn korkular\u0131m\u0131zla ve \u00f6n yarg\u0131lar\u0131m\u0131zla hareket etmenin yanl\u0131\u015fl\u0131\u011f\u0131n\u0131, harika bir hik\u00e2ye ile anlat\u0131yor.<\/p>\n","protected":false},"excerpt":{"rendered":"<p>\u00c7\u0131nar\u2019\u0131n bug\u00fcn b\u00f6yle olmas\u0131n\u0131n sebebi, asl\u0131nda o g\u00fcne dayan\u0131r. Kar f\u0131rt\u0131nas\u0131 y\u00fcz\u00fcnden annesinin eve d\u00f6nemedi\u011fi ve \u00c7\u0131nar\u2019\u0131n acayip kom\u015fular\u0131 ile bir gece ge\u00e7irmek zorunda kald\u0131\u011f\u0131 g\u00fcne\u2026<span class=\"excerpt-hellip\"> [\u2026]<\/span><\/p>\n","protected":false},"featured_media":0,"template":"","meta":{"_monsterinsights_skip_tracking":false,"_monsterinsights_sitenote_active":false,"_monsterinsights_sitenote_note":"","_monsterinsights_sitenote_category":0},"product_brand":[],"product_cat":[12274,12284],"product_tag":[],"class_list":{"0":"post-768729","1":"product","2":"type-product","3":"status-publish","5":"product_cat-cocuk-ve-genclik-kitaplari","6":"product_cat-hikayeler","7":"pa_cilt-ciltsiz","8":"pa_tur-kitap","9":"pa_yayinevi-beyaz-balina-yayinlari","10":"pa_yazar-tugba-akgun","12":"first","13":"instock","14":"sale","15":"shipping-taxable","16":"purchasable","17":"product-type-simple"},"_links":{"self":[{"href":"https:\/\/roveyayinevi.com.tr\/index.php\/wp-json\/wp\/v2\/product\/768729","targetHints":{"allow":["GET"]}}],"collection":[{"href":"https:\/\/roveyayinevi.com.tr\/index.php\/wp-json\/wp\/v2\/product"}],"about":[{"href":"https:\/\/roveyayinevi.com.tr\/index.php\/wp-json\/wp\/v2\/types\/product"}],"wp:attachment":[{"href":"https:\/\/roveyayinevi.com.tr\/index.php\/wp-json\/wp\/v2\/media?parent=768729"}],"wp:term":[{"taxonomy":"product_brand","embeddable":true,"href":"https:\/\/roveyayinevi.com.tr\/index.php\/wp-json\/wp\/v2\/product_brand?post=768729"},{"taxonomy":"product_cat","embeddable":true,"href":"https:\/\/roveyayinevi.com.tr\/index.php\/wp-json\/wp\/v2\/product_cat?post=768729"},{"taxonomy":"product_tag","embeddable":true,"href":"https:\/\/roveyayinevi.com.tr\/index.php\/wp-json\/wp\/v2\/product_tag?post=768729"}],"curies":[{"name":"wp","href":"https:\/\/api.w.org\/{rel}","templated":true}]}}