{"id":768728,"date":"2025-08-28T13:30:28","date_gmt":"2025-08-28T10:30:28","guid":{"rendered":"https:\/\/roveyayinevi.com.tr\/index.php\/urun\/birlikte-2\/"},"modified":"2026-04-03T03:25:49","modified_gmt":"2026-04-03T00:25:49","slug":"birlikte-2","status":"publish","type":"product","link":"https:\/\/roveyayinevi.com.tr\/index.php\/urun\/birlikte-2\/","title":{"rendered":"Birlikte"},"content":{"rendered":"<p>Y\u0131rt\u0131c\u0131 hayvanlardan ka\u00e7an ringa bal\u0131\u011f\u0131 s\u00fcr\u00fclerinden hayatlar\u0131n\u0131n a\u015fk\u0131n\u0131 arayan flamingo kolonilerine, g\u00f6\u011f\u00fc kaplayan s\u0131\u011f\u0131rc\u0131k s\u00fcr\u00fclerinden heybetli fil topluluklar\u0131na var\u0131ncaya dek pek \u00e7ok hayvan t\u00fcr\u00fc birlikte ya\u015far\u2026   Peki bu hayvanlar neden bir araya gelir ve nas\u0131l birlikte ya\u015farlar?   Joanna Rzezak\u2019\u0131n yaz\u0131p resimledi\u011fi Birlikte i\u015fte bu sorunun yan\u0131t\u0131n\u0131 d\u00fcnyan\u0131n d\u00f6rt bir yan\u0131ndaki hayvanlar\u0131n ya\u015famlar\u0131ndan \u00f6rnekler ve ola\u011fan\u00fcst\u00fc \u00e7izimler e\u015fli\u011finde anlat\u0131yor. <\/p>\n","protected":false},"excerpt":{"rendered":"<p>Y\u0131rt\u0131c\u0131 hayvanlardan ka\u00e7an ringa bal\u0131\u011f\u0131 s\u00fcr\u00fclerinden hayatlar\u0131n\u0131n a\u015fk\u0131n\u0131 arayan flamingo kolonilerine, g\u00f6\u011f\u00fc kaplayan s\u0131\u011f\u0131rc\u0131k s\u00fcr\u00fclerinden heybetli fil topluluklar\u0131na var\u0131ncaya dek pek \u00e7ok hayvan t\u00fcr\u00fc birlikte ya\u015far\u2026<span class=\"excerpt-hellip\"> [\u2026]<\/span><\/p>\n","protected":false},"featured_media":0,"template":"","meta":{"_monsterinsights_skip_tracking":false,"_monsterinsights_sitenote_active":false,"_monsterinsights_sitenote_note":"","_monsterinsights_sitenote_category":0},"product_brand":[],"product_cat":[12274,12284],"product_tag":[],"class_list":{"0":"post-768728","1":"product","2":"type-product","3":"status-publish","5":"product_cat-cocuk-ve-genclik-kitaplari","6":"product_cat-hikayeler","7":"pa_cilt-ciltsiz","8":"pa_tur-kitap","9":"pa_yayinevi-yapi-kredi-yayinlari","10":"pa_yazar-joanna-rzezak","12":"first","13":"instock","14":"sale","15":"shipping-taxable","16":"purchasable","17":"product-type-simple"},"_links":{"self":[{"href":"https:\/\/roveyayinevi.com.tr\/index.php\/wp-json\/wp\/v2\/product\/768728","targetHints":{"allow":["GET"]}}],"collection":[{"href":"https:\/\/roveyayinevi.com.tr\/index.php\/wp-json\/wp\/v2\/product"}],"about":[{"href":"https:\/\/roveyayinevi.com.tr\/index.php\/wp-json\/wp\/v2\/types\/product"}],"wp:attachment":[{"href":"https:\/\/roveyayinevi.com.tr\/index.php\/wp-json\/wp\/v2\/media?parent=768728"}],"wp:term":[{"taxonomy":"product_brand","embeddable":true,"href":"https:\/\/roveyayinevi.com.tr\/index.php\/wp-json\/wp\/v2\/product_brand?post=768728"},{"taxonomy":"product_cat","embeddable":true,"href":"https:\/\/roveyayinevi.com.tr\/index.php\/wp-json\/wp\/v2\/product_cat?post=768728"},{"taxonomy":"product_tag","embeddable":true,"href":"https:\/\/roveyayinevi.com.tr\/index.php\/wp-json\/wp\/v2\/product_tag?post=768728"}],"curies":[{"name":"wp","href":"https:\/\/api.w.org\/{rel}","templated":true}]}}