{"id":768726,"date":"2025-08-28T13:30:25","date_gmt":"2025-08-28T10:30:25","guid":{"rendered":"https:\/\/roveyayinevi.com.tr\/index.php\/urun\/dostluk-uzerine-4\/"},"modified":"2026-04-15T03:34:49","modified_gmt":"2026-04-15T00:34:49","slug":"dostluk-uzerine-4","status":"publish","type":"product","link":"https:\/\/roveyayinevi.com.tr\/index.php\/urun\/dostluk-uzerine-4\/","title":{"rendered":"Dostluk \u00dczerine"},"content":{"rendered":"<p>Eugenio Borgna (22 Temmuz 1930, Borgomanero) Novara, Maggiore Hastanesi\u2019nde Psikiyatri Ba\u015fhekimi, Milano \u00dcniversitesi Sinir Hastal\u0131klar\u0131 ve Zihinsel Hastal\u0131klar Klini\u011fi\u2019nde \u00f6\u011fretim \u00fcyesi olarak hizmet verdi. 2015\u2019te YKY\u2019den yay\u0131mlanan Bekleyi\u015f ve Umut kitab\u0131yla Bagutta \u00d6d\u00fcl\u00fc\u2019n\u00fc alan Borgna, 4 Aral\u0131k 2024\u2019te Borgomanero\u2019da vefat etti.   Ba\u015fl\u0131ca kitaplar\u0131: I conflitti del conoscere. Strutture del sapere ed esperienza della follia (1988, Bilmede Yatan \u00c7at\u0131\u015fmalar. Bilmenin ve Delili\u011fin Yap\u0131s\u0131), Malinconia (1992; Melankoli, YKY 2014), Come se finisse il mondo. Il senso dell\u2019esperienza schizofrenica (1995, D\u00fcnyan\u0131n Sonu Gibi. \u015eizofrenik Deneyimin Anlam\u0131), Le figure dell\u2019ansia (1997, Anksiyetenin T\u00fcrleri), Noi siamo un colloquio (1999, Biz Bir S\u00f6yle\u015fiyiz), L\u2019arcipelago delle emozioni (2001, Duygular\u0131n Tak\u0131madas\u0131), Le intermittenze del cuore (2003, Y\u00fcre\u011fin Duraklamalar\u0131), L\u2019attesa e la speranza (2005; Bekleyi\u015f ve Umut, YKY 2015), Come in uno specchio oscuramente (2007, Karalt\u0131l\u0131 Bir \u015eekilde Aynada Gibi), Nei luoghi perduti della follia (2008, Delili\u011fin Kay\u0131p Yerlerinde), Le emozioni ferite (2009, Yaral\u0131 Duygular) ve La solitudine dell\u2019anima (2011, Ruhun Yaln\u0131zl\u0131\u011f\u0131, YKY 2013), La fragilit\u00e0 che \u00e8 in noi [2014; \u015eu Bizim K\u0131r\u0131lganl\u0131\u011f\u0131m\u0131z, YKY, 2018], Sull\u2019amicizia [2022; Dostluk \u00dczerine, YKY, 2025].   \u201cBizler birbirinden uzak adalar de\u011filiz, bizler gelece\u011fe a\u00e7\u0131k topluluklar olmal\u0131y\u0131z.\u201d   Saatlerdeki zaman, takvimdeki zaman hayat\u0131m\u0131z s\u00fcresince ak\u0131p ge\u00e7se de dostlukta zaman, i\u00e7sel zaman, ge\u00e7mi\u015ften \u015fimdiki zamana, \u015fimdiki zamandan gelece\u011fe ba\u015f d\u00f6nd\u00fcr\u00fcc\u00fc bir \u015fekilde uzan\u0131veren ya\u015fanm\u0131\u015f zaman asla zedelenmez. Bir kez daha s\u00f6ylemek isterim ki, birbirini yeniden g\u00f6ren dostlarda sessizli\u011fin ve yoklu\u011fun dili yerini \u00e7ehrenin ve g\u00f6zlerin, tebess\u00fcm\u00fcn ve g\u00f6zya\u015flar\u0131n\u0131n diline b\u0131rak\u0131r ve bunlar zaman zaman konu\u015fmaktan da parlak bir ileti\u015fim yoludur.   \u0130talyan psikiyatr Eugenio Borgna\u2019n\u0131n s\u0131cak, yarat\u0131c\u0131 ili\u015fkiler kurmam\u0131z\u0131 sa\u011flayan kocaman bir k\u00f6pr\u00fc olarak niteledi\u011fi dostlu\u011fun g\u00fcnl\u00fck hayat\u0131m\u0131z\u0131n, ruhsal ve mistik d\u00fcnyam\u0131z\u0131n alanlar\u0131ndaki yeri \u00fczerine bir kitap Dostluk \u00dczerine\u2026 <\/p>\n","protected":false},"excerpt":{"rendered":"<p>Eugenio Borgna (22 Temmuz 1930, Borgomanero) Novara, Maggiore Hastanesi\u2019nde Psikiyatri Ba\u015fhekimi, Milano \u00dcniversitesi Sinir Hastal\u0131klar\u0131 ve Zihinsel Hastal\u0131klar Klini\u011fi\u2019nde \u00f6\u011fretim \u00fcyesi olarak hizmet verdi. 2015\u2019te YKY\u2019den<span class=\"excerpt-hellip\"> [\u2026]<\/span><\/p>\n","protected":false},"featured_media":0,"template":"","meta":{"_monsterinsights_skip_tracking":false,"_monsterinsights_sitenote_active":false,"_monsterinsights_sitenote_note":"","_monsterinsights_sitenote_category":0},"product_brand":[],"product_cat":[12358,12357],"product_tag":[],"class_list":{"0":"post-768726","1":"product","2":"type-product","3":"status-publish","5":"product_cat-genel-psikoloji","6":"product_cat-psikoloji","7":"pa_cilt-ciltsiz","8":"pa_tur-kitap","9":"pa_yayinevi-yapi-kredi-yayinlari","10":"pa_yazar-eugenio-borgna","12":"first","13":"instock","14":"sale","15":"shipping-taxable","16":"purchasable","17":"product-type-simple"},"_links":{"self":[{"href":"https:\/\/roveyayinevi.com.tr\/index.php\/wp-json\/wp\/v2\/product\/768726","targetHints":{"allow":["GET"]}}],"collection":[{"href":"https:\/\/roveyayinevi.com.tr\/index.php\/wp-json\/wp\/v2\/product"}],"about":[{"href":"https:\/\/roveyayinevi.com.tr\/index.php\/wp-json\/wp\/v2\/types\/product"}],"wp:attachment":[{"href":"https:\/\/roveyayinevi.com.tr\/index.php\/wp-json\/wp\/v2\/media?parent=768726"}],"wp:term":[{"taxonomy":"product_brand","embeddable":true,"href":"https:\/\/roveyayinevi.com.tr\/index.php\/wp-json\/wp\/v2\/product_brand?post=768726"},{"taxonomy":"product_cat","embeddable":true,"href":"https:\/\/roveyayinevi.com.tr\/index.php\/wp-json\/wp\/v2\/product_cat?post=768726"},{"taxonomy":"product_tag","embeddable":true,"href":"https:\/\/roveyayinevi.com.tr\/index.php\/wp-json\/wp\/v2\/product_tag?post=768726"}],"curies":[{"name":"wp","href":"https:\/\/api.w.org\/{rel}","templated":true}]}}