{"id":768725,"date":"2025-08-28T13:30:23","date_gmt":"2025-08-28T10:30:23","guid":{"rendered":"https:\/\/roveyayinevi.com.tr\/index.php\/urun\/bir-ada-ariyorum\/"},"modified":"2026-04-15T03:34:49","modified_gmt":"2026-04-15T00:34:49","slug":"bir-ada-ariyorum","status":"publish","type":"product","link":"https:\/\/roveyayinevi.com.tr\/index.php\/urun\/bir-ada-ariyorum\/","title":{"rendered":"Bir Ada Ar\u0131yorum"},"content":{"rendered":"<p>Bir Ada Ar\u0131yorum, Haldun Taner\u2019in deneme, \u00f6yk\u00fc ve oyun kitaplar\u0131ndan se\u00e7ilmi\u015f etkileyici c\u00fcmlelerden, \u00e7arp\u0131c\u0131 saptamalardan olu\u015fan bir g\u00fcldeste.   Haldun Taner\u2019i hen\u00fcz ke\u015ffetmemi\u015f okuru kitaplar\u0131na \u00f6zendirmek i\u00e7in haz\u0131rlanan se\u00e7kiye yazd\u0131\u011f\u0131 \u00f6ns\u00f6zde Demet Taner, se\u00e7im kriterlerini \u015f\u00f6yle a\u00e7\u0131kl\u0131yor: \u201cHaldun Taner gibi \u00e7ok y\u00f6nl\u00fc birikime sahip bir yazar\u0131n ki\u015fili\u011fini, ya\u015fam g\u00f6r\u00fc\u015f\u00fcn\u00fc, entelekt\u00fcel derinli\u011fini, insanlara, topluma ve do\u011faya olan yakla\u015f\u0131m\u0131n\u0131, insan haklar\u0131na duydu\u011fu sayg\u0131y\u0131, demokrasiye olan inanc\u0131n\u0131, yazarl\u0131k ahlak\u0131na verdi\u011fi \u00f6nemi ve her t\u00fcrl\u00fc sans\u00fcr ile ayr\u0131mc\u0131l\u0131\u011fa kar\u015f\u0131 tutumunu do\u011fru yans\u0131tabilmesini sa\u011flamakt\u0131.\u201d   Bir ada ar\u0131yorum. Sen ben kavgas\u0131ndan uzak. \u0130nce hesaplardan. Bir ada ki ona gelen unutsa ad\u0131n\u0131, mesle\u011fini, bencil ihtiraslar\u0131n\u0131. Soyunsa kinlerinden, hasetlerinden bir bir. Yeterince yer oldu\u011fundan kelli g\u00fcne\u015fin alt\u0131nda, denizde ve k\u0131y\u0131da, kimsenin g\u00f6z\u00fc olmasa ba\u015fkas\u0131n\u0131n yerinde. Uzan\u0131p d\u00fc\u015f\u00fcnmemek, sadece ya\u015famak tad\u0131 ile yetinip b\u0131raksa kendini kendine. Ayak oyunlar\u0131na sapmadan. Dedikodu yapmadan. B\u0131raksa kendini hafif r\u00fczg\u00e2ra, deniz minaresi gibi kozmik bir ezeli \u015fark\u0131y\u0131 ta i\u00e7inde duyarak.   Bir ada ar\u0131yorum. Hoyratl\u0131ktan uzak. Nank\u00f6rl\u00fckten ve k\u00fcstahl\u0131klardan. Bir ada ki herkes g\u00fcl\u00fcmserdir. Herkes kendisiyle ve \u00e2lemle bar\u0131\u015f\u0131k.   Bir ada ar\u0131yorum. Rakamlardan uzak m\u0131 uzak. Para pul, k\u00e2r-zarar konu\u015fmak yasak. Bir ada ki bankeri yok, y\u00fcksek faizi yok. Tahvil, senet, kar\u015f\u0131l\u0131ks\u0131z bono, sertifika, \u00e7ifte faiz bilinmez. O adada ak\u0131ll\u0131lar yolunu bulup safdilleri s\u00f6m\u00fcrmez. Dar gelirli her f\u0131rsatta okkan\u0131n alt\u0131na gitmez.                                                                      (Haldun Taner, \u00c7ok G\u00fczelsin Gitme Dur, 1983) <\/p>\n","protected":false},"excerpt":{"rendered":"<p>Bir Ada Ar\u0131yorum, Haldun Taner\u2019in deneme, \u00f6yk\u00fc ve oyun kitaplar\u0131ndan se\u00e7ilmi\u015f etkileyici c\u00fcmlelerden, \u00e7arp\u0131c\u0131 saptamalardan olu\u015fan bir g\u00fcldeste. Haldun Taner\u2019i hen\u00fcz ke\u015ffetmemi\u015f okuru kitaplar\u0131na \u00f6zendirmek i\u00e7in<span class=\"excerpt-hellip\"> [\u2026]<\/span><\/p>\n","protected":false},"featured_media":0,"template":"","meta":{"_monsterinsights_skip_tracking":false,"_monsterinsights_sitenote_active":false,"_monsterinsights_sitenote_note":"","_monsterinsights_sitenote_category":0},"product_brand":[],"product_cat":[27157,12291],"product_tag":[],"class_list":{"0":"post-768725","1":"product","2":"type-product","3":"status-publish","5":"product_cat-derleme","6":"product_cat-edebiyat","7":"pa_cilt-ciltsiz","8":"pa_tur-kitap","9":"pa_yayinevi-yapi-kredi-yayinlari","10":"pa_yazar-halil-tekiner-demet-taner","12":"first","13":"instock","14":"sale","15":"shipping-taxable","16":"purchasable","17":"product-type-simple"},"_links":{"self":[{"href":"https:\/\/roveyayinevi.com.tr\/index.php\/wp-json\/wp\/v2\/product\/768725","targetHints":{"allow":["GET"]}}],"collection":[{"href":"https:\/\/roveyayinevi.com.tr\/index.php\/wp-json\/wp\/v2\/product"}],"about":[{"href":"https:\/\/roveyayinevi.com.tr\/index.php\/wp-json\/wp\/v2\/types\/product"}],"wp:attachment":[{"href":"https:\/\/roveyayinevi.com.tr\/index.php\/wp-json\/wp\/v2\/media?parent=768725"}],"wp:term":[{"taxonomy":"product_brand","embeddable":true,"href":"https:\/\/roveyayinevi.com.tr\/index.php\/wp-json\/wp\/v2\/product_brand?post=768725"},{"taxonomy":"product_cat","embeddable":true,"href":"https:\/\/roveyayinevi.com.tr\/index.php\/wp-json\/wp\/v2\/product_cat?post=768725"},{"taxonomy":"product_tag","embeddable":true,"href":"https:\/\/roveyayinevi.com.tr\/index.php\/wp-json\/wp\/v2\/product_tag?post=768725"}],"curies":[{"name":"wp","href":"https:\/\/api.w.org\/{rel}","templated":true}]}}