{"id":768724,"date":"2025-08-28T13:30:22","date_gmt":"2025-08-28T10:30:22","guid":{"rendered":"https:\/\/roveyayinevi.com.tr\/index.php\/urun\/bilincli-farkindalik-ve-spor-kavramlar-uygulamalar-ve-teknikler\/"},"modified":"2026-04-15T03:34:49","modified_gmt":"2026-04-15T00:34:49","slug":"bilincli-farkindalik-ve-spor-kavramlar-uygulamalar-ve-teknikler","status":"publish","type":"product","link":"https:\/\/roveyayinevi.com.tr\/index.php\/urun\/bilincli-farkindalik-ve-spor-kavramlar-uygulamalar-ve-teknikler\/","title":{"rendered":"Bilin\u00e7li Fark\u0131ndal\u0131k Ve Spor: Kavramlar, Uygulamalar Ve Teknikler"},"content":{"rendered":"<p>\u0130\u00e7indekiler :   1. B\u00d6L\u00dcM B\u0130L\u0130N\u00c7L\u0130 FARKINDALI\u011eIN TANIMI   2. B\u00d6L\u00dcM B\u0130L\u0130N\u00c7L\u0130 FARKINDALI\u011eIN YAPISI VE TEMEL KAVRAMLAR   3. B\u00d6L\u00dcM B\u0130L\u0130N\u00c7L\u0130 FARKINDALI\u011eIN \u00d6NEM\u0130   4. B\u00d6L\u00dcM SPORDA B\u0130L\u0130N\u00c7L\u0130 FARKINDALIK   5. B\u00d6L\u00dcM SPORDA B\u0130L\u0130N\u00c7L\u0130 FARKINDALIK \u0130LE \u0130L\u0130\u015eK\u0130L\u0130 KAVRAMLAR   6. B\u00d6L\u00dcM SPORDA B\u0130L\u0130N\u00c7L\u0130 FARKINDALIK YAKLA\u015eIMLARI, SPORCULARDA PERFORMANSI ARTIRMADA UYGULANAN B\u0130L\u0130N\u00c7L\u0130 FARKINDALIK UYGULAMALARI   7. B\u00d6L\u00dcM SPORDA B\u0130L\u0130N\u00c7L\u0130 FARKINDALIK TEKN\u0130KLER\u0130 <\/p>\n","protected":false},"excerpt":{"rendered":"<p>\u0130\u00e7indekiler : 1. B\u00d6L\u00dcM B\u0130L\u0130N\u00c7L\u0130 FARKINDALI\u011eIN TANIMI 2. B\u00d6L\u00dcM B\u0130L\u0130N\u00c7L\u0130 FARKINDALI\u011eIN YAPISI VE TEMEL KAVRAMLAR 3. B\u00d6L\u00dcM B\u0130L\u0130N\u00c7L\u0130 FARKINDALI\u011eIN \u00d6NEM\u0130 4. B\u00d6L\u00dcM SPORDA B\u0130L\u0130N\u00c7L\u0130 FARKINDALIK 5.<span class=\"excerpt-hellip\"> [\u2026]<\/span><\/p>\n","protected":false},"featured_media":0,"template":"","meta":{"_monsterinsights_skip_tracking":false,"_monsterinsights_sitenote_active":false,"_monsterinsights_sitenote_note":"","_monsterinsights_sitenote_category":0},"product_brand":[],"product_cat":[15563,15564],"product_tag":[],"class_list":{"0":"post-768724","1":"product","2":"type-product","3":"status-publish","5":"product_cat-hobi","6":"product_cat-spor","7":"pa_cilt-ciltsiz","8":"pa_tur-kitap","9":"pa_yayinevi-gazi-kitabevi","10":"pa_yazar-nurullah-celik-nurdan-akgun","12":"first","13":"instock","14":"sale","15":"shipping-taxable","16":"purchasable","17":"product-type-simple"},"_links":{"self":[{"href":"https:\/\/roveyayinevi.com.tr\/index.php\/wp-json\/wp\/v2\/product\/768724","targetHints":{"allow":["GET"]}}],"collection":[{"href":"https:\/\/roveyayinevi.com.tr\/index.php\/wp-json\/wp\/v2\/product"}],"about":[{"href":"https:\/\/roveyayinevi.com.tr\/index.php\/wp-json\/wp\/v2\/types\/product"}],"wp:attachment":[{"href":"https:\/\/roveyayinevi.com.tr\/index.php\/wp-json\/wp\/v2\/media?parent=768724"}],"wp:term":[{"taxonomy":"product_brand","embeddable":true,"href":"https:\/\/roveyayinevi.com.tr\/index.php\/wp-json\/wp\/v2\/product_brand?post=768724"},{"taxonomy":"product_cat","embeddable":true,"href":"https:\/\/roveyayinevi.com.tr\/index.php\/wp-json\/wp\/v2\/product_cat?post=768724"},{"taxonomy":"product_tag","embeddable":true,"href":"https:\/\/roveyayinevi.com.tr\/index.php\/wp-json\/wp\/v2\/product_tag?post=768724"}],"curies":[{"name":"wp","href":"https:\/\/api.w.org\/{rel}","templated":true}]}}