{"id":768723,"date":"2025-08-28T13:30:21","date_gmt":"2025-08-28T10:30:21","guid":{"rendered":"https:\/\/roveyayinevi.com.tr\/index.php\/urun\/sporkurgu\/"},"modified":"2026-04-15T03:34:49","modified_gmt":"2026-04-15T00:34:49","slug":"sporkurgu","status":"publish","type":"product","link":"https:\/\/roveyayinevi.com.tr\/index.php\/urun\/sporkurgu\/","title":{"rendered":"Sporkurgu"},"content":{"rendered":"<p>\u0130\u00e7indekiler :     \u00b7         SPOR END\u00dcSTR\u0130S\u0130: S\u00dcRD\u00dcR\u00dcLEB\u0130L\u0130R \u00c7EVREC\u0130 UYGULAMALAR   \u00b7         T\u00dcRK\u0130YE OL\u0130MP\u0130K HAZIRLIK MERKEZLER\u0130: SPORUN GELECE\u011e\u0130   \u00b7         SPOR E\u011e\u0130T\u0130M\u0130NDE \u00c7OKLU ZEK\u00c2   \u00b7         BO\u015e ZAMAN VE E\u011e\u0130T\u0130M \u0130L\u0130\u015eK\u0130S\u0130   \u00b7         REKREAT\u0130F AMA\u00c7LI YAPILAN SPORUN B\u0130REYLER\u0130N YA\u015eAM MEMNUN\u0130YET\u0130 \u00dcZER\u0130NDEK\u0130 ETK\u0130LER\u0130   \u00b7         REKREASYON VE SOSYOLOJ\u0130   \u00b7         ERTELEME E\u011e\u0130L\u0130M\u0130N\u0130N SPOR ALI\u015eKANLIKLARINA ETK\u0130S\u0130   \u00b7         TEKNOLOJ\u0130K GEL\u0130\u015eMELER\u0130N REKREASYON KAVRAMI \u00dcZER\u0130NDEK\u0130 ETK\u0130LER\u0130   \u00b7         SPORDA D\u0130KKAT ve KONSATRASYON   \u00b7         SPOR ve BENL\u0130K SAYGISI \u0130L\u0130\u015eK\u0130S\u0130   \u00b7         \u00d6ZEL GEREKS\u0130N\u0130ML\u0130 B\u0130REYLERDE REKREASYON <\/p>\n","protected":false},"excerpt":{"rendered":"<p>\u0130\u00e7indekiler : \u00b7 SPOR END\u00dcSTR\u0130S\u0130: S\u00dcRD\u00dcR\u00dcLEB\u0130L\u0130R \u00c7EVREC\u0130 UYGULAMALAR \u00b7 T\u00dcRK\u0130YE OL\u0130MP\u0130K HAZIRLIK MERKEZLER\u0130: SPORUN GELECE\u011e\u0130 \u00b7 SPOR E\u011e\u0130T\u0130M\u0130NDE \u00c7OKLU ZEK\u00c2 \u00b7 BO\u015e ZAMAN VE E\u011e\u0130T\u0130M \u0130L\u0130\u015eK\u0130S\u0130<span class=\"excerpt-hellip\"> [\u2026]<\/span><\/p>\n","protected":false},"featured_media":0,"template":"","meta":{"_monsterinsights_skip_tracking":false,"_monsterinsights_sitenote_active":false,"_monsterinsights_sitenote_note":"","_monsterinsights_sitenote_category":0},"product_brand":[],"product_cat":[15563,15564],"product_tag":[],"class_list":{"0":"post-768723","1":"product","2":"type-product","3":"status-publish","5":"product_cat-hobi","6":"product_cat-spor","7":"pa_cilt-ciltsiz","8":"pa_tur-kitap","9":"pa_yayinevi-gazi-kitabevi","10":"pa_yazar-komisyon","12":"first","13":"instock","14":"sale","15":"shipping-taxable","16":"purchasable","17":"product-type-simple"},"_links":{"self":[{"href":"https:\/\/roveyayinevi.com.tr\/index.php\/wp-json\/wp\/v2\/product\/768723","targetHints":{"allow":["GET"]}}],"collection":[{"href":"https:\/\/roveyayinevi.com.tr\/index.php\/wp-json\/wp\/v2\/product"}],"about":[{"href":"https:\/\/roveyayinevi.com.tr\/index.php\/wp-json\/wp\/v2\/types\/product"}],"wp:attachment":[{"href":"https:\/\/roveyayinevi.com.tr\/index.php\/wp-json\/wp\/v2\/media?parent=768723"}],"wp:term":[{"taxonomy":"product_brand","embeddable":true,"href":"https:\/\/roveyayinevi.com.tr\/index.php\/wp-json\/wp\/v2\/product_brand?post=768723"},{"taxonomy":"product_cat","embeddable":true,"href":"https:\/\/roveyayinevi.com.tr\/index.php\/wp-json\/wp\/v2\/product_cat?post=768723"},{"taxonomy":"product_tag","embeddable":true,"href":"https:\/\/roveyayinevi.com.tr\/index.php\/wp-json\/wp\/v2\/product_tag?post=768723"}],"curies":[{"name":"wp","href":"https:\/\/api.w.org\/{rel}","templated":true}]}}