{"id":768721,"date":"2025-08-28T13:30:17","date_gmt":"2025-08-28T10:30:17","guid":{"rendered":"https:\/\/roveyayinevi.com.tr\/index.php\/urun\/spor-bilimlerine-disiplinlerarasi-bir-bakis\/"},"modified":"2026-04-15T03:34:49","modified_gmt":"2026-04-15T00:34:49","slug":"spor-bilimlerine-disiplinlerarasi-bir-bakis","status":"publish","type":"product","link":"https:\/\/roveyayinevi.com.tr\/index.php\/urun\/spor-bilimlerine-disiplinlerarasi-bir-bakis\/","title":{"rendered":"Spor Bilimlerine Disiplinleraras\u0131 Bir Bak\u0131\u015f"},"content":{"rendered":"<p>\u0130\u00e7indekiler :   \u00b7         YA\u015eLILI\u011eA BA\u011eLI SARKOPEN\u0130N\u0130N \u00d6NLENMES\u0130NDE EGZERS\u0130Z\u0130N ROL\u00dc   \u00b7         MENSTRUAL D\u00d6NG\u00dc VE SPOR PERFORMANSINA ETK\u0130LER\u0130   \u00b7         H\u0130PERTROF\u0130 TEMELL\u0130 D\u0130REN\u00c7 EGZERS\u0130ZLER\u0130N\u0130N B\u0130LE\u015eENLER\u0130 VE SA\u011eLIK KAZANIMLARI   \u00b7         PROPR\u0130OSEPS\u0130YON VE EGZERS\u0130Z \u0130L\u0130\u015eK\u0130S\u0130   \u00b7         KRON\u0130K BEL A\u011eRISI OLAN B\u0130REYLERDE P\u0130LATES EGZERS\u0130Z\u0130N\u0130N ETK\u0130NL\u0130\u011e\u0130   \u00b7         SPORCULARDA ANT\u0130OKS\u0130DAN KULLANIMININ OKS\u0130DAT\u0130F STRES VE TOPARLANMA \u00dcZER\u0130NE ETK\u0130S\u0130   \u00b7         SA\u011eLIKLI YA\u015eAM VE EGZERS\u0130Z RE\u00c7ETES\u0130   \u00b7         EGZERS\u0130Z\u0130N YA\u015eLI B\u0130REYLERE PS\u0130KOLOJ\u0130K VE F\u0130ZYOLOJ\u0130K ETK\u0130LER\u0130       SPORDA AS\u0130METR\u0130   \u00b7         SINIRLARI ZORLAYAN SIRA DI\u015eI B\u0130R SPOR: PARKUR   \u00b7         MODERN POL\u0130SL\u0130K VE F\u0130Z\u0130KSEL UYGUNLUK   \u00b7         BASKETBOLDA MODERN TEKN\u0130K TAKT\u0130K VE GEL\u0130\u015eEN TRENDLER   \u00b7         OKUL \u00c7A\u011eI \u00c7OCUKLARDA BESLENME   \u00b7         SPORDA TEKNOLOJ\u0130K YAKLA\u015eIMLAR: ANTRENMAN, PERFORMANS VE SA\u011eLIK \u00c7\u00d6Z\u00dcMLER\u0130   \u00b7         N\u00d6ROM\u00dcSK\u00dcLER ANTRENMANLAR <\/p>\n","protected":false},"excerpt":{"rendered":"<p>\u0130\u00e7indekiler : \u00b7 YA\u015eLILI\u011eA BA\u011eLI SARKOPEN\u0130N\u0130N \u00d6NLENMES\u0130NDE EGZERS\u0130Z\u0130N ROL\u00dc \u00b7 MENSTRUAL D\u00d6NG\u00dc VE SPOR PERFORMANSINA ETK\u0130LER\u0130 \u00b7 H\u0130PERTROF\u0130 TEMELL\u0130 D\u0130REN\u00c7 EGZERS\u0130ZLER\u0130N\u0130N B\u0130LE\u015eENLER\u0130 VE SA\u011eLIK KAZANIMLARI \u00b7<span class=\"excerpt-hellip\"> [\u2026]<\/span><\/p>\n","protected":false},"featured_media":0,"template":"","meta":{"_monsterinsights_skip_tracking":false,"_monsterinsights_sitenote_active":false,"_monsterinsights_sitenote_note":"","_monsterinsights_sitenote_category":0},"product_brand":[],"product_cat":[15563,15564],"product_tag":[],"class_list":{"0":"post-768721","1":"product","2":"type-product","3":"status-publish","5":"product_cat-hobi","6":"product_cat-spor","7":"pa_cilt-ciltsiz","8":"pa_tur-kitap","9":"pa_yayinevi-gazi-kitabevi","10":"pa_yazar-kolektif","12":"first","13":"instock","14":"sale","15":"shipping-taxable","16":"purchasable","17":"product-type-simple"},"_links":{"self":[{"href":"https:\/\/roveyayinevi.com.tr\/index.php\/wp-json\/wp\/v2\/product\/768721","targetHints":{"allow":["GET"]}}],"collection":[{"href":"https:\/\/roveyayinevi.com.tr\/index.php\/wp-json\/wp\/v2\/product"}],"about":[{"href":"https:\/\/roveyayinevi.com.tr\/index.php\/wp-json\/wp\/v2\/types\/product"}],"wp:attachment":[{"href":"https:\/\/roveyayinevi.com.tr\/index.php\/wp-json\/wp\/v2\/media?parent=768721"}],"wp:term":[{"taxonomy":"product_brand","embeddable":true,"href":"https:\/\/roveyayinevi.com.tr\/index.php\/wp-json\/wp\/v2\/product_brand?post=768721"},{"taxonomy":"product_cat","embeddable":true,"href":"https:\/\/roveyayinevi.com.tr\/index.php\/wp-json\/wp\/v2\/product_cat?post=768721"},{"taxonomy":"product_tag","embeddable":true,"href":"https:\/\/roveyayinevi.com.tr\/index.php\/wp-json\/wp\/v2\/product_tag?post=768721"}],"curies":[{"name":"wp","href":"https:\/\/api.w.org\/{rel}","templated":true}]}}