{"id":768718,"date":"2025-08-28T13:30:10","date_gmt":"2025-08-28T10:30:10","guid":{"rendered":"https:\/\/roveyayinevi.com.tr\/index.php\/urun\/blend-s-cilt-3\/"},"modified":"2026-04-15T03:34:49","modified_gmt":"2026-04-15T00:34:49","slug":"blend-s-cilt-3","status":"publish","type":"product","link":"https:\/\/roveyayinevi.com.tr\/index.php\/urun\/blend-s-cilt-3\/","title":{"rendered":"Blend S Cilt 3"},"content":{"rendered":"<p>K\u0131\u015f mevsimi geldi. So\u011fuyan havan\u0131n aksine Kafe Stile\u2019de bahar r\u00fczgarlar\u0131 esiyor! Kaho ve Akizuki\u2019nin ili\u015fkisi derinle\u015firken, Mafuyu gizemli bir erkek m\u00fc\u015fteriyle yak\u0131nla\u015f\u0131yor!  Bu s\u0131rada kafe m\u00fcd\u00fcr\u00fc Dino, Maika\u2019ya a\u015fk\u0131n\u0131 itiraf etmeye karar veriyor! Planlad\u0131\u011f\u0131 iki g\u00fcnl\u00fck romantik kayak tatilinde acaba neler olacak?<\/p>\n","protected":false},"excerpt":{"rendered":"<p>K\u0131\u015f mevsimi geldi. So\u011fuyan havan\u0131n aksine Kafe Stile\u2019de bahar r\u00fczgarlar\u0131 esiyor! Kaho ve Akizuki\u2019nin ili\u015fkisi derinle\u015firken, Mafuyu gizemli bir erkek m\u00fc\u015fteriyle yak\u0131nla\u015f\u0131yor! Bu s\u0131rada kafe m\u00fcd\u00fcr\u00fc<span class=\"excerpt-hellip\"> [\u2026]<\/span><\/p>\n","protected":false},"featured_media":0,"template":"","meta":{"_monsterinsights_skip_tracking":false,"_monsterinsights_sitenote_active":false,"_monsterinsights_sitenote_note":"","_monsterinsights_sitenote_category":0},"product_brand":[],"product_cat":[12416,12291],"product_tag":[],"class_list":{"0":"post-768718","1":"product","2":"type-product","3":"status-publish","5":"product_cat-cizgi-roman","6":"product_cat-edebiyat","7":"pa_cilt-ciltsiz","8":"pa_tur-kitap","9":"pa_yayinevi-kayip-kita-yayinlari","10":"pa_yazar-nakayama-miyuki","12":"first","13":"instock","14":"sale","15":"shipping-taxable","16":"purchasable","17":"product-type-simple"},"_links":{"self":[{"href":"https:\/\/roveyayinevi.com.tr\/index.php\/wp-json\/wp\/v2\/product\/768718","targetHints":{"allow":["GET"]}}],"collection":[{"href":"https:\/\/roveyayinevi.com.tr\/index.php\/wp-json\/wp\/v2\/product"}],"about":[{"href":"https:\/\/roveyayinevi.com.tr\/index.php\/wp-json\/wp\/v2\/types\/product"}],"wp:attachment":[{"href":"https:\/\/roveyayinevi.com.tr\/index.php\/wp-json\/wp\/v2\/media?parent=768718"}],"wp:term":[{"taxonomy":"product_brand","embeddable":true,"href":"https:\/\/roveyayinevi.com.tr\/index.php\/wp-json\/wp\/v2\/product_brand?post=768718"},{"taxonomy":"product_cat","embeddable":true,"href":"https:\/\/roveyayinevi.com.tr\/index.php\/wp-json\/wp\/v2\/product_cat?post=768718"},{"taxonomy":"product_tag","embeddable":true,"href":"https:\/\/roveyayinevi.com.tr\/index.php\/wp-json\/wp\/v2\/product_tag?post=768718"}],"curies":[{"name":"wp","href":"https:\/\/api.w.org\/{rel}","templated":true}]}}