{"id":768715,"date":"2025-08-28T13:30:06","date_gmt":"2025-08-28T10:30:06","guid":{"rendered":"https:\/\/roveyayinevi.com.tr\/index.php\/urun\/tuh-be-riko-uyku-zamani\/"},"modified":"2026-04-15T03:34:49","modified_gmt":"2026-04-15T00:34:49","slug":"tuh-be-riko-uyku-zamani","status":"publish","type":"product","link":"https:\/\/roveyayinevi.com.tr\/index.php\/urun\/tuh-be-riko-uyku-zamani\/","title":{"rendered":"T\u00fch Be Riko \u2013 Uyku Zaman\u0131"},"content":{"rendered":"<p>Uykuya dalmak art\u0131k \u00e7ok kolay! Hadi, Pijamas\u0131n\u0131 giyip h\u0131zl\u0131ca uykuya dalmas\u0131 i\u00e7in Riko\u2019ya yard\u0131m edelim! \u0130lgi \u00e7ekici resimlerle boyutlanan Riko\u2019nun bu ne\u015feli \u00f6yk\u00fcs\u00fc, hareketli ve pencereli sayfalar\u0131yla uyku rutinlerini \u00e7ok e\u011flenceli hale getirecek. <\/p>\n","protected":false},"excerpt":{"rendered":"<p>Uykuya dalmak art\u0131k \u00e7ok kolay! Hadi, Pijamas\u0131n\u0131 giyip h\u0131zl\u0131ca uykuya dalmas\u0131 i\u00e7in Riko\u2019ya yard\u0131m edelim! \u0130lgi \u00e7ekici resimlerle boyutlanan Riko\u2019nun bu ne\u015feli \u00f6yk\u00fcs\u00fc, hareketli ve pencereli<span class=\"excerpt-hellip\"> [\u2026]<\/span><\/p>\n","protected":false},"featured_media":0,"template":"","meta":{"_monsterinsights_skip_tracking":false,"_monsterinsights_sitenote_active":false,"_monsterinsights_sitenote_note":"","_monsterinsights_sitenote_category":0},"product_brand":[],"product_cat":[12274,12518],"product_tag":[],"class_list":{"0":"post-768715","1":"product","2":"type-product","3":"status-publish","5":"product_cat-cocuk-ve-genclik-kitaplari","6":"product_cat-okul-oncesi-kitaplar","7":"pa_cilt-ciltsiz","8":"pa_tur-kitap","9":"pa_yayinevi-redhouse-kidz-yayinlari","10":"pa_yazar-chris-chatterton","12":"first","13":"instock","14":"sale","15":"shipping-taxable","16":"purchasable","17":"product-type-simple"},"_links":{"self":[{"href":"https:\/\/roveyayinevi.com.tr\/index.php\/wp-json\/wp\/v2\/product\/768715","targetHints":{"allow":["GET"]}}],"collection":[{"href":"https:\/\/roveyayinevi.com.tr\/index.php\/wp-json\/wp\/v2\/product"}],"about":[{"href":"https:\/\/roveyayinevi.com.tr\/index.php\/wp-json\/wp\/v2\/types\/product"}],"wp:attachment":[{"href":"https:\/\/roveyayinevi.com.tr\/index.php\/wp-json\/wp\/v2\/media?parent=768715"}],"wp:term":[{"taxonomy":"product_brand","embeddable":true,"href":"https:\/\/roveyayinevi.com.tr\/index.php\/wp-json\/wp\/v2\/product_brand?post=768715"},{"taxonomy":"product_cat","embeddable":true,"href":"https:\/\/roveyayinevi.com.tr\/index.php\/wp-json\/wp\/v2\/product_cat?post=768715"},{"taxonomy":"product_tag","embeddable":true,"href":"https:\/\/roveyayinevi.com.tr\/index.php\/wp-json\/wp\/v2\/product_tag?post=768715"}],"curies":[{"name":"wp","href":"https:\/\/api.w.org\/{rel}","templated":true}]}}