{"id":768712,"date":"2025-08-28T13:30:01","date_gmt":"2025-08-28T10:30:01","guid":{"rendered":"https:\/\/roveyayinevi.com.tr\/index.php\/urun\/ben-bir-siyah-kediyim\/"},"modified":"2026-04-15T03:34:49","modified_gmt":"2026-04-15T00:34:49","slug":"ben-bir-siyah-kediyim","status":"publish","type":"product","link":"https:\/\/roveyayinevi.com.tr\/index.php\/urun\/ben-bir-siyah-kediyim\/","title":{"rendered":"Ben Bir Siyah Kediyim"},"content":{"rendered":"<p>O sadece siyah bir kedi. Di\u011fer kediler gibi a\u011fa\u00e7lara t\u0131rmanmay\u0131 seviyor Ve ke\u015ffetmeyi. \u201cU\u011fursuz.\u201d diyor kimi ona siyah oldu\u011fu i\u00e7in. U\u011furlu olmak i\u00e7in hangi renk gerekli ki? Ru\u015fen Karata\u015f \u00dcnlenen\u2019in kaleminden \u00f6n yarg\u0131lar, benlik, \u00f6z sevgi gibi \u00f6nemli kavramlar \u00fczerine sorgulatan bir hik\u00e2ye. Sadece \u00e7ocuklar i\u00e7in de\u011fil yeti\u015fkinleri de etkileyecek, zamans\u0131z ve evrensel bir kitap sizleri bekliyor.<\/p>\n","protected":false},"excerpt":{"rendered":"<p>O sadece siyah bir kedi. Di\u011fer kediler gibi a\u011fa\u00e7lara t\u0131rmanmay\u0131 seviyor Ve ke\u015ffetmeyi. \u201cU\u011fursuz.\u201d diyor kimi ona siyah oldu\u011fu i\u00e7in. U\u011furlu olmak i\u00e7in hangi renk gerekli<span class=\"excerpt-hellip\"> [\u2026]<\/span><\/p>\n","protected":false},"featured_media":0,"template":"","meta":{"_monsterinsights_skip_tracking":false,"_monsterinsights_sitenote_active":false,"_monsterinsights_sitenote_note":"","_monsterinsights_sitenote_category":0},"product_brand":[],"product_cat":[12274,12284],"product_tag":[],"class_list":{"0":"post-768712","1":"product","2":"type-product","3":"status-publish","5":"product_cat-cocuk-ve-genclik-kitaplari","6":"product_cat-hikayeler","7":"pa_cilt-ciltsiz","8":"pa_tur-kitap","9":"pa_yayinevi-luna-cocuk-yayinlari","10":"pa_yazar-rusen-karatas-unlenen","12":"first","13":"instock","14":"sale","15":"shipping-taxable","16":"purchasable","17":"product-type-simple"},"_links":{"self":[{"href":"https:\/\/roveyayinevi.com.tr\/index.php\/wp-json\/wp\/v2\/product\/768712","targetHints":{"allow":["GET"]}}],"collection":[{"href":"https:\/\/roveyayinevi.com.tr\/index.php\/wp-json\/wp\/v2\/product"}],"about":[{"href":"https:\/\/roveyayinevi.com.tr\/index.php\/wp-json\/wp\/v2\/types\/product"}],"wp:attachment":[{"href":"https:\/\/roveyayinevi.com.tr\/index.php\/wp-json\/wp\/v2\/media?parent=768712"}],"wp:term":[{"taxonomy":"product_brand","embeddable":true,"href":"https:\/\/roveyayinevi.com.tr\/index.php\/wp-json\/wp\/v2\/product_brand?post=768712"},{"taxonomy":"product_cat","embeddable":true,"href":"https:\/\/roveyayinevi.com.tr\/index.php\/wp-json\/wp\/v2\/product_cat?post=768712"},{"taxonomy":"product_tag","embeddable":true,"href":"https:\/\/roveyayinevi.com.tr\/index.php\/wp-json\/wp\/v2\/product_tag?post=768712"}],"curies":[{"name":"wp","href":"https:\/\/api.w.org\/{rel}","templated":true}]}}