{"id":768711,"date":"2025-08-28T13:29:59","date_gmt":"2025-08-28T10:29:59","guid":{"rendered":"https:\/\/roveyayinevi.com.tr\/index.php\/urun\/beyin-dunyayi-nasil-olusturdu\/"},"modified":"2026-04-15T03:34:49","modified_gmt":"2026-04-15T00:34:49","slug":"beyin-dunyayi-nasil-olusturdu","status":"publish","type":"product","link":"https:\/\/roveyayinevi.com.tr\/index.php\/urun\/beyin-dunyayi-nasil-olusturdu\/","title":{"rendered":"Beyin D\u00fcnyay\u0131 Nas\u0131l Olu\u015fturdu"},"content":{"rendered":"<p>Beyin D\u00fcnyay\u0131 Nas\u0131l Olu\u015fturdu\u2019nun ana konusu beynin yar\u0131m k\u00fcreleridir. McGilchrist, yar\u0131m k\u00fcreler hakk\u0131nda pop\u00fcler d\u00fc\u015f\u00fcnceye yerle\u015fmi\u015f basmakal\u0131p alg\u0131 ve tan\u0131mlamalar\u0131 muazzam geni\u015flikte bir literat\u00fcrden faydalanarak sorguya al\u0131r. Fakat kitapta sadece dar odakl\u0131 bir n\u00f6roloji ya da n\u00f6ropsikoloji perspektifi h\u00e2kim de\u011fildir, bilakis beynin yar\u0131m k\u00fcreleri \u00fczerine \u00f6ne s\u00fcrd\u00fc\u011f\u00fc sav\u0131 k\u00fclt\u00fcr tarihi, d\u00fc\u015f\u00fcnce ak\u0131mlar\u0131 ve modern d\u00fcnyan\u0131n zaaflar\u0131n\u0131 incelemek i\u00e7in kullan\u0131r. Kitab\u0131n ilk yar\u0131s\u0131 okuyucuya gerekli n\u00f6rolojik bilgi temelini sa\u011flarken, ikinci yar\u0131s\u0131 da bu incelemelere ayr\u0131l\u0131r. Orijinal dilinde ve \u00e7evirilerinde g\u00f6rd\u00fc\u011f\u00fc ilginin, okumas\u0131 zor olan ve sadece alan\u0131n uzmanlar\u0131na hitap eden al\u0131\u015f\u0131lageldik bilimsel \u00e7al\u0131\u015fmalar\u0131 a\u015fmas\u0131n\u0131n sebebi de muhtemelen budur. Yar\u0131m k\u00fcrelerin birbirlerinden fark\u0131 nedir? K\u00fclt\u00fcr\u00fcn ve d\u00fcnya alg\u0131m\u0131z\u0131n olu\u015fumunda nas\u0131l rol oynarlar? Modern d\u00fcnya neden bu hatalara d\u00fc\u015fmektedir?   &#8211; \u201cBu kitap, beynin sa\u011f ve sol yar\u0131m k\u00fcreleri aras\u0131ndaki farkl\u0131l\u0131klar\u0131n ve toplum, tarih, k\u00fclt\u00fcr \u00fczerindeki etkilerinin \u00f6nc\u00fcl bir ke\u015ffi \u2013 klasik olma itibar\u0131n\u0131 hak eden say\u0131l\u0131 \u00e7a\u011fda\u015f eserden biri.\u201d (Nicholas Shakespeare, Times, BK)   &#8211; \u201cSon derece kayda de\u011fer bir kitap\u2026 Hem deneyimli bir psikolog hem de zeki bir filozof olan McGilchrist, beynin iki yar\u0131m k\u00fcrenin ili\u015fkisine yeni bir \u0131\u015f\u0131kta bak\u0131yor, sadece ilgin\u00e7 bir n\u00f6roloji sorunu de\u011fil de k\u00fclt\u00fcr\u00fcm\u00fcz\u00fc \u015fekillendirmede can al\u0131c\u0131 bir etmen olarak ele al\u0131yor. [\u2026] T\u00fcm bunlar\u0131 harika bir \u015fekilde, merak uyand\u0131ran bir bi\u00e7imde i\u015fliyor. Kitab\u0131 elimden b\u0131rakamad\u0131m.\u201d (Mary Midgley, The Guardian)<\/p>\n","protected":false},"excerpt":{"rendered":"<p>Beyin D\u00fcnyay\u0131 Nas\u0131l Olu\u015fturdu\u2019nun ana konusu beynin yar\u0131m k\u00fcreleridir. McGilchrist, yar\u0131m k\u00fcreler hakk\u0131nda pop\u00fcler d\u00fc\u015f\u00fcnceye yerle\u015fmi\u015f basmakal\u0131p alg\u0131 ve tan\u0131mlamalar\u0131 muazzam geni\u015flikte bir literat\u00fcrden faydalanarak sorguya<span class=\"excerpt-hellip\"> [\u2026]<\/span><\/p>\n","protected":false},"featured_media":0,"template":"","meta":{"_monsterinsights_skip_tracking":false,"_monsterinsights_sitenote_active":false,"_monsterinsights_sitenote_note":"","_monsterinsights_sitenote_category":0},"product_brand":[],"product_cat":[12358,12357],"product_tag":[],"class_list":{"0":"post-768711","1":"product","2":"type-product","3":"status-publish","5":"product_cat-genel-psikoloji","6":"product_cat-psikoloji","7":"pa_cilt-ciltsiz","8":"pa_tur-kitap","9":"pa_yayinevi-pinhan-yayincilik","10":"pa_yazar-iain-mcgilchrist","12":"first","13":"instock","14":"sale","15":"shipping-taxable","16":"purchasable","17":"product-type-simple"},"_links":{"self":[{"href":"https:\/\/roveyayinevi.com.tr\/index.php\/wp-json\/wp\/v2\/product\/768711","targetHints":{"allow":["GET"]}}],"collection":[{"href":"https:\/\/roveyayinevi.com.tr\/index.php\/wp-json\/wp\/v2\/product"}],"about":[{"href":"https:\/\/roveyayinevi.com.tr\/index.php\/wp-json\/wp\/v2\/types\/product"}],"wp:attachment":[{"href":"https:\/\/roveyayinevi.com.tr\/index.php\/wp-json\/wp\/v2\/media?parent=768711"}],"wp:term":[{"taxonomy":"product_brand","embeddable":true,"href":"https:\/\/roveyayinevi.com.tr\/index.php\/wp-json\/wp\/v2\/product_brand?post=768711"},{"taxonomy":"product_cat","embeddable":true,"href":"https:\/\/roveyayinevi.com.tr\/index.php\/wp-json\/wp\/v2\/product_cat?post=768711"},{"taxonomy":"product_tag","embeddable":true,"href":"https:\/\/roveyayinevi.com.tr\/index.php\/wp-json\/wp\/v2\/product_tag?post=768711"}],"curies":[{"name":"wp","href":"https:\/\/api.w.org\/{rel}","templated":true}]}}