{"id":768710,"date":"2025-08-28T13:29:57","date_gmt":"2025-08-28T10:29:57","guid":{"rendered":"https:\/\/roveyayinevi.com.tr\/index.php\/urun\/lanetli-isik\/"},"modified":"2026-04-15T03:34:49","modified_gmt":"2026-04-15T00:34:49","slug":"lanetli-isik","status":"publish","type":"product","link":"https:\/\/roveyayinevi.com.tr\/index.php\/urun\/lanetli-isik\/","title":{"rendered":"Lanetli I\u015f\u0131k"},"content":{"rendered":"<p>D\u00fcnyay\u0131 kurtarmak i\u00e7in a\u015fk\u0131n\u0131 feda etmek mi? Yoksa a\u015fk\u0131 se\u00e7mek ved\u00fcnyan\u0131n yan\u0131p k\u00fcl olmas\u0131na izin vermek mi? Alessa, \u00fclkesini y\u0131k\u0131mdan kurtarmas\u0131n\u0131n ve Dante\u2019yi neredeyse kaybetmesinin \u00fczerinden ge\u00e7en alt\u0131 ay\u0131n sonunda toparlanm\u0131\u015ft\u0131r. Gen\u00e7 kad\u0131n, hayat\u0131n\u0131n a\u015fk\u0131yla birlikte sonsuza dek mutlu ya\u015famaya haz\u0131rd\u0131r. Ancak Dante, tanr\u0131lar\u0131n hen\u00fcz onlarla i\u015finin bitmedi\u011finden \u015f\u00fcphelenmektedir ve bir t\u00fcrl\u00fc rahatlayamaz. \u00dcstelik Alessa\u2019n\u0131n bir sonraki \u00f6p\u00fcc\u00fc\u011f\u00fc, g\u00fc\u00e7lerini kaybetti\u011fi i\u00e7in onu \u00f6ld\u00fcrebilir. \u00c7aresizce \u00e7\u00f6z\u00fcm arayan Dante, onlar\u0131 kurtaracak g\u00fcce sahip tek orduyu toplamak umuduyla harekete ge\u00e7er. S\u00fcrg\u00fcn edilenlerin gizemli \u015fehrine gitti\u011finde ge\u00e7mi\u015finden gelen s\u0131rlar\u0131, yalanlar\u0131 ve hayaletleri ortaya \u00e7\u0131karacak, bu da kendine \u015fu soruyu sormas\u0131na neden olacakt\u0131r: D\u00fcnyay\u0131 kurtarman\u0131n anahtar\u0131 a\u015fklar\u0131n\u0131 feda etmekse, zafer i\u00e7in ne kadar ileri gidebileceklerdir? \u00dcstelik Alessa\u2019n\u0131n zihnini t\u00fcketen ve gittik\u00e7e b\u00fcy\u00fcyen o karanl\u0131\u011fa ra\u011fmen&#8230; Sevilen yazar Emily Thiede, y\u0131l\u0131n en iyi fantastik romanlar\u0131ndan se\u00e7ilen Lanetli L\u00fctuf\u2019un devam kitab\u0131 Lanetli I\u015f\u0131k\u2019ta okurlar\u0131 i\u00e7in efsanevi bir finale imza at\u0131yor! \u201cBu kitab\u0131 \u00e7ok sevdim! Harika bir serinin muhte\u015fem sonu&#8230;\u201d\u2013Jodi Picoult, Ke\u015fke Burada Olsayd\u0131nkitab\u0131n\u0131n #1 New York Times \u00e7oksatan yazar\u0131<\/p>\n","protected":false},"excerpt":{"rendered":"<p>D\u00fcnyay\u0131 kurtarmak i\u00e7in a\u015fk\u0131n\u0131 feda etmek mi? Yoksa a\u015fk\u0131 se\u00e7mek ved\u00fcnyan\u0131n yan\u0131p k\u00fcl olmas\u0131na izin vermek mi? Alessa, \u00fclkesini y\u0131k\u0131mdan kurtarmas\u0131n\u0131n ve Dante\u2019yi neredeyse kaybetmesinin \u00fczerinden<span class=\"excerpt-hellip\"> [\u2026]<\/span><\/p>\n","protected":false},"featured_media":0,"template":"","meta":{"_monsterinsights_skip_tracking":false,"_monsterinsights_sitenote_active":false,"_monsterinsights_sitenote_note":"","_monsterinsights_sitenote_category":0},"product_brand":[],"product_cat":[12291,14777],"product_tag":[],"class_list":{"0":"post-768710","1":"product","2":"type-product","3":"status-publish","5":"product_cat-edebiyat","6":"product_cat-fantastik","7":"pa_cilt-ciltsiz","8":"pa_tur-kitap","9":"pa_yayinevi-nemesis-kitap","10":"pa_yazar-emily-thiede","12":"first","13":"instock","14":"sale","15":"shipping-taxable","16":"purchasable","17":"product-type-simple"},"_links":{"self":[{"href":"https:\/\/roveyayinevi.com.tr\/index.php\/wp-json\/wp\/v2\/product\/768710","targetHints":{"allow":["GET"]}}],"collection":[{"href":"https:\/\/roveyayinevi.com.tr\/index.php\/wp-json\/wp\/v2\/product"}],"about":[{"href":"https:\/\/roveyayinevi.com.tr\/index.php\/wp-json\/wp\/v2\/types\/product"}],"wp:attachment":[{"href":"https:\/\/roveyayinevi.com.tr\/index.php\/wp-json\/wp\/v2\/media?parent=768710"}],"wp:term":[{"taxonomy":"product_brand","embeddable":true,"href":"https:\/\/roveyayinevi.com.tr\/index.php\/wp-json\/wp\/v2\/product_brand?post=768710"},{"taxonomy":"product_cat","embeddable":true,"href":"https:\/\/roveyayinevi.com.tr\/index.php\/wp-json\/wp\/v2\/product_cat?post=768710"},{"taxonomy":"product_tag","embeddable":true,"href":"https:\/\/roveyayinevi.com.tr\/index.php\/wp-json\/wp\/v2\/product_tag?post=768710"}],"curies":[{"name":"wp","href":"https:\/\/api.w.org\/{rel}","templated":true}]}}