{"id":768709,"date":"2025-08-28T13:29:56","date_gmt":"2025-08-28T10:29:56","guid":{"rendered":"https:\/\/roveyayinevi.com.tr\/index.php\/urun\/modern-sanat-akimlari-soyut-disavurumculuk\/"},"modified":"2025-09-23T23:57:20","modified_gmt":"2025-09-23T20:57:20","slug":"modern-sanat-akimlari-soyut-disavurumculuk","status":"publish","type":"product","link":"https:\/\/roveyayinevi.com.tr\/index.php\/urun\/modern-sanat-akimlari-soyut-disavurumculuk\/","title":{"rendered":"Modern Sanat Ak\u0131mlar\u0131: Soyut D\u0131\u015favurumculuk"},"content":{"rendered":"<p>Soyut D\u0131\u015favurumculuk, her ne kadar k\u00f6kleri bir anlamda Ger\u00e7ek\u00fcst\u00fcc\u00fcl\u00fck ve Avrupa soyut resmine dayansa da ilk ger\u00e7ek Amerikan avangard sanat hareketi olarak kabul edilir. Sava\u015f sonras\u0131 d\u00f6nemde New York\u2019u sanat sahnesinin merkezi haline getiren bu ak\u0131m \u00f6nce Amerika\u2019da sonra da t\u00fcm d\u00fcnyada etkisini hissettirmi\u015ftir. Yazar ve k\u00fcrat\u00f6r Debra Bricker Balken bu kitapta, Willem de Kooning, Jackson Pollock, Mark Rothko, Lee Krasner, Robert Motherwell ve Barnett Newman gibi sanat\u00e7\u0131lar\u0131n yan\u0131 s\u0131ra ak\u0131m\u0131n \u015fekillenmesi ve alg\u0131lanmas\u0131 konusunda \u00f6nemli rol \u00fcstlenen Clement Greenberg ve Harold Rosenberg gibi ele\u015ftirmenlere de de\u011finerek yetkin bir \u00e7al\u0131\u015fma ortaya koyuyor. Sanat tarihi yaz\u0131n\u0131na, ge\u00e7ti\u011fimiz y\u00fczy\u0131l\u0131n kayda de\u011fer sanat ak\u0131mlar\u0131ndan birisi olan Soyut D\u0131\u015favurumculuk hakk\u0131nda \u00f6nemli bir katk\u0131da bulunuyor.   Bu seri, son iki y\u00fczy\u0131la damgas\u0131n\u0131 vurmu\u015f sanat ak\u0131mlar\u0131n\u0131 okuyucuyla bulu\u015fturuyor. Modern sanat\u0131n, hem farkl\u0131 d\u00f6nemleriyle hem de bir b\u00fct\u00fcn olarak t\u00fcm geli\u015fim \u00e7izgisi \u00fczerinde g\u00f6r\u00fclebilece\u011fi ayd\u0131nlat\u0131c\u0131 bir bak\u0131\u015f a\u00e7\u0131s\u0131 sunuyor.   Serinin Di\u011fer Kitaplar\u0131 Arte Povera  &#8211; Ard-\u0130zlenimcilik \u2013 D\u0131\u015favurumculuk &#8211; Ger\u00e7ek\u00fcst\u00fcc\u00fcl\u00fck \u2013 F\u00fct\u00fcrizm \u2013 Kavramsal Sanat \u2013 K\u00fcbizm \u2013 Postmodernizm &#8211; Pop Art\u2013 Minimalizm \u2013 Modernizm &#8211; Ger\u00e7ek\u00e7ilik \u2013 Soyut Sanat <\/p>\n","protected":false},"excerpt":{"rendered":"<p>Soyut D\u0131\u015favurumculuk, her ne kadar k\u00f6kleri bir anlamda Ger\u00e7ek\u00fcst\u00fcc\u00fcl\u00fck ve Avrupa soyut resmine dayansa da ilk ger\u00e7ek Amerikan avangard sanat hareketi olarak kabul edilir. Sava\u015f sonras\u0131<span class=\"excerpt-hellip\"> [\u2026]<\/span><\/p>\n","protected":false},"featured_media":0,"template":"","meta":{"_monsterinsights_skip_tracking":false,"_monsterinsights_sitenote_active":false,"_monsterinsights_sitenote_note":"","_monsterinsights_sitenote_category":0},"product_brand":[],"product_cat":[13548,12408],"product_tag":[],"class_list":{"0":"post-768709","1":"product","2":"type-product","3":"status-publish","5":"product_cat-kuram","6":"product_cat-sanat","7":"pa_cilt-ciltsiz","8":"pa_tur-kitap","9":"pa_yayinevi-hayalperest-yayinlari","10":"pa_yazar-debra-brinker-balken","12":"first","13":"instock","14":"sale","15":"shipping-taxable","16":"purchasable","17":"product-type-simple"},"_links":{"self":[{"href":"https:\/\/roveyayinevi.com.tr\/index.php\/wp-json\/wp\/v2\/product\/768709","targetHints":{"allow":["GET"]}}],"collection":[{"href":"https:\/\/roveyayinevi.com.tr\/index.php\/wp-json\/wp\/v2\/product"}],"about":[{"href":"https:\/\/roveyayinevi.com.tr\/index.php\/wp-json\/wp\/v2\/types\/product"}],"wp:attachment":[{"href":"https:\/\/roveyayinevi.com.tr\/index.php\/wp-json\/wp\/v2\/media?parent=768709"}],"wp:term":[{"taxonomy":"product_brand","embeddable":true,"href":"https:\/\/roveyayinevi.com.tr\/index.php\/wp-json\/wp\/v2\/product_brand?post=768709"},{"taxonomy":"product_cat","embeddable":true,"href":"https:\/\/roveyayinevi.com.tr\/index.php\/wp-json\/wp\/v2\/product_cat?post=768709"},{"taxonomy":"product_tag","embeddable":true,"href":"https:\/\/roveyayinevi.com.tr\/index.php\/wp-json\/wp\/v2\/product_tag?post=768709"}],"curies":[{"name":"wp","href":"https:\/\/api.w.org\/{rel}","templated":true}]}}