{"id":768707,"date":"2025-08-28T13:29:54","date_gmt":"2025-08-28T10:29:54","guid":{"rendered":"https:\/\/roveyayinevi.com.tr\/index.php\/urun\/modern-sanat-akimlari-kubizm\/"},"modified":"2026-03-12T03:32:02","modified_gmt":"2026-03-12T00:32:02","slug":"modern-sanat-akimlari-kubizm","status":"publish","type":"product","link":"https:\/\/roveyayinevi.com.tr\/index.php\/urun\/modern-sanat-akimlari-kubizm\/","title":{"rendered":"Modern Sanat Ak\u0131mlar\u0131: K\u00fcbizm"},"content":{"rendered":"<p>Yirminci y\u00fczy\u0131l\u0131n ba\u015flar\u0131nda Fransa\u2019da ortaya \u00e7\u0131kan K\u00fcbizm, modern sanat\u0131n belki de en \u00e7\u0131\u011f\u0131r a\u00e7\u0131c\u0131, ayn\u0131 zamanda belki de en karma\u015f\u0131k ak\u0131mlar\u0131ndan biridir. Sanat tarih\u00e7isi David Cottington bu \u00e7al\u0131\u015fmas\u0131nda, sanatsal avangard\u0131n olu\u015fumunun; bu \u00e7alkant\u0131l\u0131 ve karma\u015f\u0131k d\u00f6nemde K\u00fcbizmin nas\u0131l \u015fekillendi\u011finin izini s\u00fcr\u00fcyor. Pablo Picasso, Georges Braque, Robert ve Sonia Delaunay, Albert Gleizes, Juan Gris ve Fernand L\u00e9ger gibi pek \u00e7ok sanat\u00e7\u0131n\u0131n eserlerini incelemenin yan\u0131 s\u0131ra ak\u0131m\u0131, toplumsal sanat tarihi s\u00fczgecinden ge\u00e7irerek okuyucuya hem tarihsel hem de sanatsal a\u00e7\u0131dan zengin bir analiz sunuyor. Bu radikal modern sanat ak\u0131m\u0131n\u0131n olu\u015fumunu, geli\u015fimini, ba\u015far\u0131lar\u0131n\u0131 ve miras\u0131n\u0131 yetkin bir anlat\u0131mla ortaya koyuyor.   Bu seri, son iki y\u00fczy\u0131la damgas\u0131n\u0131 vurmu\u015f sanat ak\u0131mlar\u0131n\u0131 okuyucuyla bulu\u015fturuyor. Modern sanat\u0131n, hem farkl\u0131 d\u00f6nemleriyle hem de bir b\u00fct\u00fcn olarak t\u00fcm geli\u015fim \u00e7izgisi \u00fczerinde g\u00f6r\u00fclebilece\u011fi ayd\u0131nlat\u0131c\u0131 bir bak\u0131\u015f a\u00e7\u0131s\u0131 sunuyor.   Serinin Di\u011fer Kitaplar\u0131 Arte Povera  &#8211; Ard-\u0130zlenimcilik \u2013 D\u0131\u015favurumculuk &#8211; Ger\u00e7ek\u00fcst\u00fcc\u00fcl\u00fck \u2013 F\u00fct\u00fcrizm \u2013 Kavramsal Sanat &#8211; Pop Art\u2013 Minimalizm \u2013 Modernizm &#8211; Ger\u00e7ek\u00e7ilik \u2013 Postmodernizm &#8211; Soyut Sanat &#8211; Soyut-D\u0131\u015favurumculuk <\/p>\n","protected":false},"excerpt":{"rendered":"<p>Yirminci y\u00fczy\u0131l\u0131n ba\u015flar\u0131nda Fransa\u2019da ortaya \u00e7\u0131kan K\u00fcbizm, modern sanat\u0131n belki de en \u00e7\u0131\u011f\u0131r a\u00e7\u0131c\u0131, ayn\u0131 zamanda belki de en karma\u015f\u0131k ak\u0131mlar\u0131ndan biridir. Sanat tarih\u00e7isi David Cottington<span class=\"excerpt-hellip\"> [\u2026]<\/span><\/p>\n","protected":false},"featured_media":0,"template":"","meta":{"_monsterinsights_skip_tracking":false,"_monsterinsights_sitenote_active":false,"_monsterinsights_sitenote_note":"","_monsterinsights_sitenote_category":0},"product_brand":[],"product_cat":[13548,12408],"product_tag":[],"class_list":{"0":"post-768707","1":"product","2":"type-product","3":"status-publish","5":"product_cat-kuram","6":"product_cat-sanat","7":"pa_cilt-ciltsiz","8":"pa_tur-kitap","9":"pa_yayinevi-hayalperest-yayinlari","10":"pa_yazar-david-cottington","12":"first","13":"instock","14":"sale","15":"shipping-taxable","16":"purchasable","17":"product-type-simple"},"_links":{"self":[{"href":"https:\/\/roveyayinevi.com.tr\/index.php\/wp-json\/wp\/v2\/product\/768707","targetHints":{"allow":["GET"]}}],"collection":[{"href":"https:\/\/roveyayinevi.com.tr\/index.php\/wp-json\/wp\/v2\/product"}],"about":[{"href":"https:\/\/roveyayinevi.com.tr\/index.php\/wp-json\/wp\/v2\/types\/product"}],"wp:attachment":[{"href":"https:\/\/roveyayinevi.com.tr\/index.php\/wp-json\/wp\/v2\/media?parent=768707"}],"wp:term":[{"taxonomy":"product_brand","embeddable":true,"href":"https:\/\/roveyayinevi.com.tr\/index.php\/wp-json\/wp\/v2\/product_brand?post=768707"},{"taxonomy":"product_cat","embeddable":true,"href":"https:\/\/roveyayinevi.com.tr\/index.php\/wp-json\/wp\/v2\/product_cat?post=768707"},{"taxonomy":"product_tag","embeddable":true,"href":"https:\/\/roveyayinevi.com.tr\/index.php\/wp-json\/wp\/v2\/product_tag?post=768707"}],"curies":[{"name":"wp","href":"https:\/\/api.w.org\/{rel}","templated":true}]}}