{"id":768706,"date":"2025-08-28T13:29:52","date_gmt":"2025-08-28T10:29:52","guid":{"rendered":"https:\/\/roveyayinevi.com.tr\/index.php\/urun\/modern-sanat-akimlari-postmodernizm\/"},"modified":"2026-03-12T03:32:02","modified_gmt":"2026-03-12T00:32:02","slug":"modern-sanat-akimlari-postmodernizm","status":"publish","type":"product","link":"https:\/\/roveyayinevi.com.tr\/index.php\/urun\/modern-sanat-akimlari-postmodernizm\/","title":{"rendered":"Modern Sanat Ak\u0131mlar\u0131: Postmodernizm"},"content":{"rendered":"<p>Son d\u00f6nemde \u2018postmodernizm\u2019 terimi kadar a\u015f\u0131r\u0131 kullan\u0131lm\u0131\u015f ve yanl\u0131\u015f anla\u015f\u0131lm\u0131\u015f bir s\u00f6zc\u00fck belki de yoktur. Bu kitap, postmodernizmin \u00e7a\u011fda\u015f sanat ba\u011flam\u0131nda ne anlama geldi\u011finin geni\u015f kapsaml\u0131 ve son derece okunabilir bir incelemesi niteli\u011findedir. Postmodern devrim, evrensellik, \u00f6zg\u00fcnl\u00fck ve ilerlemeci modernist inanc\u0131, sanat eserlerini metinlere, tarihi mitolojiye, sanat\u00e7\u0131y\u0131 kurgusal bir karaktere ve ger\u00e7ekli\u011fi modas\u0131 ge\u00e7mi\u015f bir gelene\u011fe d\u00f6n\u00fc\u015ft\u00fcren bir d\u00fcnya g\u00f6r\u00fc\u015f\u00fcyle de\u011fi\u015ftirmi\u015ftir. Eleanor Heartney, postmodern sanat tarihinde Yeni D\u0131\u015favurumculuk, \u2018anti-estetik\u2019 hareket, meta ele\u015ftirisi, postmodern feminizm ve \u00e7okk\u00fclt\u00fcrl\u00fcl\u00fck tart\u0131\u015fmalar\u0131 gibi \u00f6nemli geli\u015fmeleri inceliyor. Bu s\u00fcre\u00e7te, aralar\u0131nda \u015fu sorular\u0131n da bulundu\u011fu bir dizi ilgi \u00e7ekici meselelere parmak bas\u0131yor: Sanat\u00e7\u0131 olmadan sanat nedir? Neden foto\u011fraf en hakiki postmodern mecrad\u0131r? Temeli sanat\u0131n metala\u015ft\u0131r\u0131lmas\u0131na kar\u015f\u0131 duru\u015fa dayanan bir hareket nas\u0131l oldu da yak\u0131n tarihin en hararetli sanat piyasalar\u0131ndan birini yaratt\u0131? Postmodernizm, \u00e7a\u011fda\u015f sanat\u0131n kafa kar\u0131\u015ft\u0131r\u0131c\u0131 bir d\u00f6nemine a\u00e7\u0131kl\u0131k getiriyor.   Bu seri, son iki y\u00fczy\u0131la damgas\u0131n\u0131 vurmu\u015f sanat ak\u0131mlar\u0131n\u0131 okuyucuyla bulu\u015fturuyor. Modern sanat\u0131n, hem farkl\u0131 d\u00f6nemleriyle hem de bir b\u00fct\u00fcn olarak t\u00fcm geli\u015fim \u00e7izgisi \u00fczerinde g\u00f6r\u00fclebilece\u011fi ayd\u0131nlat\u0131c\u0131 bir bak\u0131\u015f a\u00e7\u0131s\u0131 sunuyor.   Serinin Di\u011fer Kitaplar\u0131 Arte Povera  &#8211; Ard-\u0130zlenimcilik \u2013 D\u0131\u015favurumculuk &#8211; Ger\u00e7ek\u00fcst\u00fcc\u00fcl\u00fck \u2013 F\u00fct\u00fcrizm \u2013 Kavramsal Sanat \u2013 K\u00fcbizm &#8211; Pop Art\u2013 Minimalizm \u2013 Modernizm &#8211; Ger\u00e7ek\u00e7ilik \u2013 Soyut Sanat &#8211; Soyut-D\u0131\u015favurumculuk <\/p>\n","protected":false},"excerpt":{"rendered":"<p>Son d\u00f6nemde \u2018postmodernizm\u2019 terimi kadar a\u015f\u0131r\u0131 kullan\u0131lm\u0131\u015f ve yanl\u0131\u015f anla\u015f\u0131lm\u0131\u015f bir s\u00f6zc\u00fck belki de yoktur. Bu kitap, postmodernizmin \u00e7a\u011fda\u015f sanat ba\u011flam\u0131nda ne anlama geldi\u011finin geni\u015f kapsaml\u0131<span class=\"excerpt-hellip\"> [\u2026]<\/span><\/p>\n","protected":false},"featured_media":0,"template":"","meta":{"_monsterinsights_skip_tracking":false,"_monsterinsights_sitenote_active":false,"_monsterinsights_sitenote_note":"","_monsterinsights_sitenote_category":0},"product_brand":[],"product_cat":[13548,12408],"product_tag":[],"class_list":{"0":"post-768706","1":"product","2":"type-product","3":"status-publish","5":"product_cat-kuram","6":"product_cat-sanat","7":"pa_cilt-ciltsiz","8":"pa_tur-kitap","9":"pa_yayinevi-hayalperest-yayinlari","10":"pa_yazar-eleanor-heartney","12":"first","13":"instock","14":"sale","15":"shipping-taxable","16":"purchasable","17":"product-type-simple"},"_links":{"self":[{"href":"https:\/\/roveyayinevi.com.tr\/index.php\/wp-json\/wp\/v2\/product\/768706","targetHints":{"allow":["GET"]}}],"collection":[{"href":"https:\/\/roveyayinevi.com.tr\/index.php\/wp-json\/wp\/v2\/product"}],"about":[{"href":"https:\/\/roveyayinevi.com.tr\/index.php\/wp-json\/wp\/v2\/types\/product"}],"wp:attachment":[{"href":"https:\/\/roveyayinevi.com.tr\/index.php\/wp-json\/wp\/v2\/media?parent=768706"}],"wp:term":[{"taxonomy":"product_brand","embeddable":true,"href":"https:\/\/roveyayinevi.com.tr\/index.php\/wp-json\/wp\/v2\/product_brand?post=768706"},{"taxonomy":"product_cat","embeddable":true,"href":"https:\/\/roveyayinevi.com.tr\/index.php\/wp-json\/wp\/v2\/product_cat?post=768706"},{"taxonomy":"product_tag","embeddable":true,"href":"https:\/\/roveyayinevi.com.tr\/index.php\/wp-json\/wp\/v2\/product_tag?post=768706"}],"curies":[{"name":"wp","href":"https:\/\/api.w.org\/{rel}","templated":true}]}}