{"id":768705,"date":"2025-08-28T13:29:51","date_gmt":"2025-08-28T10:29:51","guid":{"rendered":"https:\/\/roveyayinevi.com.tr\/index.php\/urun\/modern-sanat-akimlari-kavramsal-sanat\/"},"modified":"2026-03-04T03:55:46","modified_gmt":"2026-03-04T00:55:46","slug":"modern-sanat-akimlari-kavramsal-sanat","status":"publish","type":"product","link":"https:\/\/roveyayinevi.com.tr\/index.php\/urun\/modern-sanat-akimlari-kavramsal-sanat\/","title":{"rendered":"Modern Sanat Ak\u0131mlar\u0131: Kavramsal Sanat"},"content":{"rendered":"<p>Sanatta nesnelerin de\u011fil de d\u00fc\u015f\u00fcncelerin \u00f6n plana \u00e7\u0131kmaya ba\u015flad\u0131\u011f\u0131 Kavramsal Sanat ak\u0131m\u0131, 1960\u2019l\u0131 ve 1970\u2019li y\u0131llarda ortaya \u00e7\u0131km\u0131\u015f ve modern sanattaki en \u00f6nemli d\u00f6n\u00fc\u015f\u00fcm noktalar\u0131ndan birisini olu\u015fturmu\u015ftur. Sanat tarih\u00e7isi Paul Wood, kavramsal sanat\u0131 t\u00fcm y\u00f6nleriyle ele ald\u0131\u011f\u0131 bu kitab\u0131nda, ak\u0131m\u0131n k\u00f6klerini Marcel Duchamp&#8217;\u0131n eserlerinde, Piero Manzoni&#8217;nin sanat d\u00fcnyas\u0131yla \u2018alay etti\u011fi\u2019 i\u015flerinde ve Fluxus grubunun faaliyetlerinde ar\u0131yor. Ard\u0131ndan Kavramsal sanat\u00e7\u0131lar\u0131n hem sanatsal Modernizm hakk\u0131nda temel sorular\u0131 g\u00fcndeme getirme hem de daha geni\u015f toplumsal ve siyasi meselelere y\u00f6nelme bi\u00e7imlerini inceliyor. Dan Graham, Joseph Kosuth, \u0130ngiliz Art &amp; Language grubuna ek olarak Mary Kelly gibi feminist sanat\u00e7\u0131lar\u0131n \u00e7al\u0131\u015fmalar\u0131n\u0131, Joseph Beuys ve Daniel Buren, Ilya Kabakov, On Kawara ve Cildo Meireles gibi d\u00fcnyan\u0131n d\u00f6rt bir yan\u0131ndan sanat\u00e7\u0131lar\u0131n eserlerini inceliyor.   Bu seri, son iki y\u00fczy\u0131la damgas\u0131n\u0131 vurmu\u015f sanat ak\u0131mlar\u0131n\u0131 okuyucuyla bulu\u015fturuyor. Modern sanat\u0131n, hem farkl\u0131 d\u00f6nemleriyle hem de bir b\u00fct\u00fcn olarak t\u00fcm geli\u015fim \u00e7izgisi \u00fczerinde g\u00f6r\u00fclebilece\u011fi ayd\u0131nlat\u0131c\u0131 bir bak\u0131\u015f a\u00e7\u0131s\u0131 sunuyor.   Serinin Di\u011fer Kitaplar\u0131 Arte Povera  &#8211; Ard-\u0130zlenimcilik \u2013 D\u0131\u015favurumculuk &#8211; Ger\u00e7ek\u00fcst\u00fcc\u00fcl\u00fck \u2013 F\u00fct\u00fcrizm &#8211; Pop Art \u2013 K\u00fcbizm \u2013 Minimalizm \u2013 Modernizm &#8211; Ger\u00e7ek\u00e7ilik \u2013 Postmodernizm &#8211; Soyut Sanat &#8211; Soyut-D\u0131\u015favurumculuk <\/p>\n","protected":false},"excerpt":{"rendered":"<p>Sanatta nesnelerin de\u011fil de d\u00fc\u015f\u00fcncelerin \u00f6n plana \u00e7\u0131kmaya ba\u015flad\u0131\u011f\u0131 Kavramsal Sanat ak\u0131m\u0131, 1960\u2019l\u0131 ve 1970\u2019li y\u0131llarda ortaya \u00e7\u0131km\u0131\u015f ve modern sanattaki en \u00f6nemli d\u00f6n\u00fc\u015f\u00fcm noktalar\u0131ndan birisini<span class=\"excerpt-hellip\"> [\u2026]<\/span><\/p>\n","protected":false},"featured_media":0,"template":"","meta":{"_monsterinsights_skip_tracking":false,"_monsterinsights_sitenote_active":false,"_monsterinsights_sitenote_note":"","_monsterinsights_sitenote_category":0},"product_brand":[],"product_cat":[13548,12408],"product_tag":[],"class_list":{"0":"post-768705","1":"product","2":"type-product","3":"status-publish","5":"product_cat-kuram","6":"product_cat-sanat","7":"pa_cilt-ciltsiz","8":"pa_tur-kitap","9":"pa_yayinevi-hayalperest-yayinlari","10":"pa_yazar-paul-wood","12":"first","13":"instock","14":"sale","15":"shipping-taxable","16":"purchasable","17":"product-type-simple"},"_links":{"self":[{"href":"https:\/\/roveyayinevi.com.tr\/index.php\/wp-json\/wp\/v2\/product\/768705","targetHints":{"allow":["GET"]}}],"collection":[{"href":"https:\/\/roveyayinevi.com.tr\/index.php\/wp-json\/wp\/v2\/product"}],"about":[{"href":"https:\/\/roveyayinevi.com.tr\/index.php\/wp-json\/wp\/v2\/types\/product"}],"wp:attachment":[{"href":"https:\/\/roveyayinevi.com.tr\/index.php\/wp-json\/wp\/v2\/media?parent=768705"}],"wp:term":[{"taxonomy":"product_brand","embeddable":true,"href":"https:\/\/roveyayinevi.com.tr\/index.php\/wp-json\/wp\/v2\/product_brand?post=768705"},{"taxonomy":"product_cat","embeddable":true,"href":"https:\/\/roveyayinevi.com.tr\/index.php\/wp-json\/wp\/v2\/product_cat?post=768705"},{"taxonomy":"product_tag","embeddable":true,"href":"https:\/\/roveyayinevi.com.tr\/index.php\/wp-json\/wp\/v2\/product_tag?post=768705"}],"curies":[{"name":"wp","href":"https:\/\/api.w.org\/{rel}","templated":true}]}}