{"id":768704,"date":"2025-08-28T13:29:50","date_gmt":"2025-08-28T10:29:50","guid":{"rendered":"https:\/\/roveyayinevi.com.tr\/index.php\/urun\/modern-sanat-akimlari-ard-izlenimcilik\/"},"modified":"2026-03-12T03:32:02","modified_gmt":"2026-03-12T00:32:02","slug":"modern-sanat-akimlari-ard-izlenimcilik","status":"publish","type":"product","link":"https:\/\/roveyayinevi.com.tr\/index.php\/urun\/modern-sanat-akimlari-ard-izlenimcilik\/","title":{"rendered":"Modern Sanat Ak\u0131mlar\u0131: Ard-\u0130zlenimcilik"},"content":{"rendered":"<p>On dokuzuncu y\u00fczy\u0131l sonlar\u0131ndan yirminci y\u00fczy\u0131l\u0131n ba\u015flar\u0131na dek etkili olan Ard-\u0130zlenimcilik ak\u0131m\u0131na ba\u011fl\u0131 sanat\u00e7\u0131lar, ard\u0131ndan geldikleri \u0130zlenimcili\u011fin etkisinden memnum olmayan, daha kal\u0131c\u0131, daha yap\u0131land\u0131r\u0131lm\u0131\u015f ve ifadeye dayal\u0131 bir sanat i\u00e7in farkl\u0131 yollara ba\u015fvurmu\u015ftur. Paul C\u00e9zanne, Vincent van Gogh, Paul Gauguin ve Georges Seurat gibi sanat\u00e7\u0131lar, \u0130zlenimcili\u011fi geli\u015ftirerek yahut y\u0131k\u0131p yeniden bir araya getirerek resmin kurallar\u0131n\u0131 yeni ba\u015ftan yazarlar. Sanat tarih\u00e7isi Belinda Thomson bu kitab\u0131nda, bu olduk\u00e7a \u00f6nemli sanat\u00e7\u0131lar\u0131 ve onlar\u0131n eserlerini inceleyerek Ard-\u0130zlenimcili\u011fin kapsaml\u0131 bir kayd\u0131n\u0131 tutuyor. Geli\u015fig\u00fczel renklere, abart\u0131l\u0131 bi\u00e7imlere ve soyutlamaya y\u00f6nelen sanat\u00e7\u0131lar\u0131n sanat tarihini nas\u0131l etkiledi\u011fini ve izleyicinin sanata bak\u0131\u015f\u0131n\u0131 nas\u0131l de\u011fi\u015ftirdi\u011fini g\u00f6zler \u00f6n\u00fcne seriyor.   Bu seri, son iki y\u00fczy\u0131la damgas\u0131n\u0131 vurmu\u015f sanat ak\u0131mlar\u0131n\u0131 okuyucuyla bulu\u015fturuyor. Modern sanat\u0131n, hem farkl\u0131 d\u00f6nemleriyle hem de bir b\u00fct\u00fcn olarak t\u00fcm geli\u015fim \u00e7izgisi \u00fczerinde g\u00f6r\u00fclebilece\u011fi ayd\u0131nlat\u0131c\u0131 bir bak\u0131\u015f a\u00e7\u0131s\u0131 sunuyor.   Serinin Di\u011fer Kitaplar\u0131 Arte Povera  &#8211; D\u0131\u015favurumculuk \u2013 Ger\u00e7ek\u00fcst\u00fcc\u00fcl\u00fck \u2013 F\u00fct\u00fcrizm &#8211; Pop Art &#8211; Kavramsal Sanat \u2013 K\u00fcbizm \u2013 Minimalizm \u2013 Modernizm &#8211; Ger\u00e7ek\u00e7ilik \u2013 Postmodernizm &#8211; Soyut Sanat &#8211; Soyut-D\u0131\u015favurumculuk <\/p>\n","protected":false},"excerpt":{"rendered":"<p>On dokuzuncu y\u00fczy\u0131l sonlar\u0131ndan yirminci y\u00fczy\u0131l\u0131n ba\u015flar\u0131na dek etkili olan Ard-\u0130zlenimcilik ak\u0131m\u0131na ba\u011fl\u0131 sanat\u00e7\u0131lar, ard\u0131ndan geldikleri \u0130zlenimcili\u011fin etkisinden memnum olmayan, daha kal\u0131c\u0131, daha yap\u0131land\u0131r\u0131lm\u0131\u015f ve ifadeye<span class=\"excerpt-hellip\"> [\u2026]<\/span><\/p>\n","protected":false},"featured_media":0,"template":"","meta":{"_monsterinsights_skip_tracking":false,"_monsterinsights_sitenote_active":false,"_monsterinsights_sitenote_note":"","_monsterinsights_sitenote_category":0},"product_brand":[],"product_cat":[13548,12408],"product_tag":[],"class_list":{"0":"post-768704","1":"product","2":"type-product","3":"status-publish","5":"product_cat-kuram","6":"product_cat-sanat","7":"pa_cilt-ciltsiz","8":"pa_tur-kitap","9":"pa_yayinevi-hayalperest-yayinlari","10":"pa_yazar-belinda-thomson","12":"first","13":"instock","14":"sale","15":"shipping-taxable","16":"purchasable","17":"product-type-simple"},"_links":{"self":[{"href":"https:\/\/roveyayinevi.com.tr\/index.php\/wp-json\/wp\/v2\/product\/768704","targetHints":{"allow":["GET"]}}],"collection":[{"href":"https:\/\/roveyayinevi.com.tr\/index.php\/wp-json\/wp\/v2\/product"}],"about":[{"href":"https:\/\/roveyayinevi.com.tr\/index.php\/wp-json\/wp\/v2\/types\/product"}],"wp:attachment":[{"href":"https:\/\/roveyayinevi.com.tr\/index.php\/wp-json\/wp\/v2\/media?parent=768704"}],"wp:term":[{"taxonomy":"product_brand","embeddable":true,"href":"https:\/\/roveyayinevi.com.tr\/index.php\/wp-json\/wp\/v2\/product_brand?post=768704"},{"taxonomy":"product_cat","embeddable":true,"href":"https:\/\/roveyayinevi.com.tr\/index.php\/wp-json\/wp\/v2\/product_cat?post=768704"},{"taxonomy":"product_tag","embeddable":true,"href":"https:\/\/roveyayinevi.com.tr\/index.php\/wp-json\/wp\/v2\/product_tag?post=768704"}],"curies":[{"name":"wp","href":"https:\/\/api.w.org\/{rel}","templated":true}]}}