{"id":768703,"date":"2025-08-28T13:29:49","date_gmt":"2025-08-28T10:29:49","guid":{"rendered":"https:\/\/roveyayinevi.com.tr\/index.php\/urun\/yeni-bir-baslangic\/"},"modified":"2026-04-15T03:34:49","modified_gmt":"2026-04-15T00:34:49","slug":"yeni-bir-baslangic","status":"publish","type":"product","link":"https:\/\/roveyayinevi.com.tr\/index.php\/urun\/yeni-bir-baslangic\/","title":{"rendered":"Yeni Bir Ba\u015flang\u0131\u00e7"},"content":{"rendered":"<p>Bu yolculuk zor ama ben buraday\u0131m. Gelmek isteyip gelemeyen, tan\u0131\u015fmak isteyip tan\u0131\u015famayan, bilgilerime h\u0131zl\u0131 ula\u015fmak isteyenler i\u00e7in bu kitab\u0131m. Diyetler, tarifler, hik\u00e2yelerle dolu &#8220;Diyet Hakk\u0131nda Her \u015eey\u201din devam\u0131 kabul edin \u201cYeni Bir Ba\u015flang\u0131\u00e7\u201d\u0131. Nilay Ke\u00e7eci olarak yolda, evde, i\u015fte, sporda, deniz kenar\u0131nda sizlerle olmak hem keyifli hem de inan\u0131lmaz heyecan verici. Yeni hayat ve yeni bir beden i\u00e7in, klinik uzmanl\u0131\u011f\u0131mdan faydalan\u0131p yeniden sa\u011fl\u0131k bulmak i\u00e7in bildi\u011fim her \u015feyi sizlerle bu kitab\u0131mda payla\u015ft\u0131m. Sevgi ile okuyun, hep fit kal\u0131n. Hep bana yak\u0131n. <\/p>\n","protected":false},"excerpt":{"rendered":"<p>Bu yolculuk zor ama ben buraday\u0131m. Gelmek isteyip gelemeyen, tan\u0131\u015fmak isteyip tan\u0131\u015famayan, bilgilerime h\u0131zl\u0131 ula\u015fmak isteyenler i\u00e7in bu kitab\u0131m. Diyetler, tarifler, hik\u00e2yelerle dolu &#8220;Diyet Hakk\u0131nda Her<span class=\"excerpt-hellip\"> [\u2026]<\/span><\/p>\n","protected":false},"featured_media":0,"template":"","meta":{"_monsterinsights_skip_tracking":false,"_monsterinsights_sitenote_active":false,"_monsterinsights_sitenote_note":"","_monsterinsights_sitenote_category":0},"product_brand":[],"product_cat":[13402,13365],"product_tag":[],"class_list":{"0":"post-768703","1":"product","2":"type-product","3":"status-publish","5":"product_cat-beslenme-ve-diyet","6":"product_cat-saglik","7":"pa_cilt-ciltsiz","8":"pa_tur-kitap","9":"pa_yayinevi-inkilap-kitabevi","10":"pa_yazar-nilay-kececi","12":"first","13":"instock","14":"sale","15":"shipping-taxable","16":"purchasable","17":"product-type-simple"},"_links":{"self":[{"href":"https:\/\/roveyayinevi.com.tr\/index.php\/wp-json\/wp\/v2\/product\/768703","targetHints":{"allow":["GET"]}}],"collection":[{"href":"https:\/\/roveyayinevi.com.tr\/index.php\/wp-json\/wp\/v2\/product"}],"about":[{"href":"https:\/\/roveyayinevi.com.tr\/index.php\/wp-json\/wp\/v2\/types\/product"}],"wp:attachment":[{"href":"https:\/\/roveyayinevi.com.tr\/index.php\/wp-json\/wp\/v2\/media?parent=768703"}],"wp:term":[{"taxonomy":"product_brand","embeddable":true,"href":"https:\/\/roveyayinevi.com.tr\/index.php\/wp-json\/wp\/v2\/product_brand?post=768703"},{"taxonomy":"product_cat","embeddable":true,"href":"https:\/\/roveyayinevi.com.tr\/index.php\/wp-json\/wp\/v2\/product_cat?post=768703"},{"taxonomy":"product_tag","embeddable":true,"href":"https:\/\/roveyayinevi.com.tr\/index.php\/wp-json\/wp\/v2\/product_tag?post=768703"}],"curies":[{"name":"wp","href":"https:\/\/api.w.org\/{rel}","templated":true}]}}