{"id":768700,"date":"2025-08-28T13:29:43","date_gmt":"2025-08-28T10:29:43","guid":{"rendered":"https:\/\/roveyayinevi.com.tr\/index.php\/urun\/ahlak-kurallari\/"},"modified":"2025-10-01T22:56:44","modified_gmt":"2025-10-01T19:56:44","slug":"ahlak-kurallari","status":"publish","type":"product","link":"https:\/\/roveyayinevi.com.tr\/index.php\/urun\/ahlak-kurallari\/","title":{"rendered":"Ahlak Kurallar\u0131"},"content":{"rendered":"<p>Bu kitap, \u0130slam ahlak\u0131n\u0131n temel \u00f6\u011felerini ve de\u011ferlerini derinlemesine ele alarak, g\u00fcnl\u00fck ya\u015fant\u0131m\u0131za entegre edebilece\u011fimiz ilkeleri a\u00e7\u0131klamaktad\u0131r. \u0130slam ahlak\u0131n\u0131n kayna\u011f\u0131n\u0131, tarihsel geli\u015fimini ve toplumsal etkilerini anla\u015f\u0131l\u0131r bir dil ile sunan bu kitap, g\u00fcn\u00fcm\u00fcz insan\u0131n\u0131n kar\u015f\u0131la\u015ft\u0131\u011f\u0131 ahlaki problemleri \u00e7\u00f6zmeye y\u00f6nelik \u00f6nemli bir kaynak olu\u015fturmaktad\u0131r. \u0130slam&#8217;da ahlak, sadece bireysel de\u011fil toplumsal huzuru sa\u011flamak i\u00e7in de b\u00fcy\u00fck bir \u00f6neme sahiptir. Kitap, ahlak, erdem, hak, edeple ilgili kavramlar\u0131 detayl\u0131 bir \u015fekilde incelerken, \u0130slam\u2019\u0131n insan hayat\u0131na katt\u0131\u011f\u0131 de\u011ferleri modern d\u00fcnyada nas\u0131l ya\u015fayabilece\u011fimize dair derinlemesine bir anlay\u0131\u015f sunmaktad\u0131r. Kur\u2019an-\u0131 Kerim ve Hz. Peygamber\u2019in S\u00fcnneti&#8217;nden al\u0131nan \u00f6\u011fretilerle \u015fekillenen bu eser, sadece teorik bir bak\u0131\u015f a\u00e7\u0131s\u0131 sunmakla kalmaz, ayn\u0131 zamanda bireylerin ve toplumlar\u0131n ahlaki y\u00f6nlerini geli\u015ftirebilecek pratik bir rehber de olu\u015fturur. <\/p>\n","protected":false},"excerpt":{"rendered":"<p>Bu kitap, \u0130slam ahlak\u0131n\u0131n temel \u00f6\u011felerini ve de\u011ferlerini derinlemesine ele alarak, g\u00fcnl\u00fck ya\u015fant\u0131m\u0131za entegre edebilece\u011fimiz ilkeleri a\u00e7\u0131klamaktad\u0131r. \u0130slam ahlak\u0131n\u0131n kayna\u011f\u0131n\u0131, tarihsel geli\u015fimini ve toplumsal etkilerini anla\u015f\u0131l\u0131r<span class=\"excerpt-hellip\"> [\u2026]<\/span><\/p>\n","protected":false},"featured_media":0,"template":"","meta":{"_monsterinsights_skip_tracking":false,"_monsterinsights_sitenote_active":false,"_monsterinsights_sitenote_note":"","_monsterinsights_sitenote_category":0},"product_brand":[],"product_cat":[12718,12719,13025],"product_tag":[],"class_list":{"0":"post-768700","1":"product","2":"type-product","3":"status-publish","5":"product_cat-din","6":"product_cat-islam","7":"product_cat-islam-ve-gunumuz-islam-dusuncesi","8":"pa_cilt-ciltsiz","9":"pa_tur-kitap","10":"pa_yayinevi-kalem-lugat-yayincilik","11":"pa_yazar-nurullah-opcin","13":"first","14":"instock","15":"sale","16":"shipping-taxable","17":"purchasable","18":"product-type-simple"},"_links":{"self":[{"href":"https:\/\/roveyayinevi.com.tr\/index.php\/wp-json\/wp\/v2\/product\/768700","targetHints":{"allow":["GET"]}}],"collection":[{"href":"https:\/\/roveyayinevi.com.tr\/index.php\/wp-json\/wp\/v2\/product"}],"about":[{"href":"https:\/\/roveyayinevi.com.tr\/index.php\/wp-json\/wp\/v2\/types\/product"}],"wp:attachment":[{"href":"https:\/\/roveyayinevi.com.tr\/index.php\/wp-json\/wp\/v2\/media?parent=768700"}],"wp:term":[{"taxonomy":"product_brand","embeddable":true,"href":"https:\/\/roveyayinevi.com.tr\/index.php\/wp-json\/wp\/v2\/product_brand?post=768700"},{"taxonomy":"product_cat","embeddable":true,"href":"https:\/\/roveyayinevi.com.tr\/index.php\/wp-json\/wp\/v2\/product_cat?post=768700"},{"taxonomy":"product_tag","embeddable":true,"href":"https:\/\/roveyayinevi.com.tr\/index.php\/wp-json\/wp\/v2\/product_tag?post=768700"}],"curies":[{"name":"wp","href":"https:\/\/api.w.org\/{rel}","templated":true}]}}