{"id":768699,"date":"2025-08-28T13:29:41","date_gmt":"2025-08-28T10:29:41","guid":{"rendered":"https:\/\/roveyayinevi.com.tr\/index.php\/urun\/yarasalarin-avlusunda\/"},"modified":"2026-04-15T03:34:49","modified_gmt":"2026-04-15T00:34:49","slug":"yarasalarin-avlusunda","status":"publish","type":"product","link":"https:\/\/roveyayinevi.com.tr\/index.php\/urun\/yarasalarin-avlusunda\/","title":{"rendered":"Yarasalar\u0131n Avlusunda"},"content":{"rendered":"<p>Tabii ki \u00f6l\u00fcm\u00fc \u00e7ok d\u00fc\u015f\u00fcnd\u00fcm Tabii ki \u00f6l\u00fcm\u00fc anlayarak ya\u015fland\u0131m \u0130yi ki g\u00fczelli\u011fin sonunu \u00f6nceden bilmedim \u0130yi ki ayr\u0131l\u0131\u011f\u0131n ac\u0131s\u0131yla donand\u0131 kalbim Melankoli, bir so\u011fuk pencerenin pervaz\u0131na Hayal ipli\u011fiyle dikilmi\u015f sapsar\u0131 bir bozk\u0131rd\u0131 Melankoli b\u00fct\u00fcn k\u0131zlardan ka\u00e7an Ta\u015fral\u0131 bir mahcubiyetti Tabii ki e\u015fikleri anlad\u0131m Oday\u0131 da soka\u011f\u0131 da ayn\u0131 hayranl\u0131kla sevdim \u0130yi ki can s\u0131k\u0131nt\u0131s\u0131 yazman\u0131n kap\u0131lar\u0131n\u0131 a\u00e7t\u0131 Yaln\u0131zl\u0131\u011f\u0131 sevecek kadar \u00e7ok kitap okudum iyi ki G\u00fczel dostlar\u0131m oldu ama hep tenha y\u00fcr\u00fcd\u00fcm \u00d6l\u00fclerimle konu\u015facak ya\u015flara geldim.   Ben g\u00f6rsem ne, g\u00f6rmesem ne Kandil s\u00f6necek bir g\u00fcn Ama d\u00fcnyam\u0131zda ate\u015f b\u00f6cekleri Hep yanacak.   * Yarasalar\u0131n Avlusunda, \u015e\u00fckr\u00fc Erba\u015f\u2019\u0131n 2023-2024 y\u0131llar\u0131 aras\u0131nda yazd\u0131\u011f\u0131 \u015fiirlerden olu\u015fmaktad\u0131r. <\/p>\n","protected":false},"excerpt":{"rendered":"<p>Tabii ki \u00f6l\u00fcm\u00fc \u00e7ok d\u00fc\u015f\u00fcnd\u00fcm Tabii ki \u00f6l\u00fcm\u00fc anlayarak ya\u015fland\u0131m \u0130yi ki g\u00fczelli\u011fin sonunu \u00f6nceden bilmedim \u0130yi ki ayr\u0131l\u0131\u011f\u0131n ac\u0131s\u0131yla donand\u0131 kalbim Melankoli, bir so\u011fuk pencerenin<span class=\"excerpt-hellip\"> [\u2026]<\/span><\/p>\n","protected":false},"featured_media":0,"template":"","meta":{"_monsterinsights_skip_tracking":false,"_monsterinsights_sitenote_active":false,"_monsterinsights_sitenote_note":"","_monsterinsights_sitenote_category":0},"product_brand":[],"product_cat":[12291,12509],"product_tag":[],"class_list":{"0":"post-768699","1":"product","2":"type-product","3":"status-publish","5":"product_cat-edebiyat","6":"product_cat-siir","7":"pa_cilt-ciltsiz","8":"pa_tur-kitap","9":"pa_yayinevi-kirmizi-kedi-yayinevi","10":"pa_yazar-sukru-erbas","12":"first","13":"instock","14":"sale","15":"shipping-taxable","16":"purchasable","17":"product-type-simple"},"_links":{"self":[{"href":"https:\/\/roveyayinevi.com.tr\/index.php\/wp-json\/wp\/v2\/product\/768699","targetHints":{"allow":["GET"]}}],"collection":[{"href":"https:\/\/roveyayinevi.com.tr\/index.php\/wp-json\/wp\/v2\/product"}],"about":[{"href":"https:\/\/roveyayinevi.com.tr\/index.php\/wp-json\/wp\/v2\/types\/product"}],"wp:attachment":[{"href":"https:\/\/roveyayinevi.com.tr\/index.php\/wp-json\/wp\/v2\/media?parent=768699"}],"wp:term":[{"taxonomy":"product_brand","embeddable":true,"href":"https:\/\/roveyayinevi.com.tr\/index.php\/wp-json\/wp\/v2\/product_brand?post=768699"},{"taxonomy":"product_cat","embeddable":true,"href":"https:\/\/roveyayinevi.com.tr\/index.php\/wp-json\/wp\/v2\/product_cat?post=768699"},{"taxonomy":"product_tag","embeddable":true,"href":"https:\/\/roveyayinevi.com.tr\/index.php\/wp-json\/wp\/v2\/product_tag?post=768699"}],"curies":[{"name":"wp","href":"https:\/\/api.w.org\/{rel}","templated":true}]}}