{"id":768695,"date":"2025-08-28T13:29:36","date_gmt":"2025-08-28T10:29:36","guid":{"rendered":"https:\/\/roveyayinevi.com.tr\/index.php\/urun\/balkanlar\/"},"modified":"2026-04-15T03:34:49","modified_gmt":"2026-04-15T00:34:49","slug":"balkanlar","status":"publish","type":"product","link":"https:\/\/roveyayinevi.com.tr\/index.php\/urun\/balkanlar\/","title":{"rendered":"Balkanlar"},"content":{"rendered":"<p>Tarih boyunca Balkanlar, medeniyetler aras\u0131nda stratejik bir k\u00f6pr\u00fc, k\u00fclt\u00fcrel bir mozaik ve siyasi bir \u00e7at\u0131\u015fma alan\u0131 oldu. Dennis P. Hupchick\u2019in Balkanlar, \u0130ki D\u00fcnya Aras\u0131nda Bir Tarih ba\u015fl\u0131kl\u0131 bu eseri, s\u00f6z konusu bu kadim co\u011frafyan\u0131n karma\u015f\u0131k ve renkli tarihini ve \u00e7ok katmanl\u0131 kimliklerini kapsaml\u0131 bir \u015fekilde ele alarak okuru co\u011frafyan\u0131n derinliklerine g\u00f6t\u00fcr\u00fcyor. Bizans \u0130mparatorlu\u011fu\u2019ndan Osmanl\u0131 h\u00e2kimiyetine, romantik milliyet\u00e7ilik d\u00f6neminden Kom\u00fcnizm \u00e7a\u011f\u0131na kadar geni\u015f bir zaman dilimini kapsayan bu eser g\u00fc\u00e7l\u00fc tarihsel anlat\u0131s\u0131yla dikkat \u00e7ekiyor. Balkanlar\u2019\u0131n etnik, k\u00fclt\u00fcrel ve siyasi \u00e7e\u015fitlili\u011fini vurgulayan kitap, fiziki co\u011frafyadan kaynaklanan zorluklar\u0131n ve avantajlar\u0131n nas\u0131l sosyal ve siyasi \u015fekillendirici bir rol oynad\u0131\u011f\u0131n\u0131 g\u00f6zler \u00f6n\u00fcne seriyor. Osmanl\u0131 y\u00f6netiminin etkilerinden modern ulus devletlerin ortaya \u00e7\u0131k\u0131\u015f\u0131na, b\u00f6lgesel \u00e7at\u0131\u015fmalardan So\u011fuk Sava\u015f\u2019\u0131n ideolojik b\u00f6l\u00fcnmelerine kadar, Balkanlar\u2019\u0131n tarihine dair bilinen bir\u00e7ok kli\u015fe ve yanl\u0131\u015f\u0131 sorgulayan Hupchick, derinlemesine bir anlay\u0131\u015f sunuyor. Balkanlar Bat\u0131 ile Do\u011fu aras\u0131nda bir s\u0131n\u0131r olman\u0131n \u00f6tesinde bir medeniyet merkeziydi. Avrupa\u2019n\u0131n g\u00fcneydo\u011fu ucunda, \u00fc\u00e7 k\u0131tan\u0131n kesi\u015fim noktas\u0131nda yer alan Balkanlar k\u00fclt\u00fcrel \u00e7e\u015fitlilik ve etkile\u015fimin, etnik ve din\u00ee \u00e7at\u0131\u015fma ve bir arada ya\u015fayabilmenin, modern \u00f6ncesi ve modernitenin eridi\u011fi bir potad\u0131r. Hupchik\u2019in as\u0131rlara yay\u0131lan tarihsel tasvir ve tespitleri sadece kronolojik bir silsileyi de\u011fil, Ortodoks Hristiyan, \u0130slam ve Bat\u0131 ve Orta Avrupa medeniyetlerinin daim\u00ee bir etkile\u015fim h\u00e2linde oldu\u011fu bu biricik co\u011frafyay\u0131 akademik titizlik ve bir anlat\u0131 ustal\u0131\u011f\u0131yla okura sunuyor. \u2018Balkanlar\u2019\u0131 anlamak, yaln\u0131zca Avrupa tarihini de\u011fil, insanl\u0131k tarihini anlamakt\u0131r\u2019 iddias\u0131n\u0131n zeminini bulaca\u011f\u0131 bu eser, T\u00fcrk\u00e7e\u2019de \u015fimdiye kadar yay\u0131mlanm\u0131\u015f en kapsaml\u0131 Balkan tarihidir. <\/p>\n","protected":false},"excerpt":{"rendered":"<p>Tarih boyunca Balkanlar, medeniyetler aras\u0131nda stratejik bir k\u00f6pr\u00fc, k\u00fclt\u00fcrel bir mozaik ve siyasi bir \u00e7at\u0131\u015fma alan\u0131 oldu. Dennis P. Hupchick\u2019in Balkanlar, \u0130ki D\u00fcnya Aras\u0131nda Bir Tarih<span class=\"excerpt-hellip\"> [\u2026]<\/span><\/p>\n","protected":false},"featured_media":0,"template":"","meta":{"_monsterinsights_skip_tracking":false,"_monsterinsights_sitenote_active":false,"_monsterinsights_sitenote_note":"","_monsterinsights_sitenote_category":0},"product_brand":[],"product_cat":[12370,12304],"product_tag":[],"class_list":{"0":"post-768695","1":"product","2":"type-product","3":"status-publish","5":"product_cat-arastirma-inceleme","6":"product_cat-tarih","7":"pa_cilt-ciltsiz","8":"pa_tur-kitap","9":"pa_yayinevi-vakifbank-kultur-yayinlari","10":"pa_yazar-dennis-p-hupchick","12":"first","13":"instock","14":"sale","15":"shipping-taxable","16":"purchasable","17":"product-type-simple"},"_links":{"self":[{"href":"https:\/\/roveyayinevi.com.tr\/index.php\/wp-json\/wp\/v2\/product\/768695","targetHints":{"allow":["GET"]}}],"collection":[{"href":"https:\/\/roveyayinevi.com.tr\/index.php\/wp-json\/wp\/v2\/product"}],"about":[{"href":"https:\/\/roveyayinevi.com.tr\/index.php\/wp-json\/wp\/v2\/types\/product"}],"wp:attachment":[{"href":"https:\/\/roveyayinevi.com.tr\/index.php\/wp-json\/wp\/v2\/media?parent=768695"}],"wp:term":[{"taxonomy":"product_brand","embeddable":true,"href":"https:\/\/roveyayinevi.com.tr\/index.php\/wp-json\/wp\/v2\/product_brand?post=768695"},{"taxonomy":"product_cat","embeddable":true,"href":"https:\/\/roveyayinevi.com.tr\/index.php\/wp-json\/wp\/v2\/product_cat?post=768695"},{"taxonomy":"product_tag","embeddable":true,"href":"https:\/\/roveyayinevi.com.tr\/index.php\/wp-json\/wp\/v2\/product_tag?post=768695"}],"curies":[{"name":"wp","href":"https:\/\/api.w.org\/{rel}","templated":true}]}}