{"id":768694,"date":"2025-08-28T13:29:35","date_gmt":"2025-08-28T10:29:35","guid":{"rendered":"https:\/\/roveyayinevi.com.tr\/index.php\/urun\/kirimli-onderler\/"},"modified":"2026-04-15T03:34:49","modified_gmt":"2026-04-15T00:34:49","slug":"kirimli-onderler","status":"publish","type":"product","link":"https:\/\/roveyayinevi.com.tr\/index.php\/urun\/kirimli-onderler\/","title":{"rendered":"K\u0131r\u0131ml\u0131 \u00d6nderler"},"content":{"rendered":"<p>Gasp\u0131ral\u0131, \u00c7arl\u0131k Rusya\u2019s\u0131n\u0131n b\u00fct\u00fcn engellemelerine ra\u011fmen \u00f6mr\u00fcn\u00fc milletinin e\u011fitimine ve modernle\u015fmesine adam\u0131\u015ft\u0131r. Sadece K\u0131r\u0131m T\u00fcrkleri aras\u0131nda de\u011fil Rusya T\u00fcrklerinin bulundu\u011fu her yerde a\u00e7\u0131lan usul-i cedit okullar\u0131yla birlikte okur-yazarl\u0131\u011f\u0131n artmas\u0131nda en \u00f6nemli paya sahiptir. Onun a\u00e7t\u0131\u011f\u0131 modern okullar de\u011fi\u015fen d\u00fcnyaya ayak uydurmu\u015f, geleneksel \u0130slami e\u011fitimin yan\u0131nda ana dilde e\u011fitimi ve modern bilimleri de okutarak okullar\u0131 \u00e7a\u011f\u0131n gerektirdi\u011fi bir \u015fekilde donatm\u0131\u015ft\u0131r.  Gasp\u0131ral\u0131, K\u0131r\u0131m\u2019\u0131n \u00f6tesine ge\u00e7mi\u015f bir fikir adam\u0131d\u0131r. Bug\u00fcn K\u0131r\u0131m T\u00fcrklerinin kimliklerinin korunmas\u0131nda Gasp\u0131ral\u0131\u2019n\u0131n \u00f6nemli bir rol\u00fc ve yeri vard\u0131r. Gasp\u0131ral\u0131\u2019n\u0131n \u00f6l\u00fcm\u00fcnden sonra onu takip eden ayd\u0131nlar onun d\u00fc\u015f\u00fcncelerinin de takip\u00e7ileri olmu\u015flar; din\u00ee ve mill\u00ee kimliklerini korumak i\u00e7in \u00e7aba sarf etmi\u015flerdir. \u0130kinci D\u00fcnya Sava\u015f\u0131\u2019n\u0131n sonlar\u0131nda 18 May\u0131s 1944\u2019te K\u0131r\u0131m T\u00fcrklerinin Ruslar taraf\u0131ndan s\u00fcrg\u00fcn edilmesi, vatanlar\u0131ndan s\u00f6k\u00fcl\u00fcp at\u0131lmaya \u00e7al\u0131\u015f\u0131lmas\u0131 dahi bu kimli\u011fi yok edememi\u015ftir.K\u0131r\u0131m, tarih boyunca hem stratejik konumu hem de k\u00fclt\u00fcrel zenginli\u011fiyle pek \u00e7ok medeniyetin ilgisini \u00e7eken bir co\u011frafya olmu\u015ftur. Ancak bu topraklar\u0131n as\u0131l sahipleri olan K\u0131r\u0131m T\u00fcrkleri, tarih boyunca var olma m\u00fccadelesi vermi\u015f ve bu m\u00fccadelede bir\u00e7ok \u00f6nemli lider yeti\u015ftirmi\u015ftir. Elinizdeki kitapta, K\u0131r\u0131m halk\u0131n\u0131n ba\u011f\u0131ms\u0131zl\u0131k ve \u00f6zg\u00fcrl\u00fck yolundaki direni\u015finin bu liderlerin rehberli\u011finde nas\u0131l \u015fekillendi\u011fi ayr\u0131nt\u0131lar\u0131yla inceleniyor. Eserde, \u0130smail Gasp\u0131ral\u0131\u2019n\u0131n \u201cdilde, fikirde, i\u015fte birlik\u201d \u015fiar\u0131yla ba\u015flatt\u0131\u011f\u0131 usul-i cedit hareketinden, Mustafa Abd\u00fclcemil K\u0131r\u0131mo\u011flu\u2019nun Sovyet bask\u0131s\u0131na kar\u015f\u0131 g\u00f6sterdi\u011fi kararl\u0131 direni\u015fe kadar her bir liderin, K\u0131r\u0131m T\u00fcrklerinin modernle\u015fme ve mill\u00ee bilin\u00e7lenme s\u00fcrecinde oynad\u0131\u011f\u0131 hayati rol, alan\u0131nda uzman akademisyenler taraf\u0131ndan ele al\u0131n\u0131yor. Cafer Seydahmet K\u0131r\u0131mer\u2019in uluslararas\u0131 arenada K\u0131r\u0131m T\u00fcrklerinin haklar\u0131n\u0131 savunma \u00e7abalar\u0131, M\u00fcstecip \u00dclk\u00fcsal\u2019\u0131n mill\u00ee bilinci koruma yolundaki \u00f6zverili \u00e7al\u0131\u015fmalar\u0131, K\u0131r\u0131m halk\u0131n\u0131n sadece tarih\u00ee bir kimlik de\u011fil, ayn\u0131 zamanda evrensel bir insan haklar\u0131 m\u00fccadelesi verdi\u011fini g\u00f6zler \u00f6n\u00fcne seriyor. K\u0131r\u0131ml\u0131 \u00d6nderler, K\u0131r\u0131m T\u00fcrklerinin tarihini, k\u00fclt\u00fcr\u00fcn\u00fc ve payla\u015f\u0131lamayan topraklarda m\u00fccadeleyle devle\u015fen bir milletin hik\u00e2yesini \u00f6\u011frenmek isteyen ara\u015ft\u0131rmac\u0131lar ve okurlar i\u00e7in \u00f6nemli bir kaynak<\/p>\n","protected":false},"excerpt":{"rendered":"<p>Gasp\u0131ral\u0131, \u00c7arl\u0131k Rusya\u2019s\u0131n\u0131n b\u00fct\u00fcn engellemelerine ra\u011fmen \u00f6mr\u00fcn\u00fc milletinin e\u011fitimine ve modernle\u015fmesine adam\u0131\u015ft\u0131r. Sadece K\u0131r\u0131m T\u00fcrkleri aras\u0131nda de\u011fil Rusya T\u00fcrklerinin bulundu\u011fu her yerde a\u00e7\u0131lan usul-i cedit okullar\u0131yla<span class=\"excerpt-hellip\"> [\u2026]<\/span><\/p>\n","protected":false},"featured_media":0,"template":"","meta":{"_monsterinsights_skip_tracking":false,"_monsterinsights_sitenote_active":false,"_monsterinsights_sitenote_note":"","_monsterinsights_sitenote_category":0},"product_brand":[],"product_cat":[12304,13650],"product_tag":[],"class_list":{"0":"post-768694","1":"product","2":"type-product","3":"status-publish","5":"product_cat-tarih","6":"product_cat-turk-tarihi-arastirmalari","7":"pa_cilt-ciltsiz","8":"pa_tur-kitap","9":"pa_yayinevi-vakifbank-kultur-yayinlari","10":"pa_yazar-kolektif","12":"first","13":"instock","14":"sale","15":"shipping-taxable","16":"purchasable","17":"product-type-simple"},"_links":{"self":[{"href":"https:\/\/roveyayinevi.com.tr\/index.php\/wp-json\/wp\/v2\/product\/768694","targetHints":{"allow":["GET"]}}],"collection":[{"href":"https:\/\/roveyayinevi.com.tr\/index.php\/wp-json\/wp\/v2\/product"}],"about":[{"href":"https:\/\/roveyayinevi.com.tr\/index.php\/wp-json\/wp\/v2\/types\/product"}],"wp:attachment":[{"href":"https:\/\/roveyayinevi.com.tr\/index.php\/wp-json\/wp\/v2\/media?parent=768694"}],"wp:term":[{"taxonomy":"product_brand","embeddable":true,"href":"https:\/\/roveyayinevi.com.tr\/index.php\/wp-json\/wp\/v2\/product_brand?post=768694"},{"taxonomy":"product_cat","embeddable":true,"href":"https:\/\/roveyayinevi.com.tr\/index.php\/wp-json\/wp\/v2\/product_cat?post=768694"},{"taxonomy":"product_tag","embeddable":true,"href":"https:\/\/roveyayinevi.com.tr\/index.php\/wp-json\/wp\/v2\/product_tag?post=768694"}],"curies":[{"name":"wp","href":"https:\/\/api.w.org\/{rel}","templated":true}]}}