{"id":768693,"date":"2025-08-28T13:29:33","date_gmt":"2025-08-28T10:29:33","guid":{"rendered":"https:\/\/roveyayinevi.com.tr\/index.php\/urun\/encam\/"},"modified":"2025-12-30T11:36:49","modified_gmt":"2025-12-30T08:36:49","slug":"encam","status":"publish","type":"product","link":"https:\/\/roveyayinevi.com.tr\/index.php\/urun\/encam\/","title":{"rendered":"Encam"},"content":{"rendered":"<p>\u201cK\u00fct\u00fcphanenin kapan\u0131\u015f saati yakla\u015f\u0131yor. Roman\u0131 masada b\u0131rak\u0131p \u00e7\u0131kt\u0131m. Hava kararm\u0131\u015f. So\u011fuk. Gece ayaza \u00e7ekecek, belli. Bacalar g\u00f6\u011fe \u00f6\u011f\u00fcr\u00fcrcesine duman sal\u0131yor; dumanlar\u0131n i\u00e7indeki siyah zerreler bir an as\u0131l\u0131 kal\u0131yor yukar\u0131da, sonra sokak lambalar\u0131n\u0131n sar\u0131 \u0131\u015f\u0131\u011f\u0131nda nazlana nazlana yere iniyor: kurumdur ya\u011fan \u00fcst\u00fcm\u00fcze geceden. Yolun kar\u015f\u0131s\u0131na ge\u00e7ip Foto \u015eahin\u2019in objektife g\u00fclerek poz vermi\u015f gelinlerle damatlar\u0131n \u00e7er\u00e7eveli b\u00fcy\u00fck boy foto\u011fraflar\u0131n\u0131n bulundu\u011fu \u0131\u015f\u0131kl\u0131 vitrinine s\u0131rt\u0131m\u0131 d\u00f6n\u00fcp bekledim. \u00c7ok ge\u00e7medi, k\u00fct\u00fcphane g\u00f6revlileri birer iki\u015fer binadan \u00e7\u0131kmaya ba\u015flad\u0131. Yolun kar\u015f\u0131s\u0131na g\u00f6zlerimi bir an bile k\u0131rpmadan bak\u0131yorum, caddede gelip ge\u00e7en zifoslu arabalar\u0131n, dolmu\u015flar\u0131n, belediye otob\u00fcslerinin aras\u0131ndan. Ve nihayet, o!\u201d Ya\u015fad\u0131\u011f\u0131m\u0131z zaman\u0131n puslu havas\u0131nda kaybolmu\u015f insanlar\u0131n hikayeleri. \u201cB\u00fcy\u00fck insanl\u0131k\u201d s\u0131n\u0131f\u0131na ait olanlar\u0131n&#8230; Bu d\u00fcnyaya sessiz sedas\u0131z gelip bir yere ili\u015fivermi\u015f insanlar\u0131n. \u00d6zcesi hayat\u0131 \u00f6l\u00fcm\u00fcn \u00f6ns\u00f6z\u00fc gibi ya\u015fayanlar\u0131n&#8230; <\/p>\n","protected":false},"excerpt":{"rendered":"<p>\u201cK\u00fct\u00fcphanenin kapan\u0131\u015f saati yakla\u015f\u0131yor. Roman\u0131 masada b\u0131rak\u0131p \u00e7\u0131kt\u0131m. Hava kararm\u0131\u015f. So\u011fuk. Gece ayaza \u00e7ekecek, belli. Bacalar g\u00f6\u011fe \u00f6\u011f\u00fcr\u00fcrcesine duman sal\u0131yor; dumanlar\u0131n i\u00e7indeki siyah zerreler bir an<span class=\"excerpt-hellip\"> [\u2026]<\/span><\/p>\n","protected":false},"featured_media":0,"template":"","meta":{"_monsterinsights_skip_tracking":false,"_monsterinsights_sitenote_active":false,"_monsterinsights_sitenote_note":"","_monsterinsights_sitenote_category":0},"product_brand":[],"product_cat":[12291,12711],"product_tag":[],"class_list":{"0":"post-768693","1":"product","2":"type-product","3":"status-publish","5":"product_cat-edebiyat","6":"product_cat-roman-oyku","7":"pa_cilt-ciltsiz","8":"pa_tur-kitap","9":"pa_yayinevi-dipnot-yayinlari","10":"pa_yazar-ibrahim-yildiz","12":"first","13":"instock","14":"sale","15":"shipping-taxable","16":"purchasable","17":"product-type-simple"},"_links":{"self":[{"href":"https:\/\/roveyayinevi.com.tr\/index.php\/wp-json\/wp\/v2\/product\/768693","targetHints":{"allow":["GET"]}}],"collection":[{"href":"https:\/\/roveyayinevi.com.tr\/index.php\/wp-json\/wp\/v2\/product"}],"about":[{"href":"https:\/\/roveyayinevi.com.tr\/index.php\/wp-json\/wp\/v2\/types\/product"}],"wp:attachment":[{"href":"https:\/\/roveyayinevi.com.tr\/index.php\/wp-json\/wp\/v2\/media?parent=768693"}],"wp:term":[{"taxonomy":"product_brand","embeddable":true,"href":"https:\/\/roveyayinevi.com.tr\/index.php\/wp-json\/wp\/v2\/product_brand?post=768693"},{"taxonomy":"product_cat","embeddable":true,"href":"https:\/\/roveyayinevi.com.tr\/index.php\/wp-json\/wp\/v2\/product_cat?post=768693"},{"taxonomy":"product_tag","embeddable":true,"href":"https:\/\/roveyayinevi.com.tr\/index.php\/wp-json\/wp\/v2\/product_tag?post=768693"}],"curies":[{"name":"wp","href":"https:\/\/api.w.org\/{rel}","templated":true}]}}