{"id":768692,"date":"2025-08-28T13:29:31","date_gmt":"2025-08-28T10:29:31","guid":{"rendered":"https:\/\/roveyayinevi.com.tr\/index.php\/urun\/siyasi-yazilar-2\/"},"modified":"2026-04-15T03:34:49","modified_gmt":"2026-04-15T00:34:49","slug":"siyasi-yazilar-2","status":"publish","type":"product","link":"https:\/\/roveyayinevi.com.tr\/index.php\/urun\/siyasi-yazilar-2\/","title":{"rendered":"Siyasi Yaz\u0131lar"},"content":{"rendered":"<p>Elinizdeki kitap Hegel\u2019in siyasi fikirlerine ve onun d\u00fc\u015f\u00fcncesinin pratik y\u00f6nlerine oldu\u011fu kadar metafiziksel y\u00f6nlerine de hakk\u0131n\u0131 veren metinlerden olu\u015fuyor. Kitapta yer alan metinlerden be\u015fi, Hegel\u2019in ni\u00e7in bir Sittlichkeit filozofu oldu\u011funu ve onun hangi pratik problemlerin bu kavram arac\u0131l\u0131\u011f\u0131yla ele al\u0131nabilece\u011fini, hatta belki de \u00e7\u00f6z\u00fclebilece\u011fini d\u00fc\u015f\u00fcnd\u00fc\u011f\u00fcn\u00fc ayr\u0131nt\u0131l\u0131 bir \u015fekilde g\u00f6steriyor. Ayn\u0131 zamanda, kitap, Hegel\u2019in baz\u0131 b\u00fcy\u00fck Avrupa devletlerindeki g\u00fcncel siyasi durumlar\u0131 incelemek amac\u0131yla Avrupa\u2019daki feodalizmin evrimi \u00fczerine kar\u015f\u0131la\u015ft\u0131rmal\u0131 bir tarihsel perspektifi benimsedi\u011fi \u00fc\u00e7 metni de i\u00e7eriyor. S\u00f6z konusu \u00fc\u00e7 metin metafiziksel de\u011fildir ve \u00f6rg\u00fctleyici ilkeleri olarak Sittlichkeit\u2019\u0131 sahnelemezler. Fakat bu metinler \u2013\u00f6zellikle de Alman Anayasas\u0131 ve \u0130ngiliz Reform Tasar\u0131s\u0131 \u00dczerine\u2013 son derece ilgin\u00e7tir, \u00e7\u00fcnk\u00fc Hegel\u2019in \u0130ngiltere, Fransa ve Almanya\u2019daki son siyasi geli\u015fmelere ili\u015fkin dik-kate de\u011fer kar\u015f\u0131la\u015ft\u0131rmal\u0131 analizlerden modern d\u00fcnyadaki siyasal ya\u015fama dair sonu\u00e7lar \u00e7\u0131kard\u0131\u011f\u0131n\u0131 g\u00f6stermektedir. Kitap, Hegel\u2019in siyasi fikirlerine ili\u015fkin tarihsel bir anlay\u0131\u015f geli\u015ftirmek a\u00e7\u0131s\u0131ndan \u00f6nemli bir kaynak niteli\u011finde\u2026 <\/p>\n","protected":false},"excerpt":{"rendered":"<p>Elinizdeki kitap Hegel\u2019in siyasi fikirlerine ve onun d\u00fc\u015f\u00fcncesinin pratik y\u00f6nlerine oldu\u011fu kadar metafiziksel y\u00f6nlerine de hakk\u0131n\u0131 veren metinlerden olu\u015fuyor. Kitapta yer alan metinlerden be\u015fi, Hegel\u2019in ni\u00e7in<span class=\"excerpt-hellip\"> [\u2026]<\/span><\/p>\n","protected":false},"featured_media":0,"template":"","meta":{"_monsterinsights_skip_tracking":false,"_monsterinsights_sitenote_active":false,"_monsterinsights_sitenote_note":"","_monsterinsights_sitenote_category":0},"product_brand":[],"product_cat":[13059,12337],"product_tag":[],"class_list":{"0":"post-768692","1":"product","2":"type-product","3":"status-publish","5":"product_cat-diger-politika-siyaset","6":"product_cat-politika-siyaset","7":"pa_cilt-ciltsiz","8":"pa_tur-kitap","9":"pa_yayinevi-dipnot-yayinlari","10":"pa_yazar-g-w-f-hegel","12":"first","13":"instock","14":"sale","15":"shipping-taxable","16":"purchasable","17":"product-type-simple"},"_links":{"self":[{"href":"https:\/\/roveyayinevi.com.tr\/index.php\/wp-json\/wp\/v2\/product\/768692","targetHints":{"allow":["GET"]}}],"collection":[{"href":"https:\/\/roveyayinevi.com.tr\/index.php\/wp-json\/wp\/v2\/product"}],"about":[{"href":"https:\/\/roveyayinevi.com.tr\/index.php\/wp-json\/wp\/v2\/types\/product"}],"wp:attachment":[{"href":"https:\/\/roveyayinevi.com.tr\/index.php\/wp-json\/wp\/v2\/media?parent=768692"}],"wp:term":[{"taxonomy":"product_brand","embeddable":true,"href":"https:\/\/roveyayinevi.com.tr\/index.php\/wp-json\/wp\/v2\/product_brand?post=768692"},{"taxonomy":"product_cat","embeddable":true,"href":"https:\/\/roveyayinevi.com.tr\/index.php\/wp-json\/wp\/v2\/product_cat?post=768692"},{"taxonomy":"product_tag","embeddable":true,"href":"https:\/\/roveyayinevi.com.tr\/index.php\/wp-json\/wp\/v2\/product_tag?post=768692"}],"curies":[{"name":"wp","href":"https:\/\/api.w.org\/{rel}","templated":true}]}}