{"id":768690,"date":"2025-08-28T13:29:28","date_gmt":"2025-08-28T10:29:28","guid":{"rendered":"https:\/\/roveyayinevi.com.tr\/index.php\/urun\/ne-kahramanlara-ne-de-kahramanliga-inanirim\/"},"modified":"2026-04-15T03:34:49","modified_gmt":"2026-04-15T00:34:49","slug":"ne-kahramanlara-ne-de-kahramanliga-inanirim","status":"publish","type":"product","link":"https:\/\/roveyayinevi.com.tr\/index.php\/urun\/ne-kahramanlara-ne-de-kahramanliga-inanirim\/","title":{"rendered":"Ne Kahramanlara Ne De Kahramanl\u0131\u011fa \u0130nan\u0131r\u0131m"},"content":{"rendered":"<p>\u201cBen ne kahramanlara ne de kahramanl\u0131\u011fa inan\u0131r\u0131m karde\u015fim. \u0130nanmam. Bizler belki toplumun \u015f\u00f6yle veya b\u00f6yle \u00f6nderleri olabiliriz, ufak tefek liderleri olabiliriz. Ama toplumun kahraman\u0131, kurtar\u0131c\u0131s\u0131, bilmem nesi de\u011filiz yani. (\u2026) Ali \u00c7erkezo\u011flu zaman zaman toplant\u0131larda b\u00f6yle tak\u0131l\u0131rd\u0131 bana: \u2018Bu \u00f6rg\u00fct i\u00e7in \u00e7ok i\u015f yapan abimiz\u2026\u2019 Orada da s\u00f6ylerdim, ben \u2018abiniz\u2019 falan de\u011filim karde\u015fim. Ben bu \u00f6rg\u00fctte bir arkada\u015f\u0131n\u0131z\u0131m. Beraber bir i\u015f y\u00fcr\u00fct\u00fcyoruz.\u201d Bir \u201868\u2019li, bir hekim, T\u00fcrk Tabipleri Birli\u011fi Merkez Konseyi Ba\u015fkanl\u0131\u011f\u0131 yapm\u0131\u015f bir hekim hareketi eylemcisi, T\u00fcrkiye \u0130nsan Haklar\u0131 Vakf\u0131\u2019n\u0131n kurulu\u015funa emek vermi\u015f bir insan haklar\u0131 savunucusu, K\u00fcrt kimli\u011finin tan\u0131nma m\u00fccadelesine bir toplum \u00f6nderi ve bir muhabbet adam\u0131\u2026 Dr. Selim \u00d6l\u00e7er\u2019in Silvan\u2019dan ba\u015flay\u0131p, Ankara\u2019da t\u0131p fak\u00fcltesi, Tatvan\u2019da mecburi hizmet, yine Ankara\u2019da Numune Hastanesi ve tabip odalar\u0131 \u00fczerinden, 2000 y\u0131l\u0131ndan beri Diyarbak\u0131r\u2019da s\u00fcren dopdolu hayat hik\u00e2yesi&#8230; \u00d6zen B. Demir ve Onur Erden\u2019in haz\u0131rlad\u0131\u011f\u0131 \u201cNe Kahramanlara Ne de Kahramanl\u0131\u011fa \u0130nan\u0131r\u0131m\u201d, Dr. Selim \u00d6l\u00e7er\u2019in m\u00fcstesna ve renkli ki\u015fili\u011fiyle okuru sahiden bir sohbet havas\u0131nda tan\u0131\u015ft\u0131r\u0131yor. Dr. \u015e\u00fckr\u00fc Hatun\u2019un ve 2019\u2019da Diyarbak\u0131r B\u00fcy\u00fck\u015fehir Belediye Ba\u015fkan\u0131 se\u00e7ilen Dr. Sel\u00e7uk M\u0131zrakl\u0131\u2019n\u0131n sunu\u015flar\u0131yla.<\/p>\n","protected":false},"excerpt":{"rendered":"<p>\u201cBen ne kahramanlara ne de kahramanl\u0131\u011fa inan\u0131r\u0131m karde\u015fim. \u0130nanmam. Bizler belki toplumun \u015f\u00f6yle veya b\u00f6yle \u00f6nderleri olabiliriz, ufak tefek liderleri olabiliriz. Ama toplumun kahraman\u0131, kurtar\u0131c\u0131s\u0131, bilmem<span class=\"excerpt-hellip\"> [\u2026]<\/span><\/p>\n","protected":false},"featured_media":0,"template":"","meta":{"_monsterinsights_skip_tracking":false,"_monsterinsights_sitenote_active":false,"_monsterinsights_sitenote_note":"","_monsterinsights_sitenote_category":0},"product_brand":[],"product_cat":[12337],"product_tag":[],"class_list":{"0":"post-768690","1":"product","2":"type-product","3":"status-publish","5":"product_cat-politika-siyaset","6":"pa_cilt-ciltsiz","7":"pa_tur-kitap","8":"pa_yayinevi-iletisim-yayinlari","9":"pa_yazar-selim-olcer","11":"first","12":"instock","13":"sale","14":"shipping-taxable","15":"purchasable","16":"product-type-simple"},"_links":{"self":[{"href":"https:\/\/roveyayinevi.com.tr\/index.php\/wp-json\/wp\/v2\/product\/768690","targetHints":{"allow":["GET"]}}],"collection":[{"href":"https:\/\/roveyayinevi.com.tr\/index.php\/wp-json\/wp\/v2\/product"}],"about":[{"href":"https:\/\/roveyayinevi.com.tr\/index.php\/wp-json\/wp\/v2\/types\/product"}],"wp:attachment":[{"href":"https:\/\/roveyayinevi.com.tr\/index.php\/wp-json\/wp\/v2\/media?parent=768690"}],"wp:term":[{"taxonomy":"product_brand","embeddable":true,"href":"https:\/\/roveyayinevi.com.tr\/index.php\/wp-json\/wp\/v2\/product_brand?post=768690"},{"taxonomy":"product_cat","embeddable":true,"href":"https:\/\/roveyayinevi.com.tr\/index.php\/wp-json\/wp\/v2\/product_cat?post=768690"},{"taxonomy":"product_tag","embeddable":true,"href":"https:\/\/roveyayinevi.com.tr\/index.php\/wp-json\/wp\/v2\/product_tag?post=768690"}],"curies":[{"name":"wp","href":"https:\/\/api.w.org\/{rel}","templated":true}]}}