{"id":768689,"date":"2025-08-28T13:29:26","date_gmt":"2025-08-28T10:29:26","guid":{"rendered":"https:\/\/roveyayinevi.com.tr\/index.php\/urun\/olumu-atlatmak\/"},"modified":"2026-04-15T03:34:49","modified_gmt":"2026-04-15T00:34:49","slug":"olumu-atlatmak","status":"publish","type":"product","link":"https:\/\/roveyayinevi.com.tr\/index.php\/urun\/olumu-atlatmak\/","title":{"rendered":"\u00d6l\u00fcm\u00fc Atlatmak"},"content":{"rendered":"<p>\u00c7o\u011fu ki\u015fi \u00f6l\u00fcmden s\u00f6z etmekten, hatta onun hakk\u0131nda d\u00fc\u015f\u00fcnmekten ho\u015flanmaz. Hayat\u0131n sonlulu\u011funun bilinciyle ya\u015famak yerine, olabildi\u011fince k\u0131s\u0131ts\u0131zca ya\u015fam\u0131n sevincini duymak daha konforlu bir tercihtir. Zira insani a\u00e7\u0131dan bak\u0131ld\u0131\u011f\u0131nda, \u00f6l\u00fcm en zorlay\u0131c\u0131 tecr\u00fcbelerden biridir. \u00d6zellikle sevilen bir ki\u015finin kayb\u0131 geride onulmaz bir bo\u015fluk b\u0131rak\u0131r. Yine de, \u00f6l\u00fcmle ba\u015f etmeninin yollar\u0131 bulunabilir mi? \u00d6lmek bir son mudur? \u00d6l\u00fcm an\u0131nda tam olarak ne olur? \u00d6len ki\u015fi nereye gider? Art\u0131k onunla nas\u0131l bir ili\u015fki m\u00fcmk\u00fcn olabilir? Biyolojik hayat\u0131n \u00f6tesinden s\u00f6z edilebilir mi? Yas nedir, hangi evrelerden olu\u015fur? \u00d6l\u00fcmle arkada\u015f olmak m\u00fcmk\u00fcn m\u00fcd\u00fcr? \u00d6l\u00fcm kimi durumlarda kurtulu\u015f olabilir mi? G\u00fcn\u00fcm\u00fczde ila\u00e7 sanayiinin \u00f6l\u00fcme kar\u015f\u0131 y\u00fcr\u00fctt\u00fc\u011f\u00fc m\u00fccadelenin ba\u015far\u0131l\u0131 olma \u015fans\u0131 var m\u0131? \u00d6l\u00fcm \u00f6l\u00fcrse, hayata ne olur? Wilhelm Schmid \u00d6l\u00fcm\u00fc Atlatmak\u2019ta ahir zamanlardan beri insanlar\u0131 me\u015fgul eden temel sorulardan birine odaklan\u0131yor. Yazar d\u00fc\u015f\u00fcnsel derinlik ve sezgi g\u00fcc\u00fcyle hayat\u0131n en kavranamaz ger\u00e7e\u011fiyle y\u00fczle\u015firken, okura onunla ba\u015f etmenin inceliklerine dair ipu\u00e7lar\u0131 veriyor.<\/p>\n","protected":false},"excerpt":{"rendered":"<p>\u00c7o\u011fu ki\u015fi \u00f6l\u00fcmden s\u00f6z etmekten, hatta onun hakk\u0131nda d\u00fc\u015f\u00fcnmekten ho\u015flanmaz. Hayat\u0131n sonlulu\u011funun bilinciyle ya\u015famak yerine, olabildi\u011fince k\u0131s\u0131ts\u0131zca ya\u015fam\u0131n sevincini duymak daha konforlu bir tercihtir. Zira insani<span class=\"excerpt-hellip\"> [\u2026]<\/span><\/p>\n","protected":false},"featured_media":0,"template":"","meta":{"_monsterinsights_skip_tracking":false,"_monsterinsights_sitenote_active":false,"_monsterinsights_sitenote_note":"","_monsterinsights_sitenote_category":0},"product_brand":[],"product_cat":[12777,12291],"product_tag":[],"class_list":{"0":"post-768689","1":"product","2":"type-product","3":"status-publish","5":"product_cat-deneme","6":"product_cat-edebiyat","7":"pa_cilt-ciltsiz","8":"pa_tur-kitap","9":"pa_yayinevi-iletisim-yayinlari","10":"pa_yazar-wilhelm-schmid","12":"first","13":"instock","14":"sale","15":"shipping-taxable","16":"purchasable","17":"product-type-simple"},"_links":{"self":[{"href":"https:\/\/roveyayinevi.com.tr\/index.php\/wp-json\/wp\/v2\/product\/768689","targetHints":{"allow":["GET"]}}],"collection":[{"href":"https:\/\/roveyayinevi.com.tr\/index.php\/wp-json\/wp\/v2\/product"}],"about":[{"href":"https:\/\/roveyayinevi.com.tr\/index.php\/wp-json\/wp\/v2\/types\/product"}],"wp:attachment":[{"href":"https:\/\/roveyayinevi.com.tr\/index.php\/wp-json\/wp\/v2\/media?parent=768689"}],"wp:term":[{"taxonomy":"product_brand","embeddable":true,"href":"https:\/\/roveyayinevi.com.tr\/index.php\/wp-json\/wp\/v2\/product_brand?post=768689"},{"taxonomy":"product_cat","embeddable":true,"href":"https:\/\/roveyayinevi.com.tr\/index.php\/wp-json\/wp\/v2\/product_cat?post=768689"},{"taxonomy":"product_tag","embeddable":true,"href":"https:\/\/roveyayinevi.com.tr\/index.php\/wp-json\/wp\/v2\/product_tag?post=768689"}],"curies":[{"name":"wp","href":"https:\/\/api.w.org\/{rel}","templated":true}]}}