{"id":768688,"date":"2025-08-28T13:29:25","date_gmt":"2025-08-28T10:29:25","guid":{"rendered":"https:\/\/roveyayinevi.com.tr\/index.php\/urun\/karihomen\/"},"modified":"2026-04-15T03:34:49","modified_gmt":"2026-04-15T00:34:49","slug":"karihomen","status":"publish","type":"product","link":"https:\/\/roveyayinevi.com.tr\/index.php\/urun\/karihomen\/","title":{"rendered":"Karih\u014dmen"},"content":{"rendered":"<p>\u201cFilistin ask\u0131s\u0131n\u0131 biliyor musun; Karih\u014dmenlilik i\u015fte \u00f6yle bir i\u015fkence. V\u00fccudunun b\u00fct\u00fcn a\u011f\u0131rl\u0131\u011f\u0131n\u0131 yere zar zor de\u011fen ayak parmaklar\u0131n\u0131n \u00fcst\u00fcnde ta\u015f\u0131man gerekiyor. Ben buna \u2018Japon ask\u0131s\u0131\u2019 diyorum. Karih\u014dmenlilik ne zaman indirilece\u011fini bilmeden tutuldu\u011fun bir ask\u0131d\u0131r. \u00c7o\u011fumuz y\u0131llard\u0131r Japon ask\u0131s\u0131nday\u0131z. \u0130ltica ba\u015fvurusu yap\u0131yorsun, reddediyorlar. Yine ba\u015fvuruyorsun, yine reddediyorlar. \u2018\u00dclkeme d\u00f6nersem hapse girerim\u2019 diyorsun, seni burada hapse at\u0131yorlar. D\u00f6nmeyi reddedersen seni Karih\u014dmenli yap\u0131p Saitama\u2019ya hapsediyorlar.\u201d \u0130rfan Aktan, 1990\u2019l\u0131 y\u0131llardan itibaren bask\u0131lar ve yayla yasaklar\u0131 nedeniyle Ad\u0131yaman-Mara\u015f-Gaziantep \u00fc\u00e7genindeki topraklar\u0131n\u0131 terk etmek zorunda kalan Mahkan a\u015firetine ba\u011fl\u0131 K\u00fcrtlerin Japonya\u2019da kar\u015f\u0131la\u015ft\u0131klar\u0131 zulme sert bir \u0131\u015f\u0131k tutuyor. Aktan, Tokyo\u2019ya yak\u0131n Kawaguchi-Warabi \u015fehirlerinde ya\u015fayan kad\u0131n\u0131, \u00e7ocu\u011fu, ya\u015fl\u0131s\u0131yla iki bin K\u00fcrt\u2019\u00fcn, T\u00fcrkiye ve Japonya h\u00fck\u00fcmetleri aras\u0131ndaki ili\u015fkilere ve Japon i\u00e7 siyasetine nas\u0131l kurban edilip ikili ku\u015fatmaya al\u0131nd\u0131\u011f\u0131n\u0131 g\u00f6steriyor. Karih\u014dmen denen \u201cdenetimli serbestlik\u201d stat\u00fcs\u00fcyle \u00e7al\u0131\u015fma, sa\u011fl\u0131k, seyahat ve e\u011fitim dahil, her t\u00fcrl\u00fc haktan nas\u0131l mahrum b\u0131rak\u0131ld\u0131klar\u0131n\u0131, Japonya\u2019daki Netto-uyo (internet sa\u011f\u0131) ile T\u00fcrkiye\u2019deki \u0131rk\u00e7\u0131 sosyal medya kullan\u0131c\u0131lar\u0131n\u0131n m\u00fc\u015fterek olarak K\u00fcrt kar\u015f\u0131t\u0131 nefreti nas\u0131l \u00f6rg\u00fctledi\u011fini mercek alt\u0131na al\u0131yor. Japonya\u2019daki \u0131rk ayr\u0131mc\u0131l\u0131\u011f\u0131n\u0131n tarihsel ve sosyal arka plan\u0131na e\u011filiyor. Karih\u014dmen &#8211; Japonya\u2019da K\u00fcrt Olmak bu alanda yap\u0131lm\u0131\u015f kapsaml\u0131 ilk \u00e7al\u0131\u015fma \u00f6zelli\u011fi ta\u015f\u0131yor.<\/p>\n","protected":false},"excerpt":{"rendered":"<p>\u201cFilistin ask\u0131s\u0131n\u0131 biliyor musun; Karih\u014dmenlilik i\u015fte \u00f6yle bir i\u015fkence. V\u00fccudunun b\u00fct\u00fcn a\u011f\u0131rl\u0131\u011f\u0131n\u0131 yere zar zor de\u011fen ayak parmaklar\u0131n\u0131n \u00fcst\u00fcnde ta\u015f\u0131man gerekiyor. Ben buna \u2018Japon ask\u0131s\u0131\u2019 diyorum.<span class=\"excerpt-hellip\"> [\u2026]<\/span><\/p>\n","protected":false},"featured_media":0,"template":"","meta":{"_monsterinsights_skip_tracking":false,"_monsterinsights_sitenote_active":false,"_monsterinsights_sitenote_note":"","_monsterinsights_sitenote_category":0},"product_brand":[],"product_cat":[16098,12337],"product_tag":[],"class_list":{"0":"post-768688","1":"product","2":"type-product","3":"status-publish","5":"product_cat-politik-akimlar-hareketler","6":"product_cat-politika-siyaset","7":"pa_cilt-ciltsiz","8":"pa_tur-kitap","9":"pa_yayinevi-iletisim-yayinlari","10":"pa_yazar-irfan-aktan","12":"first","13":"instock","14":"sale","15":"shipping-taxable","16":"purchasable","17":"product-type-simple"},"_links":{"self":[{"href":"https:\/\/roveyayinevi.com.tr\/index.php\/wp-json\/wp\/v2\/product\/768688","targetHints":{"allow":["GET"]}}],"collection":[{"href":"https:\/\/roveyayinevi.com.tr\/index.php\/wp-json\/wp\/v2\/product"}],"about":[{"href":"https:\/\/roveyayinevi.com.tr\/index.php\/wp-json\/wp\/v2\/types\/product"}],"wp:attachment":[{"href":"https:\/\/roveyayinevi.com.tr\/index.php\/wp-json\/wp\/v2\/media?parent=768688"}],"wp:term":[{"taxonomy":"product_brand","embeddable":true,"href":"https:\/\/roveyayinevi.com.tr\/index.php\/wp-json\/wp\/v2\/product_brand?post=768688"},{"taxonomy":"product_cat","embeddable":true,"href":"https:\/\/roveyayinevi.com.tr\/index.php\/wp-json\/wp\/v2\/product_cat?post=768688"},{"taxonomy":"product_tag","embeddable":true,"href":"https:\/\/roveyayinevi.com.tr\/index.php\/wp-json\/wp\/v2\/product_tag?post=768688"}],"curies":[{"name":"wp","href":"https:\/\/api.w.org\/{rel}","templated":true}]}}