{"id":768687,"date":"2025-08-28T13:29:23","date_gmt":"2025-08-28T10:29:23","guid":{"rendered":"https:\/\/roveyayinevi.com.tr\/index.php\/urun\/fasizme-heves-etmek\/"},"modified":"2026-04-15T03:34:48","modified_gmt":"2026-04-15T00:34:48","slug":"fasizme-heves-etmek","status":"publish","type":"product","link":"https:\/\/roveyayinevi.com.tr\/index.php\/urun\/fasizme-heves-etmek\/","title":{"rendered":"Fa\u015fizme Heves Etmek"},"content":{"rendered":"<p>\u201cFa\u015fizm, ham siyasi \u015fiddet bi\u00e7imlerini idealle\u015ftirir ve uygular. Oysa pop\u00fclizm bu yakla\u015f\u0131m\u0131 teoride ve \u00e7o\u011fu zaman pratikte benimsemez. Bu nedenle pop\u00fclizm ve fa\u015fizmi ayn\u0131 \u015feymi\u015f gibi konu\u015fmak sorunludur. \u0130kinci D\u00fcnya Sava\u015f\u0131\u2019nda fa\u015fist g\u00fc\u00e7lerin \u00e7\u00f6k\u00fc\u015f\u00fcn\u00fcn sonras\u0131nda ilk ku\u015fak pop\u00fclistler yaln\u0131zca diktatoryal fa\u015fizmi de\u011fil, ayn\u0131 zamanda a\u015f\u0131r\u0131 siyasi \u015fiddeti, \u0131rk\u00e7\u0131l\u0131\u011f\u0131, antisemitizmi, topyek\u00fbn sava\u015f ve militarizmi de reddettiler.\u201d G\u00fcn\u00fcm\u00fcz politik d\u00fcnyas\u0131nda lider merkezli otoriter hareketler ve siyasetleri anlamland\u0131rmak i\u00e7in \u00e7e\u015fitli kavramsalla\u015ft\u0131rmalara ve teorik m\u00fcdahalelere ba\u015fvuruyoruz. Bir yandan da ge\u00e7mi\u015fin izini s\u00fcrerek bu \u201ck\u00fcresel otokratlar\u0131n\u201d tarihsel muadillerini ve benzerlerini ke\u015ffediyoruz; Adolf Hitler\u2019e, Benito Mussolini\u2019ye, Francisco Franco\u2019ya benzeyen, onlar\u0131n \u201cu\u011fursuz\u201d miras\u0131n\u0131 sahiplenmeye hevesli \u00e7a\u011fda\u015f otokratlarla ba\u015f etmeye \u00e7al\u0131\u015f\u0131yoruz. Tarih\u00e7i Federico Finchelstein, Fa\u015fizme Heves Etmek\u2019te bu kez tarihsel fa\u015fizm ve pop\u00fclizm aras\u0131ndaki fark\u0131 ortaya koyarken, bu fark\u0131n bizi hi\u00e7 de rahatlatmamas\u0131 gerekti\u011fini s\u00f6yl\u00fcyor. Fa\u015fist tehdidin kap\u0131da oldu\u011funu, bildi\u011fimiz ve geleneksel anlam\u0131yla fa\u015fist diyemeyece\u011fimiz fa\u015fizm heveslilerinin, \u00e7e\u015fitli politik formlar i\u00e7erisinde, fa\u015fizmin tahrip edici g\u00fcc\u00fcyle e\u015fde\u011fer antidemokratik siyasetlerinin \u00e7a\u011fda\u015f demokratik politika a\u00e7\u0131s\u0131ndan ne t\u00fcr tehlikeler arz etti\u011fini hat\u0131rlat\u0131yor. K\u00fcresel otoriter manzaray\u0131 daha isabetli kavramak i\u00e7in iyi bir rehber&#8230;<\/p>\n","protected":false},"excerpt":{"rendered":"<p>\u201cFa\u015fizm, ham siyasi \u015fiddet bi\u00e7imlerini idealle\u015ftirir ve uygular. Oysa pop\u00fclizm bu yakla\u015f\u0131m\u0131 teoride ve \u00e7o\u011fu zaman pratikte benimsemez. Bu nedenle pop\u00fclizm ve fa\u015fizmi ayn\u0131 \u015feymi\u015f gibi<span class=\"excerpt-hellip\"> [\u2026]<\/span><\/p>\n","protected":false},"featured_media":0,"template":"","meta":{"_monsterinsights_skip_tracking":false,"_monsterinsights_sitenote_active":false,"_monsterinsights_sitenote_note":"","_monsterinsights_sitenote_category":0},"product_brand":[],"product_cat":[12337],"product_tag":[],"class_list":{"0":"post-768687","1":"product","2":"type-product","3":"status-publish","5":"product_cat-politika-siyaset","6":"pa_cilt-ciltsiz","7":"pa_tur-kitap","8":"pa_yayinevi-iletisim-yayinlari","9":"pa_yazar-federico-finchelstein","11":"first","12":"instock","13":"sale","14":"shipping-taxable","15":"purchasable","16":"product-type-simple"},"_links":{"self":[{"href":"https:\/\/roveyayinevi.com.tr\/index.php\/wp-json\/wp\/v2\/product\/768687","targetHints":{"allow":["GET"]}}],"collection":[{"href":"https:\/\/roveyayinevi.com.tr\/index.php\/wp-json\/wp\/v2\/product"}],"about":[{"href":"https:\/\/roveyayinevi.com.tr\/index.php\/wp-json\/wp\/v2\/types\/product"}],"wp:attachment":[{"href":"https:\/\/roveyayinevi.com.tr\/index.php\/wp-json\/wp\/v2\/media?parent=768687"}],"wp:term":[{"taxonomy":"product_brand","embeddable":true,"href":"https:\/\/roveyayinevi.com.tr\/index.php\/wp-json\/wp\/v2\/product_brand?post=768687"},{"taxonomy":"product_cat","embeddable":true,"href":"https:\/\/roveyayinevi.com.tr\/index.php\/wp-json\/wp\/v2\/product_cat?post=768687"},{"taxonomy":"product_tag","embeddable":true,"href":"https:\/\/roveyayinevi.com.tr\/index.php\/wp-json\/wp\/v2\/product_tag?post=768687"}],"curies":[{"name":"wp","href":"https:\/\/api.w.org\/{rel}","templated":true}]}}