{"id":768686,"date":"2025-08-28T13:29:21","date_gmt":"2025-08-28T10:29:21","guid":{"rendered":"https:\/\/roveyayinevi.com.tr\/index.php\/urun\/capanogullari\/"},"modified":"2026-04-15T03:34:48","modified_gmt":"2026-04-15T00:34:48","slug":"capanogullari","status":"publish","type":"product","link":"https:\/\/roveyayinevi.com.tr\/index.php\/urun\/capanogullari\/","title":{"rendered":"\u00c7apano\u011fullar\u0131"},"content":{"rendered":"<p>\u201cUzun s\u00fcreler boyunca ta\u015fra toplum d\u00fczeninden Osmanl\u0131 merkez b\u00fcrokrasisine kadar bir\u00e7ok alanda g\u00f6rev alan \u00c7apano\u011fullar\u0131\u2019n\u0131n iki rejim etraf\u0131ndaki d\u00f6n\u00fc\u015f\u00fcm\u00fcn\u00fc konu edinen bu inceleme, ailenin Osmanl\u0131 \u0130mparatorlu\u011fu\u2019ndan Cumhuriyet sonras\u0131na kadar benimsedi\u011fi \u2018hem emredici hem itaatk\u00e2r\u2019 siyaseti merkeze al\u0131yor. Bug\u00fcne de\u011fin olumsuz \u00e7a\u011fr\u0131\u015f\u0131mlar\u0131yla kulaktan kula\u011fa dola\u015fan \u2018her ta\u015f\u0131n alt\u0131ndan bir \u00c7apano\u011flu \u00e7\u0131kar\u2019 deyimini bu \u00e7al\u0131\u015fmayla beraber art\u0131k, bir manevra kabiliyeti ve politik maharet t\u00fcr\u00fc olarak \u2018\u00c7apano\u011flu siyaseti\u2019 etraf\u0131nda d\u00fc\u015f\u00fcnmeyi teklif ediyorum.\u201d \u00c7apano\u011fullar\u0131, Yozgat havalisinin k\u00f6kl\u00fc ve b\u00fcy\u00fck bir hanedan ve elit s\u00fclalesi. Pop\u00fcler haf\u0131zada, Milli M\u00fccadele d\u00f6nemindeki \u00c7apano\u011flu \u0130syan\u0131 ile ve \u201calt\u0131ndan \u00c7apano\u011flu \u00e7\u0131kar\u201d deyimiylebiliniyorlar. B\u00fc\u015fra Nur Topal Akdo\u011fmu\u015f, bu incelikli \u00e7al\u0131\u015fmas\u0131nda, \u00c7apano\u011fullar\u0131\u2019n\u0131 Osmanl\u0131\u2019dan Cumhuriyet\u2019e ta\u015fra elitinin d\u00f6n\u00fc\u015f\u00fcm s\u00fcrecinin canl\u0131 bir \u201csahas\u0131\u201d olarak ele al\u0131yor. \u00c7apano\u011fullar\u0131\u2019nda ta\u015fra eliti olgusu, merkez-\u00e7evre diyalekti\u011fi, patrimonyalizm, sultan rejimleri ve \u201cg\u00fc\u00e7l\u00fc devlet gelene\u011fi\u201d gibi \u201cb\u00fcy\u00fck\u201d modelleri de zihninin gerisinde tutarak, fakat esasen devlete toplumdan bakan bir g\u00f6r\u00fc\u015f a\u00e7\u0131s\u0131yla inceleniyor. G\u00fc\u00e7l\u00fc analitik yakla\u015f\u0131m\u0131yla, ayn\u0131 zamanda aile roman\u0131 lezzeti ta\u015f\u0131yan bir tarihsel sosyoloji anlat\u0131s\u0131\u2026 <\/p>\n","protected":false},"excerpt":{"rendered":"<p>\u201cUzun s\u00fcreler boyunca ta\u015fra toplum d\u00fczeninden Osmanl\u0131 merkez b\u00fcrokrasisine kadar bir\u00e7ok alanda g\u00f6rev alan \u00c7apano\u011fullar\u0131\u2019n\u0131n iki rejim etraf\u0131ndaki d\u00f6n\u00fc\u015f\u00fcm\u00fcn\u00fc konu edinen bu inceleme, ailenin Osmanl\u0131 \u0130mparatorlu\u011fu\u2019ndan<span class=\"excerpt-hellip\"> [\u2026]<\/span><\/p>\n","protected":false},"featured_media":0,"template":"","meta":{"_monsterinsights_skip_tracking":false,"_monsterinsights_sitenote_active":false,"_monsterinsights_sitenote_note":"","_monsterinsights_sitenote_category":0},"product_brand":[],"product_cat":[12370,12304],"product_tag":[],"class_list":{"0":"post-768686","1":"product","2":"type-product","3":"status-publish","5":"product_cat-arastirma-inceleme","6":"product_cat-tarih","7":"pa_cilt-ciltsiz","8":"pa_tur-kitap","9":"pa_yayinevi-iletisim-yayinlari","10":"pa_yazar-busra-nur-topal-akdogmus","12":"first","13":"instock","14":"sale","15":"shipping-taxable","16":"purchasable","17":"product-type-simple"},"_links":{"self":[{"href":"https:\/\/roveyayinevi.com.tr\/index.php\/wp-json\/wp\/v2\/product\/768686","targetHints":{"allow":["GET"]}}],"collection":[{"href":"https:\/\/roveyayinevi.com.tr\/index.php\/wp-json\/wp\/v2\/product"}],"about":[{"href":"https:\/\/roveyayinevi.com.tr\/index.php\/wp-json\/wp\/v2\/types\/product"}],"wp:attachment":[{"href":"https:\/\/roveyayinevi.com.tr\/index.php\/wp-json\/wp\/v2\/media?parent=768686"}],"wp:term":[{"taxonomy":"product_brand","embeddable":true,"href":"https:\/\/roveyayinevi.com.tr\/index.php\/wp-json\/wp\/v2\/product_brand?post=768686"},{"taxonomy":"product_cat","embeddable":true,"href":"https:\/\/roveyayinevi.com.tr\/index.php\/wp-json\/wp\/v2\/product_cat?post=768686"},{"taxonomy":"product_tag","embeddable":true,"href":"https:\/\/roveyayinevi.com.tr\/index.php\/wp-json\/wp\/v2\/product_tag?post=768686"}],"curies":[{"name":"wp","href":"https:\/\/api.w.org\/{rel}","templated":true}]}}