{"id":768679,"date":"2025-08-28T13:29:07","date_gmt":"2025-08-28T10:29:07","guid":{"rendered":"https:\/\/roveyayinevi.com.tr\/index.php\/urun\/silide-alaturka\/"},"modified":"2026-04-15T03:34:48","modified_gmt":"2026-04-15T00:34:48","slug":"silide-alaturka","status":"publish","type":"product","link":"https:\/\/roveyayinevi.com.tr\/index.php\/urun\/silide-alaturka\/","title":{"rendered":"\u015eili&#8217;de Alaturka"},"content":{"rendered":"<p>\u201cAmuda kalkt\u0131\u011f\u0131nda d\u00fcnyay\u0131 s\u0131rtlad\u0131\u011f\u0131n\u0131 zannetmektir a\u015fk\u2026\u201dAd\u0131 Melina\u2019yd\u0131, onu \u015eili\u2019nin ba\u015fkenti Santiago\u2019da tan\u0131d\u0131m ya da Santiago\u2019yu onunla tan\u0131d\u0131m, ikisi de do\u011fru. Bir yanl\u0131\u015f varsa o da bendim, keza Melina ad\u0131ndaki \u015fahaneye tutuldu\u011fumda ger\u00e7ek ad\u0131n\u0131n \u201cMeliha\u201d oldu\u011funu bilmiyordum, haliyle T\u00fcrk oldu\u011funu da. \u00d6\u011frenince insafs\u0131zca terk ettim. Bana demi\u015fti ki, \u201cHerkes ait oldu\u011fu yere geri d\u00f6ner.\u201d Bunu \u00e7ok d\u00fc\u015f\u00fcnd\u00fcm; u\u00e7a\u011fa binip T\u00fcrkiye\u2019nin yolunu tutu\u011fumda ait oldu\u011fum yere mi d\u00f6n\u00fcyordum yoksa ait oldu\u011fum yerden mi ka\u00e7\u0131yordum?Bir s\u00fcre sonra \u015eili\u2019ye geri gelmem ikinci yanl\u0131\u015f\u0131m oldu. Keza Meliha\u2019y\u0131 \u015eili\u2019nin kuzeyindeki bir bal\u0131k\u00e7\u0131 k\u00f6y\u00fcnde buldu\u011fumda seksen y\u0131ll\u0131k bir lanete bula\u015ft\u0131\u011f\u0131mdan haberim bile yoktu. Yaln\u0131zca beni affetmesini istiyordum ve onu oradan al\u0131p g\u00f6t\u00fcrmeyi&#8230;\u00d6yle olmad\u0131 ama. \u00c7\u00f6l topra\u011f\u0131na g\u00f6m\u00fcl\u00fc bir tabutun i\u00e7inde g\u00f6zlerimi a\u00e7t\u0131\u011f\u0131mda b\u00fct\u00fcn hakikat \u00fczerime \u00e7ullanm\u0131\u015ft\u0131 ve deh\u015fetle hayk\u0131rmaktan ba\u015fka elimden gelen hi\u00e7bir \u015fey kalmam\u0131\u015ft\u0131.Eski hik\u00e2yeler eski basamaklara benzermi\u015f ve denk gelirse d\u00fc\u015f\u00fcr\u00fcrm\u00fc\u015f, benim d\u00fc\u015f\u00fc\u015f\u00fcm de b\u00f6yle oldu i\u015fte, hem de ait oldu\u011fum yerde!<\/p>\n","protected":false},"excerpt":{"rendered":"<p>\u201cAmuda kalkt\u0131\u011f\u0131nda d\u00fcnyay\u0131 s\u0131rtlad\u0131\u011f\u0131n\u0131 zannetmektir a\u015fk\u2026\u201dAd\u0131 Melina\u2019yd\u0131, onu \u015eili\u2019nin ba\u015fkenti Santiago\u2019da tan\u0131d\u0131m ya da Santiago\u2019yu onunla tan\u0131d\u0131m, ikisi de do\u011fru. Bir yanl\u0131\u015f varsa o da bendim,<span class=\"excerpt-hellip\"> [\u2026]<\/span><\/p>\n","protected":false},"featured_media":0,"template":"","meta":{"_monsterinsights_skip_tracking":false,"_monsterinsights_sitenote_active":false,"_monsterinsights_sitenote_note":"","_monsterinsights_sitenote_category":0},"product_brand":[],"product_cat":[12291,14777],"product_tag":[],"class_list":{"0":"post-768679","1":"product","2":"type-product","3":"status-publish","5":"product_cat-edebiyat","6":"product_cat-fantastik","7":"pa_cilt-ciltsiz","8":"pa_tur-kitap","9":"pa_yayinevi-the-roman","10":"pa_yazar-mehmet-mollaosmanoglu","12":"first","13":"instock","14":"sale","15":"shipping-taxable","16":"purchasable","17":"product-type-simple"},"_links":{"self":[{"href":"https:\/\/roveyayinevi.com.tr\/index.php\/wp-json\/wp\/v2\/product\/768679","targetHints":{"allow":["GET"]}}],"collection":[{"href":"https:\/\/roveyayinevi.com.tr\/index.php\/wp-json\/wp\/v2\/product"}],"about":[{"href":"https:\/\/roveyayinevi.com.tr\/index.php\/wp-json\/wp\/v2\/types\/product"}],"wp:attachment":[{"href":"https:\/\/roveyayinevi.com.tr\/index.php\/wp-json\/wp\/v2\/media?parent=768679"}],"wp:term":[{"taxonomy":"product_brand","embeddable":true,"href":"https:\/\/roveyayinevi.com.tr\/index.php\/wp-json\/wp\/v2\/product_brand?post=768679"},{"taxonomy":"product_cat","embeddable":true,"href":"https:\/\/roveyayinevi.com.tr\/index.php\/wp-json\/wp\/v2\/product_cat?post=768679"},{"taxonomy":"product_tag","embeddable":true,"href":"https:\/\/roveyayinevi.com.tr\/index.php\/wp-json\/wp\/v2\/product_tag?post=768679"}],"curies":[{"name":"wp","href":"https:\/\/api.w.org\/{rel}","templated":true}]}}