{"id":768677,"date":"2025-08-28T13:29:04","date_gmt":"2025-08-28T10:29:04","guid":{"rendered":"https:\/\/roveyayinevi.com.tr\/index.php\/urun\/buyuk-yonetim-teorileri\/"},"modified":"2026-04-15T03:34:48","modified_gmt":"2026-04-15T00:34:48","slug":"buyuk-yonetim-teorileri","status":"publish","type":"product","link":"https:\/\/roveyayinevi.com.tr\/index.php\/urun\/buyuk-yonetim-teorileri\/","title":{"rendered":"B\u00fcy\u00fck Y\u00f6netim Teorileri"},"content":{"rendered":"<p>Yo\u011fun olan y\u00f6neticilerin, i\u015fteki g\u00fcnl\u00fck sorunlara h\u0131zl\u0131 \u00e7\u00f6z\u00fcmler bulmas\u0131 gerekir. B\u00fcy\u00fck Y\u00f6netim Teorileri, her y\u00f6neticinin bilmesi ve kullanmas\u0131 gereken en iyi teorileri ve modelleri ortaya koyuyor. Jim McGrath ve Bob Bates, laf kalabal\u0131\u011f\u0131n\u0131 ve abart\u0131y\u0131 bir kenara b\u0131rakarak, y\u00f6neticiler i\u00e7in ger\u00e7ekten \u00f6nemli olan teorilere odaklan\u0131yor. Her teori iki sayfada ele al\u0131n\u0131yor; ne olduklar\u0131, nas\u0131l kullan\u0131lacaklar\u0131 ve sorman\u0131z gereken sorular anlat\u0131l\u0131yor. B\u00f6ylece y\u00f6neticiler taze bilgilerini ger\u00e7ek d\u00fcnyada hemen uygulayabilme imk\u00e2n\u0131 bulabiliyor. B\u00fcy\u00fck Y\u00f6netim Teorileri \u015funlar\u0131 yapabilmenizi sa\u011flayacak: <\/p>\n","protected":false},"excerpt":{"rendered":"<p>Yo\u011fun olan y\u00f6neticilerin, i\u015fteki g\u00fcnl\u00fck sorunlara h\u0131zl\u0131 \u00e7\u00f6z\u00fcmler bulmas\u0131 gerekir. B\u00fcy\u00fck Y\u00f6netim Teorileri, her y\u00f6neticinin bilmesi ve kullanmas\u0131 gereken en iyi teorileri ve modelleri ortaya koyuyor.<span class=\"excerpt-hellip\"> [\u2026]<\/span><\/p>\n","protected":false},"featured_media":0,"template":"","meta":{"_monsterinsights_skip_tracking":false,"_monsterinsights_sitenote_active":false,"_monsterinsights_sitenote_note":"","_monsterinsights_sitenote_category":0},"product_brand":[],"product_cat":[13043,17647],"product_tag":[],"class_list":{"0":"post-768677","1":"product","2":"type-product","3":"status-publish","5":"product_cat-ekonomi","6":"product_cat-is-dunyasi","7":"pa_cilt-ciltsiz","8":"pa_tur-kitap","9":"pa_yayinevi-the-kitap","10":"pa_yazar-james-mcgrath-bob-bates","12":"first","13":"instock","14":"sale","15":"shipping-taxable","16":"purchasable","17":"product-type-simple"},"_links":{"self":[{"href":"https:\/\/roveyayinevi.com.tr\/index.php\/wp-json\/wp\/v2\/product\/768677","targetHints":{"allow":["GET"]}}],"collection":[{"href":"https:\/\/roveyayinevi.com.tr\/index.php\/wp-json\/wp\/v2\/product"}],"about":[{"href":"https:\/\/roveyayinevi.com.tr\/index.php\/wp-json\/wp\/v2\/types\/product"}],"wp:attachment":[{"href":"https:\/\/roveyayinevi.com.tr\/index.php\/wp-json\/wp\/v2\/media?parent=768677"}],"wp:term":[{"taxonomy":"product_brand","embeddable":true,"href":"https:\/\/roveyayinevi.com.tr\/index.php\/wp-json\/wp\/v2\/product_brand?post=768677"},{"taxonomy":"product_cat","embeddable":true,"href":"https:\/\/roveyayinevi.com.tr\/index.php\/wp-json\/wp\/v2\/product_cat?post=768677"},{"taxonomy":"product_tag","embeddable":true,"href":"https:\/\/roveyayinevi.com.tr\/index.php\/wp-json\/wp\/v2\/product_tag?post=768677"}],"curies":[{"name":"wp","href":"https:\/\/api.w.org\/{rel}","templated":true}]}}