{"id":768676,"date":"2025-08-28T13:29:02","date_gmt":"2025-08-28T10:29:02","guid":{"rendered":"https:\/\/roveyayinevi.com.tr\/index.php\/urun\/gida-ve-beslenme-herkesin-bilmesi-gereken-seyler\/"},"modified":"2026-04-15T03:34:48","modified_gmt":"2026-04-15T00:34:48","slug":"gida-ve-beslenme-herkesin-bilmesi-gereken-seyler","status":"publish","type":"product","link":"https:\/\/roveyayinevi.com.tr\/index.php\/urun\/gida-ve-beslenme-herkesin-bilmesi-gereken-seyler\/","title":{"rendered":"G\u0131da ve Beslenme: Herkesin Bilmesi Gereken \u015eeyler"},"content":{"rendered":"<p>\u201cSa\u011fl\u0131\u011f\u0131n\u0131z i\u00e7in ne yemeniz gerekti\u011fine dair herkes gibi sizin de kafan\u0131z kar\u0131\u015f\u0131yor mu? Bilime dayal\u0131 bilgi istiyorsunuz ancak neye inanaca\u011f\u0131n\u0131z\u0131 bilemiyor musunuz? Beslenme uzmanlar\u0131 s\u00fcrekli fikir de\u011fi\u015ftiriyor gibi mi hissediyorsunuz siz de? \u015eayet \u00f6yleyse yaln\u0131z de\u011filsiniz ve beni bu kitab\u0131 yazmaya iten neden de tam olarak bu!\u201d Sa\u011fl\u0131ks\u0131z ve d\u00fczensiz beslenme ile birlikte patlama yapan obezite vakalar\u0131n\u0131n ard\u0131ndan televizyonlar, sosyal mecralar ve hatta arkada\u015f sohbetleri bile beslenmeyle ilgili sansasyonel bilgilerle dolup ta\u015f\u0131yor. Sa\u011fl\u0131kl\u0131 ya\u015fam aray\u0131\u015f\u0131ndayken, maruz kal\u0131nan d\u00fczensiz ve kayna\u011f\u0131 <\/p>\n","protected":false},"excerpt":{"rendered":"<p>\u201cSa\u011fl\u0131\u011f\u0131n\u0131z i\u00e7in ne yemeniz gerekti\u011fine dair herkes gibi sizin de kafan\u0131z kar\u0131\u015f\u0131yor mu? Bilime dayal\u0131 bilgi istiyorsunuz ancak neye inanaca\u011f\u0131n\u0131z\u0131 bilemiyor musunuz? Beslenme uzmanlar\u0131 s\u00fcrekli fikir<span class=\"excerpt-hellip\"> [\u2026]<\/span><\/p>\n","protected":false},"featured_media":0,"template":"","meta":{"_monsterinsights_skip_tracking":false,"_monsterinsights_sitenote_active":false,"_monsterinsights_sitenote_note":"","_monsterinsights_sitenote_category":0},"product_brand":[],"product_cat":[20313,13365],"product_tag":[],"class_list":{"0":"post-768676","1":"product","2":"type-product","3":"status-publish","5":"product_cat-basvuru-kitaplari-saglik","6":"product_cat-saglik","7":"pa_cilt-ciltsiz","8":"pa_tur-kitap","9":"pa_yayinevi-the-kitap","10":"pa_yazar-dr-p-k-newby","12":"first","13":"instock","14":"sale","15":"shipping-taxable","16":"purchasable","17":"product-type-simple"},"_links":{"self":[{"href":"https:\/\/roveyayinevi.com.tr\/index.php\/wp-json\/wp\/v2\/product\/768676","targetHints":{"allow":["GET"]}}],"collection":[{"href":"https:\/\/roveyayinevi.com.tr\/index.php\/wp-json\/wp\/v2\/product"}],"about":[{"href":"https:\/\/roveyayinevi.com.tr\/index.php\/wp-json\/wp\/v2\/types\/product"}],"wp:attachment":[{"href":"https:\/\/roveyayinevi.com.tr\/index.php\/wp-json\/wp\/v2\/media?parent=768676"}],"wp:term":[{"taxonomy":"product_brand","embeddable":true,"href":"https:\/\/roveyayinevi.com.tr\/index.php\/wp-json\/wp\/v2\/product_brand?post=768676"},{"taxonomy":"product_cat","embeddable":true,"href":"https:\/\/roveyayinevi.com.tr\/index.php\/wp-json\/wp\/v2\/product_cat?post=768676"},{"taxonomy":"product_tag","embeddable":true,"href":"https:\/\/roveyayinevi.com.tr\/index.php\/wp-json\/wp\/v2\/product_tag?post=768676"}],"curies":[{"name":"wp","href":"https:\/\/api.w.org\/{rel}","templated":true}]}}