{"id":768674,"date":"2025-08-28T13:29:00","date_gmt":"2025-08-28T10:29:00","guid":{"rendered":"https:\/\/roveyayinevi.com.tr\/index.php\/urun\/yeme-psikolojisi\/"},"modified":"2026-04-15T03:34:48","modified_gmt":"2026-04-15T00:34:48","slug":"yeme-psikolojisi","status":"publish","type":"product","link":"https:\/\/roveyayinevi.com.tr\/index.php\/urun\/yeme-psikolojisi\/","title":{"rendered":"Yeme Psikolojisi"},"content":{"rendered":"<p>\u0130nsanlar yeme\u011fe tak\u0131nt\u0131l\u0131d\u0131r. Yeterince yiyece\u011fe sahip de\u011filseniz -ki uzak atalar\u0131m\u0131z i\u00e7in neredeyse her zaman b\u00f6yleydi- d\u00fc\u015f\u00fcnceleriniz ve eylemleriniz \u00f6ncelikle yiyecek elde etmeye y\u00f6neliktir. Bol miktarda \u201cyemeye haz\u0131r\u201d yiyece\u011fe sahip oldu\u011fumuz g\u00fcn\u00fcm\u00fczde bile, insanlar yemek veya yeme\u011fin \u00f6nemli bir rol oynad\u0131\u011f\u0131 rit\u00fceller hakk\u0131nda d\u00fc\u015f\u00fcnmek i\u00e7in b\u00fcy\u00fck zaman harc\u0131yorlar. Reklamc\u0131l\u0131k ve pazarlamadan, artan bir dizi lezzetli g\u0131dan\u0131n \u00fcretimine ve rekabet\u00e7i perakendecili\u011fe, kilo y\u00f6netimine veya obezite ile ilgili hastal\u0131klar\u0131n t\u0131bbi tedavisine kadar; insanlar\u0131n bu t\u00fcr e\u011filimleri \u00fczerine k\u00e2r ama\u00e7l\u0131 devasa end\u00fcstriler in\u015fa edilmi\u015ftir. Hi\u00e7 bir an durup insanlar\u0131n yiyece\u011fe neden bu kadar ilgi duydu\u011funu veya bu \u00f6zelli\u011fin insanlara \u00f6zg\u00fc olup olmad\u0131\u011f\u0131n\u0131 sordunuz mu?Yeme Psikolojisi, bu sorular\u0131 sormaya ve cevaplar\u0131 ke\u015ffetmeye \u00e7al\u0131\u015f\u0131yor. Kitapta yazarlar \u201cnormal\u201d yemeye odaklan\u0131yor: Modern toplumda nas\u0131l geli\u015fti ve hangi i\u015flevleri yerine getiriyor? Ayr\u0131ca yemek yemeyle ilgili g\u00fcncel sorunlar da ele al\u0131n\u0131yor. Anoreksiya ve bulimia nervoza d\u00e2hil olmak \u00fczere, te\u015fhis edilebilir yeme bozukluklar\u0131na ayr\u0131lm\u0131\u015f b\u00f6l\u00fcmlerin oldu\u011fu Yeme Psikolojisi\u2019nde en \u00e7ok da, \u201cobezite salg\u0131n\u0131\u201dna ve olas\u0131 \u00e7\u00f6z\u00fcmlerine odaklan\u0131l\u0131yor.<\/p>\n","protected":false},"excerpt":{"rendered":"<p>\u0130nsanlar yeme\u011fe tak\u0131nt\u0131l\u0131d\u0131r. Yeterince yiyece\u011fe sahip de\u011filseniz -ki uzak atalar\u0131m\u0131z i\u00e7in neredeyse her zaman b\u00f6yleydi- d\u00fc\u015f\u00fcnceleriniz ve eylemleriniz \u00f6ncelikle yiyecek elde etmeye y\u00f6neliktir. Bol miktarda \u201cyemeye<span class=\"excerpt-hellip\"> [\u2026]<\/span><\/p>\n","protected":false},"featured_media":0,"template":"","meta":{"_monsterinsights_skip_tracking":false,"_monsterinsights_sitenote_active":false,"_monsterinsights_sitenote_note":"","_monsterinsights_sitenote_category":0},"product_brand":[],"product_cat":[13402,13365],"product_tag":[],"class_list":{"0":"post-768674","1":"product","2":"type-product","3":"status-publish","5":"product_cat-beslenme-ve-diyet","6":"product_cat-saglik","7":"pa_cilt-ciltsiz","8":"pa_tur-kitap","9":"pa_yayinevi-sabri-ulker-vakfi-yayinlari","10":"pa_yazar-anaya-mitra","11":"pa_yazar-emily-crews-splane","12":"pa_yazar-neil-e-rowland","14":"first","15":"instock","16":"sale","17":"shipping-taxable","18":"purchasable","19":"product-type-simple"},"_links":{"self":[{"href":"https:\/\/roveyayinevi.com.tr\/index.php\/wp-json\/wp\/v2\/product\/768674","targetHints":{"allow":["GET"]}}],"collection":[{"href":"https:\/\/roveyayinevi.com.tr\/index.php\/wp-json\/wp\/v2\/product"}],"about":[{"href":"https:\/\/roveyayinevi.com.tr\/index.php\/wp-json\/wp\/v2\/types\/product"}],"wp:attachment":[{"href":"https:\/\/roveyayinevi.com.tr\/index.php\/wp-json\/wp\/v2\/media?parent=768674"}],"wp:term":[{"taxonomy":"product_brand","embeddable":true,"href":"https:\/\/roveyayinevi.com.tr\/index.php\/wp-json\/wp\/v2\/product_brand?post=768674"},{"taxonomy":"product_cat","embeddable":true,"href":"https:\/\/roveyayinevi.com.tr\/index.php\/wp-json\/wp\/v2\/product_cat?post=768674"},{"taxonomy":"product_tag","embeddable":true,"href":"https:\/\/roveyayinevi.com.tr\/index.php\/wp-json\/wp\/v2\/product_tag?post=768674"}],"curies":[{"name":"wp","href":"https:\/\/api.w.org\/{rel}","templated":true}]}}