{"id":768672,"date":"2025-08-28T13:28:55","date_gmt":"2025-08-28T10:28:55","guid":{"rendered":"https:\/\/roveyayinevi.com.tr\/index.php\/urun\/beni-iceri-al\/"},"modified":"2026-04-15T03:34:48","modified_gmt":"2026-04-15T00:34:48","slug":"beni-iceri-al","status":"publish","type":"product","link":"https:\/\/roveyayinevi.com.tr\/index.php\/urun\/beni-iceri-al\/","title":{"rendered":"Beni \u0130\u00e7eri Al"},"content":{"rendered":"<p>Helen ve George, Londra\u2019dan Cornwall\u2019daki bir eve ta\u015f\u0131n\u0131rlar. Yeni ba\u015flang\u0131\u00e7lar i\u00e7in hayaller kurduran bu ev, \u00f6l\u00fcm ve bat\u0131l inan\u00e7larla doludur. Her yerde b\u00fcy\u00fcye dair kan\u0131tlar vard\u0131r. Gen\u00e7 \u00e7ift, b\u00fcy\u00fcc\u00fcl\u00fck yapan bir kad\u0131n\u0131n bu evde \u00fc\u00e7 ki\u015fiyi \u00f6ld\u00fcrd\u00fc\u011f\u00fcn\u00fc \u00f6\u011frenir. Ara\u015ft\u0131rmaya ba\u015flad\u0131klar\u0131nda ise bir\u00e7ok s\u0131rra ve yalana rastlarlar. Ard\u0131ndan birbiri ard\u0131na k\u00f6t\u00fc \u015feyler olmaya ba\u015flar. Helen ile George tehlikede olduklar\u0131n\u0131 fark ederler. Uzun zaman \u00f6nce g\u00f6m\u00fclen s\u0131rlar, art\u0131k g\u00fcn y\u00fcz\u00fcne \u00e7\u0131km\u0131\u015ft\u0131r ve art\u0131k hi\u00e7bir \u015fey eskisi gibi olmayacakt\u0131r. \u00c7oksatan listelerinin m\u00fcdavimi Claire McGowan\u2019\u0131n kaleme ald\u0131\u011f\u0131 Beni \u0130\u00e7eri Al, \u00fcrpertici detaylar\u0131yla okuru her an\u0131nda diken \u00fcst\u00fcnde hissettirecek. \u201c\u0130lgi \u00e7ekici, zorlay\u0131c\u0131 ve dolamba\u00e7l\u0131 bir hik\u00e2ye! Claire McGowan en iyi performans\u0131n\u0131 sergiliyor.\u201d \u2014Peter James\u201cT\u00fcyler \u00fcrpertici oldu\u011fu kadar zekice de yaz\u0131lm\u0131\u015f ola\u011fan\u00fcst\u00fc bir psikolojik gerilim.\u201d\u2014Chris Merritt<\/p>\n","protected":false},"excerpt":{"rendered":"<p>Helen ve George, Londra\u2019dan Cornwall\u2019daki bir eve ta\u015f\u0131n\u0131rlar. Yeni ba\u015flang\u0131\u00e7lar i\u00e7in hayaller kurduran bu ev, \u00f6l\u00fcm ve bat\u0131l inan\u00e7larla doludur. Her yerde b\u00fcy\u00fcye dair kan\u0131tlar vard\u0131r.<span class=\"excerpt-hellip\"> [\u2026]<\/span><\/p>\n","protected":false},"featured_media":0,"template":"","meta":{"_monsterinsights_skip_tracking":false,"_monsterinsights_sitenote_active":false,"_monsterinsights_sitenote_note":"","_monsterinsights_sitenote_category":0},"product_brand":[],"product_cat":[12291,17033],"product_tag":[],"class_list":{"0":"post-768672","1":"product","2":"type-product","3":"status-publish","5":"product_cat-edebiyat","6":"product_cat-korku-gerilim","7":"pa_cilt-ciltsiz","8":"pa_tur-kitap","9":"pa_yayinevi-the-kitap","10":"pa_yazar-claire-mcgowan","12":"first","13":"instock","14":"sale","15":"shipping-taxable","16":"purchasable","17":"product-type-simple"},"_links":{"self":[{"href":"https:\/\/roveyayinevi.com.tr\/index.php\/wp-json\/wp\/v2\/product\/768672","targetHints":{"allow":["GET"]}}],"collection":[{"href":"https:\/\/roveyayinevi.com.tr\/index.php\/wp-json\/wp\/v2\/product"}],"about":[{"href":"https:\/\/roveyayinevi.com.tr\/index.php\/wp-json\/wp\/v2\/types\/product"}],"wp:attachment":[{"href":"https:\/\/roveyayinevi.com.tr\/index.php\/wp-json\/wp\/v2\/media?parent=768672"}],"wp:term":[{"taxonomy":"product_brand","embeddable":true,"href":"https:\/\/roveyayinevi.com.tr\/index.php\/wp-json\/wp\/v2\/product_brand?post=768672"},{"taxonomy":"product_cat","embeddable":true,"href":"https:\/\/roveyayinevi.com.tr\/index.php\/wp-json\/wp\/v2\/product_cat?post=768672"},{"taxonomy":"product_tag","embeddable":true,"href":"https:\/\/roveyayinevi.com.tr\/index.php\/wp-json\/wp\/v2\/product_tag?post=768672"}],"curies":[{"name":"wp","href":"https:\/\/api.w.org\/{rel}","templated":true}]}}