{"id":768671,"date":"2025-08-28T13:28:53","date_gmt":"2025-08-28T10:28:53","guid":{"rendered":"https:\/\/roveyayinevi.com.tr\/index.php\/urun\/cumhuriyete-100-gun\/"},"modified":"2026-04-15T03:34:48","modified_gmt":"2026-04-15T00:34:48","slug":"cumhuriyete-100-gun","status":"publish","type":"product","link":"https:\/\/roveyayinevi.com.tr\/index.php\/urun\/cumhuriyete-100-gun\/","title":{"rendered":"Cumhuriyet\u2019e 100 G\u00fcn"},"content":{"rendered":"<p>\u201cT\u00fcrkiye\u2019nin Kurtulu\u015f Sava\u015f\u0131 ile ilgili temel kaynaklar\u0131 bir arada okumak, kimi tart\u0131\u015fmal\u0131 konular\u0131 taraflar\u0131n nas\u0131l anlatt\u0131klar\u0131n\u0131 kar\u015f\u0131la\u015ft\u0131rmal\u0131 olarak yay\u0131mlamak, san\u0131r\u0131m ilk kez Cumhuriyet\u2019e 100 G\u00fcn\u2019de yap\u0131lan bir \u015fey oldu. Hepimiz, okul s\u0131ralar\u0131ndan ba\u015flayarak Kurtulu\u015f Sava\u015f\u0131\u2019n\u0131n nas\u0131l yap\u0131ld\u0131\u011f\u0131 ve Cumhuriyet\u2019in nas\u0131l kuruldu\u011fu ile ilgili olarak bilgi bombard\u0131man\u0131na tutulduk. Verilen b\u00fct\u00fcn bu bilgiler, elbette Kurtulu\u015f Sava\u015f\u0131 ile Cumhuriyet ve devrimlerini y\u00fcceltmek, Atat\u00fcrk\u2019\u00fcn ne b\u00fcy\u00fck bir i\u015fi ba\u015faran bir lider oldu\u011funu anlatmak i\u00e7indi. Ve hepsi de tart\u0131\u015fmas\u0131z do\u011fruydu ama bana soracak olursan\u0131z, yine de ba\u015far\u0131lan\u0131n ne kadar b\u00fcy\u00fck bir \u015fey oldu\u011funu anlatmakta yetersiz kal\u0131yordu.\u00dclke i\u015fgal edilmi\u015fken bir ki\u015finin (Atat\u00fcrk) \u00e7\u0131k\u0131p i\u015fgalcilerle uzla\u015fmay\u0131 reddetmesi, bunu yapmak i\u00e7in de me\u015fruiyet kayna\u011f\u0131n\u0131 do\u011frudan halkta, yani bir anlamda demokratik kat\u0131l\u0131mda bulmas\u0131, bana g\u00f6re bu destan\u0131n ana \u00f6yk\u00fcs\u00fcd\u00fcr. Unutmay\u0131n, T\u00fcrkiye B\u00fcy\u00fck Millet Meclisi ve onun ba\u015fkan\u0131 Mustafa Kemal Atat\u00fcrk\u2019t\u00fcr, Kurtulu\u015f Sava\u015f\u0131\u2019n\u0131 yapan g\u00fc\u00e7. Bana g\u00f6re 23 Nisan 1920\u2019de Ankara\u2019da TBMM a\u00e7\u0131ld\u0131\u011f\u0131 g\u00fcn Osmanl\u0131 \u0130mparatorlu\u011fu sona ermi\u015f, T\u00fcrkiye Cumhuriyeti de kurulmu\u015ftur. Zaten ilk Meclis bu durumu \u2018Yeni T\u00fcrkiye Devleti\u2019 diye adland\u0131rmaktan da \u00e7ekinmemi\u015ftir. 1 Kas\u0131m 1922\u2019de o Meclis, halktan ald\u0131\u011f\u0131 yetkiyle art\u0131k bir teferruat haline d\u00f6n\u00fc\u015fen saltanat\u0131 kald\u0131rd\u0131. Saltanat da sona erdi\u011finde, rejimin ad\u0131 art\u0131k zaten Cumhuriyet\u2019ti. 29 Ekim 1923 elbette tarihimizde son derece \u00f6nemli bir g\u00fcn. Ama bu a\u00e7\u0131dan bak\u0131nca, bir prosed\u00fcr\u00fcn yerine getirilmesi, \u00e7oktan do\u011fmu\u015f olan \u00e7ocu\u011fun ad\u0131n\u0131n konmas\u0131. Ama benim sanki \u00e7ok s\u0131radan bir \u015feymi\u015f gibi \u2018prosed\u00fcr\u00fcn yerine getirilmesi\u2019 dedi\u011fime de bakmay\u0131n; ne saltanat\u0131 kald\u0131rmak ne de Cumhuriyet\u2019i ilan etmek o kadar kolay oldu.Cumhuriyet\u2019e 100 G\u00fcn i\u015fte o zorluklar\u0131n \u00f6yk\u00fcs\u00fcn\u00fc anlat\u0131yor.\u201d\u0130smet Berkan<\/p>\n","protected":false},"excerpt":{"rendered":"<p>\u201cT\u00fcrkiye\u2019nin Kurtulu\u015f Sava\u015f\u0131 ile ilgili temel kaynaklar\u0131 bir arada okumak, kimi tart\u0131\u015fmal\u0131 konular\u0131 taraflar\u0131n nas\u0131l anlatt\u0131klar\u0131n\u0131 kar\u015f\u0131la\u015ft\u0131rmal\u0131 olarak yay\u0131mlamak, san\u0131r\u0131m ilk kez Cumhuriyet\u2019e 100 G\u00fcn\u2019de yap\u0131lan<span class=\"excerpt-hellip\"> [\u2026]<\/span><\/p>\n","protected":false},"featured_media":0,"template":"","meta":{"_monsterinsights_skip_tracking":false,"_monsterinsights_sitenote_active":false,"_monsterinsights_sitenote_note":"","_monsterinsights_sitenote_category":0},"product_brand":[],"product_cat":[12291,15117],"product_tag":[],"class_list":{"0":"post-768671","1":"product","2":"type-product","3":"status-publish","5":"product_cat-edebiyat","6":"product_cat-genclik-edebiyati","7":"pa_cilt-ciltsiz","8":"pa_tur-kitap","9":"pa_yayinevi-the-kitap","10":"pa_yazar-ismet-berkan","12":"first","13":"instock","14":"sale","15":"shipping-taxable","16":"purchasable","17":"product-type-simple"},"_links":{"self":[{"href":"https:\/\/roveyayinevi.com.tr\/index.php\/wp-json\/wp\/v2\/product\/768671","targetHints":{"allow":["GET"]}}],"collection":[{"href":"https:\/\/roveyayinevi.com.tr\/index.php\/wp-json\/wp\/v2\/product"}],"about":[{"href":"https:\/\/roveyayinevi.com.tr\/index.php\/wp-json\/wp\/v2\/types\/product"}],"wp:attachment":[{"href":"https:\/\/roveyayinevi.com.tr\/index.php\/wp-json\/wp\/v2\/media?parent=768671"}],"wp:term":[{"taxonomy":"product_brand","embeddable":true,"href":"https:\/\/roveyayinevi.com.tr\/index.php\/wp-json\/wp\/v2\/product_brand?post=768671"},{"taxonomy":"product_cat","embeddable":true,"href":"https:\/\/roveyayinevi.com.tr\/index.php\/wp-json\/wp\/v2\/product_cat?post=768671"},{"taxonomy":"product_tag","embeddable":true,"href":"https:\/\/roveyayinevi.com.tr\/index.php\/wp-json\/wp\/v2\/product_tag?post=768671"}],"curies":[{"name":"wp","href":"https:\/\/api.w.org\/{rel}","templated":true}]}}