{"id":768669,"date":"2025-08-28T13:28:51","date_gmt":"2025-08-28T10:28:51","guid":{"rendered":"https:\/\/roveyayinevi.com.tr\/index.php\/urun\/performansin-sinirlarinda-formula-1-yarislarinda-yoneticilik-dersleri\/"},"modified":"2026-04-15T03:34:48","modified_gmt":"2026-04-15T00:34:48","slug":"performansin-sinirlarinda-formula-1-yarislarinda-yoneticilik-dersleri","status":"publish","type":"product","link":"https:\/\/roveyayinevi.com.tr\/index.php\/urun\/performansin-sinirlarinda-formula-1-yarislarinda-yoneticilik-dersleri\/","title":{"rendered":"Performans\u0131n S\u0131n\u0131rlar\u0131nda: Formula 1 Yar\u0131\u015flar\u0131nda Y\u00f6neticilik Dersleri"},"content":{"rendered":"<p>\u0130\u015fletmenizi bir Ferrari ya da McLaren, bir Toyota veya Force India olarak hayal edebiliyor musunuz? Sat\u0131\u015f ekibinizi yar\u0131\u015f tak\u0131m\u0131 olarak ve pazarlama ile ara\u015ft\u0131rma birimlerinizi bir Formula 1 arabas\u0131n\u0131 tasarlayan st\u00fcdyo olarak? Formula 1\u2019in tahmin\u00ee cirosu d\u00f6rt milyar dolar, otuz \u00fclkeden elli binden fazla insana i\u015f sa\u011fl\u0131yor ve ayr\u0131ca b\u00fct\u00fcn b\u00fcy\u00fck ya da geli\u015fmekte olan ekonomilerde bir yeri var. Performans\u0131n S\u0131n\u0131rlar\u0131nda Formula 1 yar\u0131\u015flar\u0131n\u0131 \u00f6rnek alarak, bir i\u015fletmenin y\u00fcksek rekabete dayal\u0131 ko\u015fullarda en iyi performansa nas\u0131l ula\u015faca\u011f\u0131n\u0131 anlat\u0131yor. Elinizdeki kitap, b\u00fcy\u00fck ba\u015far\u0131 kazanan ilk edisyonunun Formula 1 s\u00fcr\u00fcc\u00fcleriyle ve bu sporda aktif g\u00f6rev yapan y\u00f6neticilerle yap\u0131lan yeni s\u00f6yle\u015filerle zenginle\u015fmi\u015f ikinci edisyonudur.<\/p>\n","protected":false},"excerpt":{"rendered":"<p>\u0130\u015fletmenizi bir Ferrari ya da McLaren, bir Toyota veya Force India olarak hayal edebiliyor musunuz? Sat\u0131\u015f ekibinizi yar\u0131\u015f tak\u0131m\u0131 olarak ve pazarlama ile ara\u015ft\u0131rma birimlerinizi bir<span class=\"excerpt-hellip\"> [\u2026]<\/span><\/p>\n","protected":false},"featured_media":0,"template":"","meta":{"_monsterinsights_skip_tracking":false,"_monsterinsights_sitenote_active":false,"_monsterinsights_sitenote_note":"","_monsterinsights_sitenote_category":0},"product_brand":[],"product_cat":[13043,17647],"product_tag":[],"class_list":{"0":"post-768669","1":"product","2":"type-product","3":"status-publish","5":"product_cat-ekonomi","6":"product_cat-is-dunyasi","7":"pa_cilt-ciltsiz","8":"pa_tur-kitap","9":"pa_yayinevi-the-kitap","10":"pa_yazar-ken-pasternak","11":"pa_yazar-mark-jenkins","12":"pa_yazar-richard-west","14":"first","15":"instock","16":"sale","17":"shipping-taxable","18":"purchasable","19":"product-type-simple"},"_links":{"self":[{"href":"https:\/\/roveyayinevi.com.tr\/index.php\/wp-json\/wp\/v2\/product\/768669","targetHints":{"allow":["GET"]}}],"collection":[{"href":"https:\/\/roveyayinevi.com.tr\/index.php\/wp-json\/wp\/v2\/product"}],"about":[{"href":"https:\/\/roveyayinevi.com.tr\/index.php\/wp-json\/wp\/v2\/types\/product"}],"wp:attachment":[{"href":"https:\/\/roveyayinevi.com.tr\/index.php\/wp-json\/wp\/v2\/media?parent=768669"}],"wp:term":[{"taxonomy":"product_brand","embeddable":true,"href":"https:\/\/roveyayinevi.com.tr\/index.php\/wp-json\/wp\/v2\/product_brand?post=768669"},{"taxonomy":"product_cat","embeddable":true,"href":"https:\/\/roveyayinevi.com.tr\/index.php\/wp-json\/wp\/v2\/product_cat?post=768669"},{"taxonomy":"product_tag","embeddable":true,"href":"https:\/\/roveyayinevi.com.tr\/index.php\/wp-json\/wp\/v2\/product_tag?post=768669"}],"curies":[{"name":"wp","href":"https:\/\/api.w.org\/{rel}","templated":true}]}}