{"id":768668,"date":"2025-08-28T13:28:50","date_gmt":"2025-08-28T10:28:50","guid":{"rendered":"https:\/\/roveyayinevi.com.tr\/index.php\/urun\/gorme-bicimi-olarak-fotograf\/"},"modified":"2026-04-15T03:34:48","modified_gmt":"2026-04-15T00:34:48","slug":"gorme-bicimi-olarak-fotograf","status":"publish","type":"product","link":"https:\/\/roveyayinevi.com.tr\/index.php\/urun\/gorme-bicimi-olarak-fotograf\/","title":{"rendered":"G\u00f6rme Bi\u00e7imi Olarak Foto\u011fraf"},"content":{"rendered":"<p>G\u00f6rme Bi\u00e7imi Olarak Foto\u011fraf\u00e7\u0131l\u0131kAlg\u0131lama ve G\u00f6r\u00fcnt\u00fclemeSosyal medyada foto\u011fraf payla\u015f\u0131m\u0131 ve foto\u011fraf ele\u015ftirisine y\u00f6nelik \u00e7evrimi\u00e7i gruplar hakk\u0131nda yeni b\u00f6l\u00fcmler,\u2022 Henri Cartier-Bresson, Man Ray ve Ansel Adams gibi, D\u00fcnya\u2019n\u0131n en iyi foto\u011fraf\u00e7\u0131lar\u0131ndan ilham verici g\u00f6rseller,\u2022 \u00d6nemli noktalar\u0131 ile \u201cKarar an\u0131\u201d foto\u011fraf\u00e7\u0131l\u0131\u011f\u0131 ve bu t\u00fcr foto\u011fraf\u00e7\u0131l\u0131\u011f\u0131n neden baz\u0131lar\u0131 taraf\u0131ndan foto\u011fraf\u00e7\u0131l\u0131\u011f\u0131n \u00f6z\u00fc olarak g\u00f6r\u00fcld\u00fc\u011f\u00fc hakk\u0131nda kapsaml\u0131 bir tart\u0131\u015fma,\u2022 Foto\u011frafta beden dili, kamera a\u00e7\u0131lar\u0131, g\u00f6r\u00fcnt\u00fc oranlar\u0131, otoportreler ve \u00f6z\u00e7ekimler hakk\u0131nda ve an\u0131lar ile ki\u015fili\u011fin foto\u011fraf\u00e7\u0131l\u0131\u011f\u0131 nas\u0131l etkiledi\u011fi hakk\u0131nda yeni b\u00f6l\u00fcmler bulacaks\u0131n\u0131z.<\/p>\n","protected":false},"excerpt":{"rendered":"<p>G\u00f6rme Bi\u00e7imi Olarak Foto\u011fraf\u00e7\u0131l\u0131kAlg\u0131lama ve G\u00f6r\u00fcnt\u00fclemeSosyal medyada foto\u011fraf payla\u015f\u0131m\u0131 ve foto\u011fraf ele\u015ftirisine y\u00f6nelik \u00e7evrimi\u00e7i gruplar hakk\u0131nda yeni b\u00f6l\u00fcmler,\u2022 Henri Cartier-Bresson, Man Ray ve Ansel Adams gibi,<span class=\"excerpt-hellip\"> [\u2026]<\/span><\/p>\n","protected":false},"featured_media":0,"template":"","meta":{"_monsterinsights_skip_tracking":false,"_monsterinsights_sitenote_active":false,"_monsterinsights_sitenote_note":"","_monsterinsights_sitenote_category":0},"product_brand":[],"product_cat":[12409,12408],"product_tag":[],"class_list":{"0":"post-768668","1":"product","2":"type-product","3":"status-publish","5":"product_cat-fotograf-sinema-tiyatro","6":"product_cat-sanat","7":"pa_cilt-ciltli","8":"pa_tur-kitap","9":"pa_yayinevi-the-kitap","10":"pa_yazar-john-suler","11":"pa_yazar-richard-d-zakia","13":"first","14":"instock","15":"sale","16":"shipping-taxable","17":"purchasable","18":"product-type-simple"},"_links":{"self":[{"href":"https:\/\/roveyayinevi.com.tr\/index.php\/wp-json\/wp\/v2\/product\/768668","targetHints":{"allow":["GET"]}}],"collection":[{"href":"https:\/\/roveyayinevi.com.tr\/index.php\/wp-json\/wp\/v2\/product"}],"about":[{"href":"https:\/\/roveyayinevi.com.tr\/index.php\/wp-json\/wp\/v2\/types\/product"}],"wp:attachment":[{"href":"https:\/\/roveyayinevi.com.tr\/index.php\/wp-json\/wp\/v2\/media?parent=768668"}],"wp:term":[{"taxonomy":"product_brand","embeddable":true,"href":"https:\/\/roveyayinevi.com.tr\/index.php\/wp-json\/wp\/v2\/product_brand?post=768668"},{"taxonomy":"product_cat","embeddable":true,"href":"https:\/\/roveyayinevi.com.tr\/index.php\/wp-json\/wp\/v2\/product_cat?post=768668"},{"taxonomy":"product_tag","embeddable":true,"href":"https:\/\/roveyayinevi.com.tr\/index.php\/wp-json\/wp\/v2\/product_tag?post=768668"}],"curies":[{"name":"wp","href":"https:\/\/api.w.org\/{rel}","templated":true}]}}