{"id":768666,"date":"2025-08-28T13:28:47","date_gmt":"2025-08-28T10:28:47","guid":{"rendered":"https:\/\/roveyayinevi.com.tr\/index.php\/urun\/utanc-gerekli-mi\/"},"modified":"2026-04-15T03:34:48","modified_gmt":"2026-04-15T00:34:48","slug":"utanc-gerekli-mi","status":"publish","type":"product","link":"https:\/\/roveyayinevi.com.tr\/index.php\/urun\/utanc-gerekli-mi\/","title":{"rendered":"Utan\u00e7 Gerekli mi?"},"content":{"rendered":"<p>Utan\u00e7 Gerekli mi? De\u011fi\u015fim utan\u00e7la sa\u011flanabilir mi? Bu kitap, do\u011fru \u015fekilde ve do\u011fru zamanda uyguland\u0131\u011f\u0131nda utanc\u0131n gezegenimizi ve nihayetinde kendimizi ba\u015far\u0131s\u0131zl\u0131\u011fa u\u011fratmam\u0131z\u0131 nas\u0131l engelleyebilece\u011fine dair tamamen yeni bir anlay\u0131\u015f\u0131 aktar\u0131yor\u2026Jennifer Jacquet bu k\u0131\u015fk\u0131rt\u0131c\u0131 kitab\u0131nda yunuslar\u0131 kurtarmak, i\u015f\u00e7i s\u00f6m\u00fcr\u00fcs\u00fcn\u00fc durdurmak, insanlar\u0131 oy kullanmaya te\u015fvik etmek ve de\u011fi\u015ftirilmek istenen pek \u00e7ok davran\u0131\u015f i\u00e7in utanc\u0131n nas\u0131l kullan\u0131labilece\u011fini g\u00f6steriyor. Bu eski arac\u0131n son derece etkili kullan\u0131m\u0131yla ilgili 7 maddelik de bir k\u0131lavuz sunuyor.Utan\u00e7 elbette karma\u015f\u0131k bir konu ve su\u00e7lulukla yak\u0131ndan ili\u015fkili ancak Jacquet bu duygunun t\u00fcm y\u00f6nlerini ustal\u0131kla ara\u015ft\u0131r\u0131yor, \u00f6rneklerle g\u00f6zler \u00f6n\u00fcne seriyor ve utanc\u0131n bir\u00e7ok k\u00fclt\u00fcrde y\u00fczy\u0131llar boyunca nas\u0131l kullan\u0131ld\u0131\u011f\u0131n\u0131, kullan\u0131m\u0131n\u0131n zaman i\u00e7inde nas\u0131l de\u011fi\u015fti\u011fini g\u00f6stermek i\u00e7in tarihe ve sosyal bilimlere at\u0131fta bulunuyor. Yine de bu kitab\u0131n en \u00f6nemli y\u00f6n\u00fc utand\u0131rman\u0131n ge\u00e7mi\u015fi hakk\u0131nda g\u00f6zler \u00f6n\u00fcne serilenlerden ziyade utand\u0131rman\u0131n gelece\u011fi, yani internet \u00fczerinden utand\u0131rman\u0131n potansiyel g\u00fcc\u00fc. Bu kitapta da savunulan \u015fey, daha iyi bir d\u00fcnya i\u00e7in utanc\u0131n yeniden rehabilite edilmesi.Utan\u00e7 Gerekli mi? arzu edilen davran\u0131\u015f\u0131 te\u015fvik etmek ve sosyal normlar\u0131 uygulamak isteyen her birey veya insan grubuna hitap eden, hem d\u00fc\u015f\u00fcnd\u00fcr\u00fcc\u00fc hem de e\u011flendirici bir k\u0131lavuz.<\/p>\n","protected":false},"excerpt":{"rendered":"<p>Utan\u00e7 Gerekli mi? De\u011fi\u015fim utan\u00e7la sa\u011flanabilir mi? Bu kitap, do\u011fru \u015fekilde ve do\u011fru zamanda uyguland\u0131\u011f\u0131nda utanc\u0131n gezegenimizi ve nihayetinde kendimizi ba\u015far\u0131s\u0131zl\u0131\u011fa u\u011fratmam\u0131z\u0131 nas\u0131l engelleyebilece\u011fine dair tamamen<span class=\"excerpt-hellip\"> [\u2026]<\/span><\/p>\n","protected":false},"featured_media":0,"template":"","meta":{"_monsterinsights_skip_tracking":false,"_monsterinsights_sitenote_active":false,"_monsterinsights_sitenote_note":"","_monsterinsights_sitenote_category":0},"product_brand":[],"product_cat":[12364,12376],"product_tag":[],"class_list":{"0":"post-768666","1":"product","2":"type-product","3":"status-publish","5":"product_cat-genel-konular","6":"product_cat-kisisel-gelisim","7":"pa_cilt-ciltsiz","8":"pa_tur-kitap","9":"pa_yayinevi-the-kitap","10":"pa_yazar-jennifer-jacquet","12":"first","13":"instock","14":"sale","15":"shipping-taxable","16":"purchasable","17":"product-type-simple"},"_links":{"self":[{"href":"https:\/\/roveyayinevi.com.tr\/index.php\/wp-json\/wp\/v2\/product\/768666","targetHints":{"allow":["GET"]}}],"collection":[{"href":"https:\/\/roveyayinevi.com.tr\/index.php\/wp-json\/wp\/v2\/product"}],"about":[{"href":"https:\/\/roveyayinevi.com.tr\/index.php\/wp-json\/wp\/v2\/types\/product"}],"wp:attachment":[{"href":"https:\/\/roveyayinevi.com.tr\/index.php\/wp-json\/wp\/v2\/media?parent=768666"}],"wp:term":[{"taxonomy":"product_brand","embeddable":true,"href":"https:\/\/roveyayinevi.com.tr\/index.php\/wp-json\/wp\/v2\/product_brand?post=768666"},{"taxonomy":"product_cat","embeddable":true,"href":"https:\/\/roveyayinevi.com.tr\/index.php\/wp-json\/wp\/v2\/product_cat?post=768666"},{"taxonomy":"product_tag","embeddable":true,"href":"https:\/\/roveyayinevi.com.tr\/index.php\/wp-json\/wp\/v2\/product_tag?post=768666"}],"curies":[{"name":"wp","href":"https:\/\/api.w.org\/{rel}","templated":true}]}}