{"id":768661,"date":"2025-08-28T13:28:39","date_gmt":"2025-08-28T10:28:39","guid":{"rendered":"https:\/\/roveyayinevi.com.tr\/index.php\/urun\/cinayet-oyunu\/"},"modified":"2025-09-21T20:10:25","modified_gmt":"2025-09-21T17:10:25","slug":"cinayet-oyunu","status":"publish","type":"product","link":"https:\/\/roveyayinevi.com.tr\/index.php\/urun\/cinayet-oyunu\/","title":{"rendered":"Cinayet Oyunu"},"content":{"rendered":"<p>Uluslararas\u0131 \u00e7oksatan psikolojik gerilim romanlar\u0131n\u0131n krali\u00e7esinden yeni bir Stephanie King roman\u0131 daha! Jemma ve Matt, Lucas Jarrett\u2019\u0131n okyanus manzaral\u0131 g\u00f6rkemli evine ilk kez trajediyle sonu\u00e7lanan bir d\u00fc\u011f\u00fcn i\u00e7in davet edilmi\u015fti. Jemma o g\u00fcn ya\u015fananlar\u0131, k\u0131z\u0131n solgun bedeninin kayal\u0131klara do\u011fru \u00f6ylece s\u00fcz\u00fcl\u00fc\u015f\u00fcn\u00fc asla unutmayacakt\u0131.Aradan tam bir y\u0131l ge\u00e7tikten sonra Lucas misafirlerini yeniden evine davet eder. Jemma ve Matt bu davete g\u00f6n\u00fcls\u00fczce kat\u0131l\u0131rlar ancak kar\u015f\u0131la\u015ft\u0131klar\u0131 \u015fey bir y\u0131ld\u00f6n\u00fcm\u00fcnden \u00e7ok daha fazlas\u0131d\u0131r \u00e7\u00fcnk\u00fc Lucas o gece ya\u015fananlara dair ger\u00e7eklerin ortaya \u00e7\u0131kmas\u0131 i\u00e7in zekice bir oyun tasarlam\u0131\u015ft\u0131r.Daha \u00f6nce \u0130\u015fte B\u00f6yle Ba\u015fl\u0131yor kitab\u0131n\u0131 yay\u0131mlad\u0131\u011f\u0131m\u0131z Rachel Abbott Cinayet Oyunu\u2019nda sizi soluk solu\u011fa okuyaca\u011f\u0131n\u0131z yeni bir gizeme s\u00fcr\u00fckl\u00fcyor.\u201cAbbott inan\u0131lmaz bir yetenek.\u201d \u2013DAILY MAIL\u201cGizem dolu bir kurgu!\u201d \u2013CLOSER\u201cKaranl\u0131k bir psikolojik gerilim.\u201d \u2013THE TIMES\u201cCinayet Oyunu sizi tehlikeli sular\u0131n derinlerine \u00e7ekecek.\u201d \u2013SUN<\/p>\n","protected":false},"excerpt":{"rendered":"<p>Uluslararas\u0131 \u00e7oksatan psikolojik gerilim romanlar\u0131n\u0131n krali\u00e7esinden yeni bir Stephanie King roman\u0131 daha! Jemma ve Matt, Lucas Jarrett\u2019\u0131n okyanus manzaral\u0131 g\u00f6rkemli evine ilk kez trajediyle sonu\u00e7lanan bir<span class=\"excerpt-hellip\"> [\u2026]<\/span><\/p>\n","protected":false},"featured_media":0,"template":"","meta":{"_monsterinsights_skip_tracking":false,"_monsterinsights_sitenote_active":false,"_monsterinsights_sitenote_note":"","_monsterinsights_sitenote_category":0},"product_brand":[],"product_cat":[12291,15445],"product_tag":[],"class_list":{"0":"post-768661","1":"product","2":"type-product","3":"status-publish","5":"product_cat-edebiyat","6":"product_cat-polisiye","7":"pa_cilt-ciltsiz","8":"pa_tur-kitap","9":"pa_yayinevi-the-kitap","10":"pa_yazar-rachel-abbot","12":"first","13":"instock","14":"sale","15":"shipping-taxable","16":"purchasable","17":"product-type-simple"},"_links":{"self":[{"href":"https:\/\/roveyayinevi.com.tr\/index.php\/wp-json\/wp\/v2\/product\/768661","targetHints":{"allow":["GET"]}}],"collection":[{"href":"https:\/\/roveyayinevi.com.tr\/index.php\/wp-json\/wp\/v2\/product"}],"about":[{"href":"https:\/\/roveyayinevi.com.tr\/index.php\/wp-json\/wp\/v2\/types\/product"}],"wp:attachment":[{"href":"https:\/\/roveyayinevi.com.tr\/index.php\/wp-json\/wp\/v2\/media?parent=768661"}],"wp:term":[{"taxonomy":"product_brand","embeddable":true,"href":"https:\/\/roveyayinevi.com.tr\/index.php\/wp-json\/wp\/v2\/product_brand?post=768661"},{"taxonomy":"product_cat","embeddable":true,"href":"https:\/\/roveyayinevi.com.tr\/index.php\/wp-json\/wp\/v2\/product_cat?post=768661"},{"taxonomy":"product_tag","embeddable":true,"href":"https:\/\/roveyayinevi.com.tr\/index.php\/wp-json\/wp\/v2\/product_tag?post=768661"}],"curies":[{"name":"wp","href":"https:\/\/api.w.org\/{rel}","templated":true}]}}