{"id":768660,"date":"2025-08-28T13:28:38","date_gmt":"2025-08-28T10:28:38","guid":{"rendered":"https:\/\/roveyayinevi.com.tr\/index.php\/urun\/online-flort-online-romantizm\/"},"modified":"2026-04-15T03:34:48","modified_gmt":"2026-04-15T00:34:48","slug":"online-flort-online-romantizm","status":"publish","type":"product","link":"https:\/\/roveyayinevi.com.tr\/index.php\/urun\/online-flort-online-romantizm\/","title":{"rendered":"Online Fl\u00f6rt Online Romantizm"},"content":{"rendered":"<p>\u201cT\u00fcm d\u00fcnyan\u0131n dijitalle\u015fmesi ile a\u015fk\u0131n kurallar\u0131 yeniden \u015fekilleniyor.\u201dTeknoloji art\u0131k duygusal ili\u015fkilerimizi de y\u00f6netiyor, tutku dolu ili\u015fkileri ba\u015flatmam\u0131z, devam ettirmemiz ve sonland\u0131rmam\u0131z i\u00e7in yepyeni bir d\u00fcnyan\u0131n kap\u0131lar\u0131n\u0131 aral\u0131yor. Kar\u015f\u0131 cinsler aras\u0131 ileti\u015fim h\u0131zlan\u0131yor, ili\u015fkiye ge\u00e7me bi\u00e7imleri \u00e7e\u015fitleniyor. Sosyal medya platformlar\u0131 ve bir\u00e7ok uygulamayla yeni ili\u015fkilere yelken a\u00e7mak bir t\u0131k uza\u011f\u0131m\u0131zda. Herkesin umudu ger\u00e7ekten sevdi\u011fi, sevildi\u011fi ve derin bir ileti\u015fimi sa\u011flad\u0131\u011f\u0131 \u201cdo\u011fru ki\u015fi\u201dyi bulmak. Bu kitap ili\u015fki ve aile dan\u0131\u015fmanl\u0131\u011f\u0131nda uzun y\u0131llar deneyimi olan, uzman \u0130rem Hattat\u2019\u0131n dijital \u00e7a\u011fda \u00e2\u015f\u0131k olmak, kendini sevmek, sevilmek ve yak\u0131nla\u015fman\u0131n de\u011fi\u015fimi \u00fczerine bilgileri, g\u00f6r\u00fc\u015fleri ve \u00e7\u0131kar\u0131mlar\u0131d\u0131r. Bir anlamda a\u00e7\u0131k ya da  kapal\u0131 dijital kimli\u011finiz \u00fczerinden ili\u015fki ya\u015famaktansa ger\u00e7ek \u201chayat\u0131n\u0131z\u0131\u201d nas\u0131l daha iyi bir hale getirebilece\u011finizin de yol haritas\u0131d\u0131r. E\u011fer e\u015f bulma amac\u0131yla online fl\u00f6rt ger\u00e7e\u011fini \u00f6\u011frenmek istiyorsan\u0131z ya da e\u015finizin, fl\u00f6rt\u00fcn\u00fcz\u00fcn ya da hayat arkada\u015f\u0131n\u0131z\u0131n g\u00f6z\u00fcne bakmak yerine g\u00fcnde elli kere ak\u0131ll\u0131 telefonuna bakanlardansan\u0131z, saatlerinizi ger\u00e7ek d\u00fcnyadan ziyade online olarak hi\u00e7 tan\u0131mad\u0131\u011f\u0131n\u0131z ki\u015filerle etkile\u015fimde bulunarak ge\u00e7iriyorsan\u0131z, bu kitap tam da sizin i\u00e7in yaz\u0131ld\u0131.<\/p>\n","protected":false},"excerpt":{"rendered":"<p>\u201cT\u00fcm d\u00fcnyan\u0131n dijitalle\u015fmesi ile a\u015fk\u0131n kurallar\u0131 yeniden \u015fekilleniyor.\u201dTeknoloji art\u0131k duygusal ili\u015fkilerimizi de y\u00f6netiyor, tutku dolu ili\u015fkileri ba\u015flatmam\u0131z, devam ettirmemiz ve sonland\u0131rmam\u0131z i\u00e7in yepyeni bir d\u00fcnyan\u0131n kap\u0131lar\u0131n\u0131<span class=\"excerpt-hellip\"> [\u2026]<\/span><\/p>\n","protected":false},"featured_media":0,"template":"","meta":{"_monsterinsights_skip_tracking":false,"_monsterinsights_sitenote_active":false,"_monsterinsights_sitenote_note":"","_monsterinsights_sitenote_category":0},"product_brand":[],"product_cat":[12364,12376],"product_tag":[],"class_list":{"0":"post-768660","1":"product","2":"type-product","3":"status-publish","5":"product_cat-genel-konular","6":"product_cat-kisisel-gelisim","7":"pa_cilt-ciltsiz","8":"pa_tur-kitap","9":"pa_yayinevi-the-kitap","10":"pa_yazar-irem-hattat","12":"first","13":"instock","14":"sale","15":"shipping-taxable","16":"purchasable","17":"product-type-simple"},"_links":{"self":[{"href":"https:\/\/roveyayinevi.com.tr\/index.php\/wp-json\/wp\/v2\/product\/768660","targetHints":{"allow":["GET"]}}],"collection":[{"href":"https:\/\/roveyayinevi.com.tr\/index.php\/wp-json\/wp\/v2\/product"}],"about":[{"href":"https:\/\/roveyayinevi.com.tr\/index.php\/wp-json\/wp\/v2\/types\/product"}],"wp:attachment":[{"href":"https:\/\/roveyayinevi.com.tr\/index.php\/wp-json\/wp\/v2\/media?parent=768660"}],"wp:term":[{"taxonomy":"product_brand","embeddable":true,"href":"https:\/\/roveyayinevi.com.tr\/index.php\/wp-json\/wp\/v2\/product_brand?post=768660"},{"taxonomy":"product_cat","embeddable":true,"href":"https:\/\/roveyayinevi.com.tr\/index.php\/wp-json\/wp\/v2\/product_cat?post=768660"},{"taxonomy":"product_tag","embeddable":true,"href":"https:\/\/roveyayinevi.com.tr\/index.php\/wp-json\/wp\/v2\/product_tag?post=768660"}],"curies":[{"name":"wp","href":"https:\/\/api.w.org\/{rel}","templated":true}]}}