{"id":768658,"date":"2025-08-28T13:28:35","date_gmt":"2025-08-28T10:28:35","guid":{"rendered":"https:\/\/roveyayinevi.com.tr\/index.php\/urun\/hibrit-insanlar\/"},"modified":"2026-04-15T03:34:48","modified_gmt":"2026-04-15T00:34:48","slug":"hibrit-insanlar","status":"publish","type":"product","link":"https:\/\/roveyayinevi.com.tr\/index.php\/urun\/hibrit-insanlar\/","title":{"rendered":"Hibrit \u0130nsanlar"},"content":{"rendered":"<p>Afganistan\u2019da el yap\u0131m\u0131 bir patlay\u0131c\u0131 nedeniyle bacaklar\u0131n\u0131 kaybetmesiyle hayat\u0131 bir anda de\u011fi\u015fen Harry Parker, rehabilitasyon s\u0131ras\u0131nda insanlar\u0131n bu durumun \u00fcstesinden nas\u0131l geldiklerini g\u00f6r\u00fcp kendi kendine \u015fu soruyu sordu: T\u00fcm insanlar hibritle\u015fiyor mu?Parker Hibrit \u0130nsanlar\u2019da edindi\u011fi yeni kimli\u011finden ve fiziksel engeliyle nas\u0131l m\u00fccadele etti\u011finden bahsederken okuru bir bedenin sahip olabilece\u011fi en g\u00fc\u00e7l\u00fc ve \u00f6zg\u00fcrle\u015ftirici bulu\u015flarla, en yeni robotlarla ve teknolojilerle tan\u0131\u015ft\u0131r\u0131yor.Teknolojinin, insan olman\u0131n ne anlama geldi\u011fine dair anlay\u0131\u015f\u0131n\u0131z\u0131 nas\u0131l de\u011fi\u015ftirece\u011fine inanamayacaks\u0131n\u0131z!\u201cBilimsel icatlarla ilgili olsa da asl\u0131nda kitab\u0131n odak noktas\u0131 insan kalbi ve zihni.\u201d \u2013Observer\u201cHibrit \u0130nsanlar yeni bir d\u00fcnyaya dair b\u00fcy\u00fcleyici bir seyahat rehberi.\u201d \u2013Gavin Francis\u201cM\u00fctevaz\u0131 bir \u00fcslupla kaleme al\u0131nm\u0131\u015f. Ge\u00e7mi\u015fe \u00f6zlem duymadan gelece\u011fe bakman\u0131n yolunu okura g\u00f6steriyor.\u201d \u2013Jeanette Winterson<\/p>\n","protected":false},"excerpt":{"rendered":"<p>Afganistan\u2019da el yap\u0131m\u0131 bir patlay\u0131c\u0131 nedeniyle bacaklar\u0131n\u0131 kaybetmesiyle hayat\u0131 bir anda de\u011fi\u015fen Harry Parker, rehabilitasyon s\u0131ras\u0131nda insanlar\u0131n bu durumun \u00fcstesinden nas\u0131l geldiklerini g\u00f6r\u00fcp kendi kendine \u015fu<span class=\"excerpt-hellip\"> [\u2026]<\/span><\/p>\n","protected":false},"featured_media":0,"template":"","meta":{"_monsterinsights_skip_tracking":false,"_monsterinsights_sitenote_active":false,"_monsterinsights_sitenote_note":"","_monsterinsights_sitenote_category":0},"product_brand":[],"product_cat":[14009,12291],"product_tag":[],"class_list":{"0":"post-768658","1":"product","2":"type-product","3":"status-publish","5":"product_cat-biyografi-otobiyografi-edebiyat","6":"product_cat-edebiyat","7":"pa_cilt-ciltsiz","8":"pa_tur-kitap","9":"pa_yayinevi-the-kitap","10":"pa_yazar-harry-parker","12":"first","13":"instock","14":"sale","15":"shipping-taxable","16":"purchasable","17":"product-type-simple"},"_links":{"self":[{"href":"https:\/\/roveyayinevi.com.tr\/index.php\/wp-json\/wp\/v2\/product\/768658","targetHints":{"allow":["GET"]}}],"collection":[{"href":"https:\/\/roveyayinevi.com.tr\/index.php\/wp-json\/wp\/v2\/product"}],"about":[{"href":"https:\/\/roveyayinevi.com.tr\/index.php\/wp-json\/wp\/v2\/types\/product"}],"wp:attachment":[{"href":"https:\/\/roveyayinevi.com.tr\/index.php\/wp-json\/wp\/v2\/media?parent=768658"}],"wp:term":[{"taxonomy":"product_brand","embeddable":true,"href":"https:\/\/roveyayinevi.com.tr\/index.php\/wp-json\/wp\/v2\/product_brand?post=768658"},{"taxonomy":"product_cat","embeddable":true,"href":"https:\/\/roveyayinevi.com.tr\/index.php\/wp-json\/wp\/v2\/product_cat?post=768658"},{"taxonomy":"product_tag","embeddable":true,"href":"https:\/\/roveyayinevi.com.tr\/index.php\/wp-json\/wp\/v2\/product_tag?post=768658"}],"curies":[{"name":"wp","href":"https:\/\/api.w.org\/{rel}","templated":true}]}}