{"id":768656,"date":"2025-08-28T13:28:32","date_gmt":"2025-08-28T10:28:32","guid":{"rendered":"https:\/\/roveyayinevi.com.tr\/index.php\/urun\/video-pazarlamasi-markalarin-buyumesi-icin-video-kampanyalari-nasil-olusturulur\/"},"modified":"2026-04-15T03:34:48","modified_gmt":"2026-04-15T00:34:48","slug":"video-pazarlamasi-markalarin-buyumesi-icin-video-kampanyalari-nasil-olusturulur","status":"publish","type":"product","link":"https:\/\/roveyayinevi.com.tr\/index.php\/urun\/video-pazarlamasi-markalarin-buyumesi-icin-video-kampanyalari-nasil-olusturulur\/","title":{"rendered":"Video Pazarlamas\u0131, Markalar\u0131n B\u00fcy\u00fcmesi i\u00e7in Video Kampanyalar\u0131 Nas\u0131l Olu\u015fturulur?"},"content":{"rendered":"<p>&#8220;\u00d6nce video&#8221; d\u00fcnyas\u0131nda video, pazarlamac\u0131lar\u0131n marka bilinirli\u011fini art\u0131rmak, t\u00fcketicilerle etkile\u015fim kurmak, web sitesi trafi\u011fini ve sat\u0131\u015flar\u0131 art\u0131rmak i\u00e7in kullanabilecekleri en etkili ara\u00e7lardan biridir.Video Pazarlamas\u0131, harika video kampanyalar\u0131 planlama ve olu\u015fturman\u0131n yan\u0131 s\u0131ra video pazarlamas\u0131n\u0131n ba\u015far\u0131lar\u0131n\u0131 etkinle\u015ftirme, test etme ve \u00f6l\u00e7me konular\u0131n\u0131 ad\u0131m ad\u0131m ve derinlemesine inceliyor. Adidas, Kleenex ve Red Bull gibi k\u00fcresel markalardan \u00f6rnekleri i\u00e7eren bu kitap, \u00e7ok videolu kampanyalar\u0131, canl\u0131 videolar\u0131 ve web seminerleri kullanarak markalar\u0131n hangi video t\u00fcrlerini ve platformlar\u0131 kullanmas\u0131 gerekti\u011fini, belirli bir b\u00fct\u00e7eyle video kampanyalar\u0131 olu\u015fturarak ke\u015ffediyor. En son geli\u015fmeleri i\u00e7eren Video Pazarlamas\u0131, hedef kitlenizi anlama ve reklam a\u011flar\u0131nda alan sat\u0131n alman\u0131n yan\u0131 s\u0131ra ki\u015fiselle\u015ftirilmi\u015f i\u00e7erik ve doland\u0131r\u0131c\u0131l\u0131k, sahte g\u00f6r\u00fcnt\u00fcleme gibi olas\u0131  tuzaklardan ka\u00e7\u0131nma hakk\u0131nda ipu\u00e7lar\u0131 veriyor. Kitapta ayr\u0131ca, bahsi ge\u00e7en kampanyalar i\u00e7in video ba\u011flant\u0131lar\u0131n\u0131 ve eyleme ge\u00e7mek amac\u0131yla kullanabilece\u011finiz indirilebilir bir strateji planlay\u0131c\u0131y\u0131 da i\u00e7eren \u00e7evrimi\u00e7i kaynaklar\u0131 bulabileceksiniz.<\/p>\n","protected":false},"excerpt":{"rendered":"<p>&#8220;\u00d6nce video&#8221; d\u00fcnyas\u0131nda video, pazarlamac\u0131lar\u0131n marka bilinirli\u011fini art\u0131rmak, t\u00fcketicilerle etkile\u015fim kurmak, web sitesi trafi\u011fini ve sat\u0131\u015flar\u0131 art\u0131rmak i\u00e7in kullanabilecekleri en etkili ara\u00e7lardan biridir.Video Pazarlamas\u0131, harika video<span class=\"excerpt-hellip\"> [\u2026]<\/span><\/p>\n","protected":false},"featured_media":0,"template":"","meta":{"_monsterinsights_skip_tracking":false,"_monsterinsights_sitenote_active":false,"_monsterinsights_sitenote_note":"","_monsterinsights_sitenote_category":0},"product_brand":[],"product_cat":[13043,17492],"product_tag":[],"class_list":{"0":"post-768656","1":"product","2":"type-product","3":"status-publish","5":"product_cat-ekonomi","6":"product_cat-pazarlama-satis-reklam","7":"pa_cilt-ciltsiz","8":"pa_tur-kitap","9":"pa_yayinevi-the-kitap","10":"pa_yazar-jon-mowar","12":"first","13":"instock","14":"sale","15":"shipping-taxable","16":"purchasable","17":"product-type-simple"},"_links":{"self":[{"href":"https:\/\/roveyayinevi.com.tr\/index.php\/wp-json\/wp\/v2\/product\/768656","targetHints":{"allow":["GET"]}}],"collection":[{"href":"https:\/\/roveyayinevi.com.tr\/index.php\/wp-json\/wp\/v2\/product"}],"about":[{"href":"https:\/\/roveyayinevi.com.tr\/index.php\/wp-json\/wp\/v2\/types\/product"}],"wp:attachment":[{"href":"https:\/\/roveyayinevi.com.tr\/index.php\/wp-json\/wp\/v2\/media?parent=768656"}],"wp:term":[{"taxonomy":"product_brand","embeddable":true,"href":"https:\/\/roveyayinevi.com.tr\/index.php\/wp-json\/wp\/v2\/product_brand?post=768656"},{"taxonomy":"product_cat","embeddable":true,"href":"https:\/\/roveyayinevi.com.tr\/index.php\/wp-json\/wp\/v2\/product_cat?post=768656"},{"taxonomy":"product_tag","embeddable":true,"href":"https:\/\/roveyayinevi.com.tr\/index.php\/wp-json\/wp\/v2\/product_tag?post=768656"}],"curies":[{"name":"wp","href":"https:\/\/api.w.org\/{rel}","templated":true}]}}