{"id":768655,"date":"2025-08-28T13:28:31","date_gmt":"2025-08-28T10:28:31","guid":{"rendered":"https:\/\/roveyayinevi.com.tr\/index.php\/urun\/yasam-rehberi-kendinizi-daha-iyi-taniyin\/"},"modified":"2026-04-15T03:34:48","modified_gmt":"2026-04-15T00:34:48","slug":"yasam-rehberi-kendinizi-daha-iyi-taniyin","status":"publish","type":"product","link":"https:\/\/roveyayinevi.com.tr\/index.php\/urun\/yasam-rehberi-kendinizi-daha-iyi-taniyin\/","title":{"rendered":"Ya\u015fam Rehberi &#8211; Kendinizi Daha \u0130yi Tan\u0131y\u0131n"},"content":{"rendered":"<p>Sizi en iyi kim tan\u0131r?Annenizden ne \u00f6\u011frendiniz?En son ne zaman yalan s\u00f6ylediniz?Kendinizi arkada\u015f olarak se\u00e7er miydiniz?En korktu\u011funuz film hangisi?\u00c7ok satan Karar Kitab\u0131\u2019n\u0131n yazarlar\u0131ndan kendinize sorman\u0131z gereken k\u0131\u015fk\u0131rt\u0131c\u0131, d\u00fc\u015f\u00fcnd\u00fcr\u00fcc\u00fc, e\u011flenceli ve ger\u00e7ekleri a\u00e7\u0131\u011fa \u00e7\u0131karacak sorular. Anket niteli\u011findeki bu kitap asl\u0131nda ya\u015fam\u0131n\u0131z boyunca rehberiniz olabilir. Tabii sorular\u0131 do\u011fru yan\u0131tlamak ko\u015fuluyla. Ya\u015fam Rehberi, istersen g\u00fcnl\u00fck gibi sana \u00f6zel olsun istersen ba\u015fkalar\u0131yla birlikte cevapla ve zaman\u0131n\u0131 e\u011flenceli hale getir. Bu kitap sayesinde kendinizi, e\u015finizi, ailenizi ve arkada\u015flar\u0131n\u0131z\u0131 daha iyi tan\u0131ma \u015fans\u0131 yakalayabilirsiniz. Kendinizden hi\u00e7bir cevab\u0131 sak\u0131nmay\u0131n!Unutmay\u0131n ki do\u011fru cevap yoktur, yaln\u0131zca do\u011fru sorular vard\u0131r.<\/p>\n","protected":false},"excerpt":{"rendered":"<p>Sizi en iyi kim tan\u0131r?Annenizden ne \u00f6\u011frendiniz?En son ne zaman yalan s\u00f6ylediniz?Kendinizi arkada\u015f olarak se\u00e7er miydiniz?En korktu\u011funuz film hangisi?\u00c7ok satan Karar Kitab\u0131\u2019n\u0131n yazarlar\u0131ndan kendinize sorman\u0131z gereken<span class=\"excerpt-hellip\"> [\u2026]<\/span><\/p>\n","protected":false},"featured_media":0,"template":"","meta":{"_monsterinsights_skip_tracking":false,"_monsterinsights_sitenote_active":false,"_monsterinsights_sitenote_note":"","_monsterinsights_sitenote_category":0},"product_brand":[],"product_cat":[12364,12376],"product_tag":[],"class_list":{"0":"post-768655","1":"product","2":"type-product","3":"status-publish","5":"product_cat-genel-konular","6":"product_cat-kisisel-gelisim","7":"pa_cilt-ciltsiz","8":"pa_tur-kitap","9":"pa_yayinevi-the-kitap","10":"pa_yazar-mikael-krogerus-roman-tschappler","12":"first","13":"instock","14":"sale","15":"shipping-taxable","16":"purchasable","17":"product-type-simple"},"_links":{"self":[{"href":"https:\/\/roveyayinevi.com.tr\/index.php\/wp-json\/wp\/v2\/product\/768655","targetHints":{"allow":["GET"]}}],"collection":[{"href":"https:\/\/roveyayinevi.com.tr\/index.php\/wp-json\/wp\/v2\/product"}],"about":[{"href":"https:\/\/roveyayinevi.com.tr\/index.php\/wp-json\/wp\/v2\/types\/product"}],"wp:attachment":[{"href":"https:\/\/roveyayinevi.com.tr\/index.php\/wp-json\/wp\/v2\/media?parent=768655"}],"wp:term":[{"taxonomy":"product_brand","embeddable":true,"href":"https:\/\/roveyayinevi.com.tr\/index.php\/wp-json\/wp\/v2\/product_brand?post=768655"},{"taxonomy":"product_cat","embeddable":true,"href":"https:\/\/roveyayinevi.com.tr\/index.php\/wp-json\/wp\/v2\/product_cat?post=768655"},{"taxonomy":"product_tag","embeddable":true,"href":"https:\/\/roveyayinevi.com.tr\/index.php\/wp-json\/wp\/v2\/product_tag?post=768655"}],"curies":[{"name":"wp","href":"https:\/\/api.w.org\/{rel}","templated":true}]}}