{"id":768653,"date":"2025-08-28T13:28:28","date_gmt":"2025-08-28T10:28:28","guid":{"rendered":"https:\/\/roveyayinevi.com.tr\/index.php\/urun\/aldonlar\/"},"modified":"2026-04-15T03:34:48","modified_gmt":"2026-04-15T00:34:48","slug":"aldonlar","status":"publish","type":"product","link":"https:\/\/roveyayinevi.com.tr\/index.php\/urun\/aldonlar\/","title":{"rendered":"Aldonlar"},"content":{"rendered":"<p>\u201cHer \u015fey 19 Aral\u0131k g\u00fcn\u00fc G-Force Adventure WhatsApp grubuna att\u0131\u011f\u0131m bir mesajla ba\u015flad\u0131:\u2018Atlantik\u2019i ge\u00e7mek isteyen var m\u0131?\u2019Covid salg\u0131n\u0131 devam ediyordu. A\u015f\u0131lar\u0131m\u0131z\u0131 olmu\u015ftuk ama \u00e7ok da s\u0131k\u0131lm\u0131\u015ft\u0131k. Bu arada ben semptomsuz Covid olmu\u015ftum. Art\u0131k normal hayata d\u00f6nmeliydik.Asl\u0131nda akl\u0131mda, Karayipler\u2019e gidip orada bir haftal\u0131\u011f\u0131na tekne kiralay\u0131p gezmek vard\u0131. Fakat bizden bir hafta i\u00e7in istedikleri tekne kiras\u0131 bizim bir y\u0131ll\u0131k katamaran masraf\u0131m\u0131za e\u015fde\u011ferdi, dolay\u0131s\u0131yla tekne kiralamay\u0131 iktisats\u0131z bulduk. \u2018G-Force\u2019u g\u00f6nderelim,\u2019 dedim. Sonra da, \u2018Neden biz de G-For\u00acce\u2019un beraberinde gitmeyelim,\u2019 dedi arkada\u015flar.<\/p>\n","protected":false},"excerpt":{"rendered":"<p>\u201cHer \u015fey 19 Aral\u0131k g\u00fcn\u00fc G-Force Adventure WhatsApp grubuna att\u0131\u011f\u0131m bir mesajla ba\u015flad\u0131:\u2018Atlantik\u2019i ge\u00e7mek isteyen var m\u0131?\u2019Covid salg\u0131n\u0131 devam ediyordu. A\u015f\u0131lar\u0131m\u0131z\u0131 olmu\u015ftuk ama \u00e7ok da s\u0131k\u0131lm\u0131\u015ft\u0131k.<span class=\"excerpt-hellip\"> [\u2026]<\/span><\/p>\n","protected":false},"featured_media":0,"template":"","meta":{"_monsterinsights_skip_tracking":false,"_monsterinsights_sitenote_active":false,"_monsterinsights_sitenote_note":"","_monsterinsights_sitenote_category":0},"product_brand":[],"product_cat":[13054],"product_tag":[],"class_list":{"0":"post-768653","1":"product","2":"type-product","3":"status-publish","5":"product_cat-gezi-ve-rehber-kitaplari","6":"pa_cilt-ciltsiz","7":"pa_tur-kitap","8":"pa_yayinevi-the-kitap","9":"pa_yazar-murat-ulker","11":"first","12":"instock","13":"sale","14":"shipping-taxable","15":"purchasable","16":"product-type-simple"},"_links":{"self":[{"href":"https:\/\/roveyayinevi.com.tr\/index.php\/wp-json\/wp\/v2\/product\/768653","targetHints":{"allow":["GET"]}}],"collection":[{"href":"https:\/\/roveyayinevi.com.tr\/index.php\/wp-json\/wp\/v2\/product"}],"about":[{"href":"https:\/\/roveyayinevi.com.tr\/index.php\/wp-json\/wp\/v2\/types\/product"}],"wp:attachment":[{"href":"https:\/\/roveyayinevi.com.tr\/index.php\/wp-json\/wp\/v2\/media?parent=768653"}],"wp:term":[{"taxonomy":"product_brand","embeddable":true,"href":"https:\/\/roveyayinevi.com.tr\/index.php\/wp-json\/wp\/v2\/product_brand?post=768653"},{"taxonomy":"product_cat","embeddable":true,"href":"https:\/\/roveyayinevi.com.tr\/index.php\/wp-json\/wp\/v2\/product_cat?post=768653"},{"taxonomy":"product_tag","embeddable":true,"href":"https:\/\/roveyayinevi.com.tr\/index.php\/wp-json\/wp\/v2\/product_tag?post=768653"}],"curies":[{"name":"wp","href":"https:\/\/api.w.org\/{rel}","templated":true}]}}