{"id":768652,"date":"2025-08-28T13:28:26","date_gmt":"2025-08-28T10:28:26","guid":{"rendered":"https:\/\/roveyayinevi.com.tr\/index.php\/urun\/kucuk-prens-gibi-nasil-yasariz\/"},"modified":"2026-04-12T03:26:13","modified_gmt":"2026-04-12T00:26:13","slug":"kucuk-prens-gibi-nasil-yasariz","status":"publish","type":"product","link":"https:\/\/roveyayinevi.com.tr\/index.php\/urun\/kucuk-prens-gibi-nasil-yasariz\/","title":{"rendered":"K\u00fc\u00e7\u00fck Prens Gibi Nas\u0131l Ya\u015far\u0131z?"},"content":{"rendered":"<p>Karma\u015f\u0131k ya\u015famlar\u0131m\u0131z i\u00e7in i\u00e7g\u00f6r\u00fc, ilham ve \u015fefkatle dolu K\u00fc\u00e7\u00fck Prens Gibi Nas\u0131l Ya\u015far\u0131z, Antoine St. Exup\u00e9ry&#8217;nin sevilen hik\u00e2yesinin bilgeli\u011fini okurlar\u0131yla payla\u015f\u0131yor. St\u00e9phane Garnier, bize b\u00fcy\u00fcmeden \u00f6nce kim oldu\u011fumuzu hat\u0131rlat\u0131yor ve ya\u015famak, oynamak ya da g\u00fcnl\u00fck hayat\u0131n i\u00e7inde gizli harikalar\u0131 bulmak i\u00e7in zaman ay\u0131rmay\u0131 \u00f6\u011fretiyor.K\u00fc\u00e7\u00fck Prens Gibi Nas\u0131l Ya\u015far\u0131z&#8217;da St\u00e9phane Garnier, St. Exup\u00e9ry&#8217;nin hik\u00e2yesini yeni ve \u00e7a\u011fda\u015f bir g\u00f6zle yeniden ele al\u0131yor ve K\u00fc\u00e7\u00fck Prens&#8217;in yapt\u0131\u011f\u0131 gibi yava\u015flayarak, b\u00fcy\u00fck hayaller kurarak ve \u00e7ocuklar\u0131m\u0131za al\u00e7akg\u00f6n\u00fcll\u00fc bir nezaket g\u00f6stererek i\u00e7imizdeki K\u00fc\u00e7\u00fck Prens\u2019i korumaya bizleri te\u015fvik ediyor. Her b\u00f6l\u00fcmde Garnier, bize nas\u0131l asi ve d\u00fcr\u00fcst olaca\u011f\u0131m\u0131z, d\u00fcnyada nas\u0131l iz b\u0131rakaca\u011f\u0131m\u0131z, ba\u015fkalar\u0131n\u0131n yarg\u0131lamas\u0131ndan nas\u0131l kurtulaca\u011f\u0131m\u0131z ve yaln\u0131zl\u0131\u011f\u0131 nas\u0131l kabullenece\u011fimiz gibi temel dersleri hat\u0131rlat\u0131yor.K\u00fc\u00e7\u00fck Prens&#8217;in ikonik orijinal \u00e7izimlerinin yan\u0131 s\u0131ra unutulmaz al\u0131nt\u0131lar ve St. Exup\u00e9ry&#8217;nin felsefelerini modern ya\u015fam\u0131n giderek karma\u015f\u0131kla\u015fan taleplerine nas\u0131l uygulayabilece\u011fimize dair d\u00fc\u015f\u00fcnd\u00fcr\u00fcc\u00fc fikirler i\u00e7eren bu kitap, en \u00f6nemli olan\u0131 her ya\u015fta yeniden ke\u015ffetmenizi sa\u011flayacak heyecan verici bir rehber.<\/p>\n","protected":false},"excerpt":{"rendered":"<p>Karma\u015f\u0131k ya\u015famlar\u0131m\u0131z i\u00e7in i\u00e7g\u00f6r\u00fc, ilham ve \u015fefkatle dolu K\u00fc\u00e7\u00fck Prens Gibi Nas\u0131l Ya\u015far\u0131z, Antoine St. Exup\u00e9ry&#8217;nin sevilen hik\u00e2yesinin bilgeli\u011fini okurlar\u0131yla payla\u015f\u0131yor. St\u00e9phane Garnier, bize b\u00fcy\u00fcmeden \u00f6nce<span class=\"excerpt-hellip\"> [\u2026]<\/span><\/p>\n","protected":false},"featured_media":0,"template":"","meta":{"_monsterinsights_skip_tracking":false,"_monsterinsights_sitenote_active":false,"_monsterinsights_sitenote_note":"","_monsterinsights_sitenote_category":0},"product_brand":[],"product_cat":[12364,12376],"product_tag":[],"class_list":{"0":"post-768652","1":"product","2":"type-product","3":"status-publish","5":"product_cat-genel-konular","6":"product_cat-kisisel-gelisim","7":"pa_cilt-ciltsiz","8":"pa_tur-kitap","9":"pa_yayinevi-the-kitap","10":"pa_yazar-stephane-garnier","12":"first","13":"instock","14":"sale","15":"shipping-taxable","16":"purchasable","17":"product-type-simple"},"_links":{"self":[{"href":"https:\/\/roveyayinevi.com.tr\/index.php\/wp-json\/wp\/v2\/product\/768652","targetHints":{"allow":["GET"]}}],"collection":[{"href":"https:\/\/roveyayinevi.com.tr\/index.php\/wp-json\/wp\/v2\/product"}],"about":[{"href":"https:\/\/roveyayinevi.com.tr\/index.php\/wp-json\/wp\/v2\/types\/product"}],"wp:attachment":[{"href":"https:\/\/roveyayinevi.com.tr\/index.php\/wp-json\/wp\/v2\/media?parent=768652"}],"wp:term":[{"taxonomy":"product_brand","embeddable":true,"href":"https:\/\/roveyayinevi.com.tr\/index.php\/wp-json\/wp\/v2\/product_brand?post=768652"},{"taxonomy":"product_cat","embeddable":true,"href":"https:\/\/roveyayinevi.com.tr\/index.php\/wp-json\/wp\/v2\/product_cat?post=768652"},{"taxonomy":"product_tag","embeddable":true,"href":"https:\/\/roveyayinevi.com.tr\/index.php\/wp-json\/wp\/v2\/product_tag?post=768652"}],"curies":[{"name":"wp","href":"https:\/\/api.w.org\/{rel}","templated":true}]}}